{"id":9204,"date":"2023-02-14T17:57:56","date_gmt":"2023-02-14T16:57:56","guid":{"rendered":"https:\/\/horecatech.com\/prodotto\/rompehielos-cocktail-pro\/"},"modified":"2024-05-22T16:16:02","modified_gmt":"2024-05-22T14:16:02","slug":"rompehielos-profesional-cocktail-pro","status":"publish","type":"product","link":"https:\/\/horecatech.com\/es\/prodotto\/rompehielos-profesional-cocktail-pro\/","title":{"rendered":"Triturador \u00abCocktail Pro\u00bb"},"content":{"rendered":"<ul>\n<li>Triturador de hielo profesional ideal para la preparaci\u00f3n de c\u00f3cteles<\/li>\n<li>Cuerpo de acero inoxidable<\/li>\n<li>Vaso de acero AISI 304<\/li>\n<li>Tapa con microinterruptor de seguridad<\/li>\n<li>Cuchillas en acero AISI 304<\/li>\n<li>Pies antivibraci\u00f3n regulables para una estabilidad \u00f3ptima<\/li>\n<li>Motor de escobillas altamente confiable<\/li>\n<\/ul>\n<p><strong>En dotaci\u00f3n:<\/strong><\/p>\n<ul>\n<li>1 juego adicional de escobillas de repuesto<\/li>\n<\/ul>\n","protected":false},"excerpt":{"rendered":"<p>Triturador de hielo profesional ideal para la preparaci\u00f3n de c\u00f3cteles Cuerpo de acero inoxidable Vaso de acero AISI 304 Tapa con microinterruptor de seguridad Cuchillas en acero AISI 304 Pies antivibraci\u00f3n regulables para una estabilidad \u00f3ptima Motor de escobillas altamente confiable En dotaci\u00f3n: 1 juego adicional de escobillas de repuesto<\/p>\n","protected":false},"featured_media":8822,"comment_status":"open","ping_status":"closed","template":"","meta":{"_acf_changed":false},"product_brand":[],"product_cat":[1270],"product_tag":[1410],"class_list":{"0":"post-9204","1":"product","2":"type-product","3":"status-publish","4":"has-post-thumbnail","6":"product_cat-trituradora-de-hielo","7":"product_tag-novedad","8":"pa_capacita-3-l-es","9":"pa_dati-elettrici-230v-50-hz-200w-es","10":"pa_dimensione-19-x-33-x-52-h-cm-es","11":"pa_peso-55-kg-es","13":"first","14":"instock","15":"shipping-taxable","16":"product-type-simple"},"acf":[],"yoast_head":"<!-- This site is optimized with the Yoast SEO plugin v27.3 - https:\/\/yoast.com\/product\/yoast-seo-wordpress\/ -->\n<title>Triturador &quot;Cocktail Pro&quot; - Horecatech<\/title>\n<meta name=\"robots\" content=\"index, follow, max-snippet:-1, max-image-preview:large, max-video-preview:-1\" \/>\n<link rel=\"canonical\" href=\"https:\/\/horecatech.com\/es\/prodotto\/rompehielos-profesional-cocktail-pro\/\" \/>\n<meta property=\"og:locale\" content=\"es_ES\" \/>\n<meta property=\"og:type\" content=\"article\" \/>\n<meta property=\"og:title\" content=\"Triturador &quot;Cocktail Pro&quot; - Horecatech\" \/>\n<meta property=\"og:description\" content=\"Triturador de hielo profesional ideal para la preparaci\u00f3n de c\u00f3cteles Cuerpo de acero inoxidable Vaso de acero AISI 304 Tapa con microinterruptor de seguridad Cuchillas en acero AISI 304 Pies antivibraci\u00f3n regulables para una estabilidad \u00f3ptima Motor de escobillas altamente confiable En dotaci\u00f3n: 1 juego adicional de escobillas de repuesto\" \/>\n<meta property=\"og:url\" content=\"https:\/\/horecatech.com\/es\/prodotto\/rompehielos-profesional-cocktail-pro\/\" \/>\n<meta property=\"og:site_name\" content=\"Horecatech\" \/>\n<meta property=\"article:publisher\" content=\"https:\/\/www.facebook.com\/HorecatechSrl\" \/>\n<meta property=\"article:modified_time\" content=\"2024-05-22T14:16:02+00:00\" \/>\n<meta property=\"og:image\" content=\"https:\/\/horecatech.com\/wp-content\/uploads\/2023\/02\/RS661_sito.png\" \/>\n\t<meta property=\"og:image:width\" content=\"800\" \/>\n\t<meta property=\"og:image:height\" content=\"800\" \/>\n\t<meta property=\"og:image:type\" content=\"image\/png\" \/>\n<meta name=\"twitter:card\" content=\"summary_large_image\" \/>\n<meta name=\"twitter:label1\" content=\"Tiempo de lectura\" \/>\n\t<meta name=\"twitter:data1\" content=\"1 minuto\" \/>\n<script type=\"application\/ld+json\" class=\"yoast-schema-graph\">{\"@context\":\"https:\\\/\\\/schema.org\",\"@graph\":[{\"@type\":\"WebPage\",\"@id\":\"https:\\\/\\\/horecatech.com\\\/es\\\/prodotto\\\/rompehielos-profesional-cocktail-pro\\\/\",\"url\":\"https:\\\/\\\/horecatech.com\\\/es\\\/prodotto\\\/rompehielos-profesional-cocktail-pro\\\/\",\"name\":\"Triturador \\\"Cocktail Pro\\\" - Horecatech\",\"isPartOf\":{\"@id\":\"https:\\\/\\\/horecatech.com\\\/es\\\/#website\"},\"primaryImageOfPage\":{\"@id\":\"https:\\\/\\\/horecatech.com\\\/es\\\/prodotto\\\/rompehielos-profesional-cocktail-pro\\\/#primaryimage\"},\"image\":{\"@id\":\"https:\\\/\\\/horecatech.com\\\/es\\\/prodotto\\\/rompehielos-profesional-cocktail-pro\\\/#primaryimage\"},\"thumbnailUrl\":\"https:\\\/\\\/horecatech.com\\\/wp-content\\\/uploads\\\/2023\\\/02\\\/RS661_sito.png\",\"datePublished\":\"2023-02-14T16:57:56+00:00\",\"dateModified\":\"2024-05-22T14:16:02+00:00\",\"breadcrumb\":{\"@id\":\"https:\\\/\\\/horecatech.com\\\/es\\\/prodotto\\\/rompehielos-profesional-cocktail-pro\\\/#breadcrumb\"},\"inLanguage\":\"es\",\"potentialAction\":[{\"@type\":\"ReadAction\",\"target\":[\"https:\\\/\\\/horecatech.com\\\/es\\\/prodotto\\\/rompehielos-profesional-cocktail-pro\\\/\"]}]},{\"@type\":\"ImageObject\",\"inLanguage\":\"es\",\"@id\":\"https:\\\/\\\/horecatech.com\\\/es\\\/prodotto\\\/rompehielos-profesional-cocktail-pro\\\/#primaryimage\",\"url\":\"https:\\\/\\\/horecatech.com\\\/wp-content\\\/uploads\\\/2023\\\/02\\\/RS661_sito.png\",\"contentUrl\":\"https:\\\/\\\/horecatech.com\\\/wp-content\\\/uploads\\\/2023\\\/02\\\/RS661_sito.png\",\"width\":800,\"height\":800,\"caption\":\"Rompehielos_RS661\"},{\"@type\":\"BreadcrumbList\",\"@id\":\"https:\\\/\\\/horecatech.com\\\/es\\\/prodotto\\\/rompehielos-profesional-cocktail-pro\\\/#breadcrumb\",\"itemListElement\":[{\"@type\":\"ListItem\",\"position\":1,\"name\":\"Home\",\"item\":\"https:\\\/\\\/horecatech.com\\\/es\\\/\"},{\"@type\":\"ListItem\",\"position\":2,\"name\":\"Tienda\",\"item\":\"https:\\\/\\\/horecatech.com\\\/tienda\\\/\"},{\"@type\":\"ListItem\",\"position\":3,\"name\":\"Triturador &#8220;Cocktail Pro&#8221;\"}]},{\"@type\":\"WebSite\",\"@id\":\"https:\\\/\\\/horecatech.com\\\/es\\\/#website\",\"url\":\"https:\\\/\\\/horecatech.com\\\/es\\\/\",\"name\":\"Horecatech\",\"description\":\"Il partner di qualit\u00e0 per le tue attrezzature professionali\",\"publisher\":{\"@id\":\"https:\\\/\\\/horecatech.com\\\/es\\\/#organization\"},\"potentialAction\":[{\"@type\":\"SearchAction\",\"target\":{\"@type\":\"EntryPoint\",\"urlTemplate\":\"https:\\\/\\\/horecatech.com\\\/es\\\/?s={search_term_string}\"},\"query-input\":{\"@type\":\"PropertyValueSpecification\",\"valueRequired\":true,\"valueName\":\"search_term_string\"}}],\"inLanguage\":\"es\"},{\"@type\":\"Organization\",\"@id\":\"https:\\\/\\\/horecatech.com\\\/es\\\/#organization\",\"name\":\"Horecatech Srl\",\"url\":\"https:\\\/\\\/horecatech.com\\\/es\\\/\",\"logo\":{\"@type\":\"ImageObject\",\"inLanguage\":\"es\",\"@id\":\"https:\\\/\\\/horecatech.com\\\/es\\\/#\\\/schema\\\/logo\\\/image\\\/\",\"url\":\"https:\\\/\\\/horecatech.com\\\/wp-content\\\/uploads\\\/2022\\\/12\\\/logo-horecatech.png\",\"contentUrl\":\"https:\\\/\\\/horecatech.com\\\/wp-content\\\/uploads\\\/2022\\\/12\\\/logo-horecatech.png\",\"width\":512,\"height\":512,\"caption\":\"Horecatech Srl\"},\"image\":{\"@id\":\"https:\\\/\\\/horecatech.com\\\/es\\\/#\\\/schema\\\/logo\\\/image\\\/\"},\"sameAs\":[\"https:\\\/\\\/www.facebook.com\\\/HorecatechSrl\",\"https:\\\/\\\/www.instagram.com\\\/horecatechofficial\\\/\"]}]}<\/script>\n<!-- \/ Yoast SEO plugin. -->","yoast_head_json":{"title":"Triturador \"Cocktail Pro\" - Horecatech","robots":{"index":"index","follow":"follow","max-snippet":"max-snippet:-1","max-image-preview":"max-image-preview:large","max-video-preview":"max-video-preview:-1"},"canonical":"https:\/\/horecatech.com\/es\/prodotto\/rompehielos-profesional-cocktail-pro\/","og_locale":"es_ES","og_type":"article","og_title":"Triturador \"Cocktail Pro\" - Horecatech","og_description":"Triturador de hielo profesional ideal para la preparaci\u00f3n de c\u00f3cteles Cuerpo de acero inoxidable Vaso de acero AISI 304 Tapa con microinterruptor de seguridad Cuchillas en acero AISI 304 Pies antivibraci\u00f3n regulables para una estabilidad \u00f3ptima Motor de escobillas altamente confiable En dotaci\u00f3n: 1 juego adicional de escobillas de repuesto","og_url":"https:\/\/horecatech.com\/es\/prodotto\/rompehielos-profesional-cocktail-pro\/","og_site_name":"Horecatech","article_publisher":"https:\/\/www.facebook.com\/HorecatechSrl","article_modified_time":"2024-05-22T14:16:02+00:00","og_image":[{"width":800,"height":800,"url":"https:\/\/horecatech.com\/wp-content\/uploads\/2023\/02\/RS661_sito.png","type":"image\/png"}],"twitter_card":"summary_large_image","twitter_misc":{"Tiempo de lectura":"1 minuto"},"schema":{"@context":"https:\/\/schema.org","@graph":[{"@type":"WebPage","@id":"https:\/\/horecatech.com\/es\/prodotto\/rompehielos-profesional-cocktail-pro\/","url":"https:\/\/horecatech.com\/es\/prodotto\/rompehielos-profesional-cocktail-pro\/","name":"Triturador \"Cocktail Pro\" - Horecatech","isPartOf":{"@id":"https:\/\/horecatech.com\/es\/#website"},"primaryImageOfPage":{"@id":"https:\/\/horecatech.com\/es\/prodotto\/rompehielos-profesional-cocktail-pro\/#primaryimage"},"image":{"@id":"https:\/\/horecatech.com\/es\/prodotto\/rompehielos-profesional-cocktail-pro\/#primaryimage"},"thumbnailUrl":"https:\/\/horecatech.com\/wp-content\/uploads\/2023\/02\/RS661_sito.png","datePublished":"2023-02-14T16:57:56+00:00","dateModified":"2024-05-22T14:16:02+00:00","breadcrumb":{"@id":"https:\/\/horecatech.com\/es\/prodotto\/rompehielos-profesional-cocktail-pro\/#breadcrumb"},"inLanguage":"es","potentialAction":[{"@type":"ReadAction","target":["https:\/\/horecatech.com\/es\/prodotto\/rompehielos-profesional-cocktail-pro\/"]}]},{"@type":"ImageObject","inLanguage":"es","@id":"https:\/\/horecatech.com\/es\/prodotto\/rompehielos-profesional-cocktail-pro\/#primaryimage","url":"https:\/\/horecatech.com\/wp-content\/uploads\/2023\/02\/RS661_sito.png","contentUrl":"https:\/\/horecatech.com\/wp-content\/uploads\/2023\/02\/RS661_sito.png","width":800,"height":800,"caption":"Rompehielos_RS661"},{"@type":"BreadcrumbList","@id":"https:\/\/horecatech.com\/es\/prodotto\/rompehielos-profesional-cocktail-pro\/#breadcrumb","itemListElement":[{"@type":"ListItem","position":1,"name":"Home","item":"https:\/\/horecatech.com\/es\/"},{"@type":"ListItem","position":2,"name":"Tienda","item":"https:\/\/horecatech.com\/tienda\/"},{"@type":"ListItem","position":3,"name":"Triturador &#8220;Cocktail Pro&#8221;"}]},{"@type":"WebSite","@id":"https:\/\/horecatech.com\/es\/#website","url":"https:\/\/horecatech.com\/es\/","name":"Horecatech","description":"Il partner di qualit\u00e0 per le tue attrezzature professionali","publisher":{"@id":"https:\/\/horecatech.com\/es\/#organization"},"potentialAction":[{"@type":"SearchAction","target":{"@type":"EntryPoint","urlTemplate":"https:\/\/horecatech.com\/es\/?s={search_term_string}"},"query-input":{"@type":"PropertyValueSpecification","valueRequired":true,"valueName":"search_term_string"}}],"inLanguage":"es"},{"@type":"Organization","@id":"https:\/\/horecatech.com\/es\/#organization","name":"Horecatech Srl","url":"https:\/\/horecatech.com\/es\/","logo":{"@type":"ImageObject","inLanguage":"es","@id":"https:\/\/horecatech.com\/es\/#\/schema\/logo\/image\/","url":"https:\/\/horecatech.com\/wp-content\/uploads\/2022\/12\/logo-horecatech.png","contentUrl":"https:\/\/horecatech.com\/wp-content\/uploads\/2022\/12\/logo-horecatech.png","width":512,"height":512,"caption":"Horecatech Srl"},"image":{"@id":"https:\/\/horecatech.com\/es\/#\/schema\/logo\/image\/"},"sameAs":["https:\/\/www.facebook.com\/HorecatechSrl","https:\/\/www.instagram.com\/horecatechofficial\/"]}]}},"_links":{"self":[{"href":"https:\/\/horecatech.com\/es\/wp-json\/wp\/v2\/product\/9204","targetHints":{"allow":["GET"]}}],"collection":[{"href":"https:\/\/horecatech.com\/es\/wp-json\/wp\/v2\/product"}],"about":[{"href":"https:\/\/horecatech.com\/es\/wp-json\/wp\/v2\/types\/product"}],"replies":[{"embeddable":true,"href":"https:\/\/horecatech.com\/es\/wp-json\/wp\/v2\/comments?post=9204"}],"wp:featuredmedia":[{"embeddable":true,"href":"https:\/\/horecatech.com\/es\/wp-json\/wp\/v2\/media\/8822"}],"wp:attachment":[{"href":"https:\/\/horecatech.com\/es\/wp-json\/wp\/v2\/media?parent=9204"}],"wp:term":[{"taxonomy":"product_brand","embeddable":true,"href":"https:\/\/horecatech.com\/es\/wp-json\/wp\/v2\/product_brand?post=9204"},{"taxonomy":"product_cat","embeddable":true,"href":"https:\/\/horecatech.com\/es\/wp-json\/wp\/v2\/product_cat?post=9204"},{"taxonomy":"product_tag","embeddable":true,"href":"https:\/\/horecatech.com\/es\/wp-json\/wp\/v2\/product_tag?post=9204"}],"curies":[{"name":"wp","href":"https:\/\/api.w.org\/{rel}","templated":true}]}}