{"id":9198,"date":"2022-09-13T10:47:17","date_gmt":"2022-09-13T08:47:17","guid":{"rendered":"https:\/\/horecatech.com\/prodotto\/sistema-marcellino\/"},"modified":"2024-06-27T17:51:04","modified_gmt":"2024-06-27T15:51:04","slug":"sistema-marcellino","status":"publish","type":"product","link":"https:\/\/horecatech.com\/es\/prodotto\/sistema-marcellino\/","title":{"rendered":"Sistema Marcellino"},"content":{"rendered":"<p>Gracias a la combinaci\u00f3n del <strong>sistema patentado Marcellino<\/strong> y la placa de inducci\u00f3n digital, el trabajo en tu cocina ser\u00e1 m\u00e1s r\u00e1pido, flexible, eficiente y econ\u00f3mico. La interacci\u00f3n de la tecnolog\u00eda de inducci\u00f3n con el sistema patentado Marcellino permite alcanzar altas temperaturas en poco tiempo, ahorrando energ\u00eda sin necesidad de utilizar una toma de corriente de alto voltaje.<\/p>\n<p><strong>Ahorro de emisiones:<\/strong><br \/>\nhasta 7.800 kg de CO2 al a\u00f1o<\/p>\n<p><strong>Ahorro de costos de energ\u00eda (*):<\/strong><br \/>\n9.100 euros al a\u00f1o<\/p>\n<p><strong>Incluye:<\/strong><\/p>\n<ul>\n<li>Caldero multifunci\u00f3n Marcellino<\/li>\n<li>Apoyo Marcellino Mobile<\/li>\n<li>Tapa (con o sin ranuras)<\/li>\n<li>Cobertura de protecci\u00f3n y mantenimiento de la temperatura<\/li>\n<\/ul>\n<p><strong>Completa con el producto:<\/strong><\/p>\n<ul>\n<li>RS615 Inducci\u00f3n 3500 W<\/li>\n<\/ul>\n<p><em>(*) Comparativa actualizada a 12\/2022 con cuecepastas o freidoras alto voltaje<\/em><\/p>\n<p><strong><em>10 razones para comprar el sistema Marcellino<\/em><\/strong><\/p>\n<ol>\n<li>Funciona a 220V<\/li>\n<li>Muy bajo consumo<\/li>\n<li>Amigable con el medio ambiente<\/li>\n<li>Puede cocinar grandes cantidades de comida.<\/li>\n<li>Imprescindible para la restauraci\u00f3n<\/li>\n<li>Muy sencillo de transportar, montar y almacenar en poco espacio<\/li>\n<li>Puede ser usado en el interior y en el exterior<\/li>\n<li>Se puede utilizar para organizar cocinas diferenciadas (intolerancias alimentarias, celiaqu\u00eda, etc.)<\/li>\n<li>Ayuda v\u00e1lida para todas las cocinas y pasteler\u00edas<\/li>\n<li>Estructura ligera pero extremadamente robusta y fiable, por lo tanto segura.<\/li>\n<\/ol>\n<p>&nbsp;<\/p>\n","protected":false},"excerpt":{"rendered":"<p>Gracias a la combinaci\u00f3n del sistema patentado Marcellino y la placa de inducci\u00f3n digital, el trabajo en tu cocina ser\u00e1 m\u00e1s r\u00e1pido, flexible, eficiente y econ\u00f3mico. La interacci\u00f3n de la tecnolog\u00eda de inducci\u00f3n con el sistema patentado Marcellino permite alcanzar altas temperaturas en poco tiempo, ahorrando energ\u00eda sin necesidad de utilizar una toma de corriente [&hellip;]<\/p>\n","protected":false},"featured_media":7967,"comment_status":"open","ping_status":"closed","template":"","meta":{"_acf_changed":false},"product_brand":[],"product_cat":[1436],"product_tag":[],"class_list":{"0":"post-9198","1":"product","2":"type-product","3":"status-publish","4":"has-post-thumbnail","6":"product_cat-sistema-marcellino-es","7":"pa_capacita-23-l-es","8":"pa_capacita-23-l","9":"pa_dimensioni-piastra-340-x-425-x-12-h-mm-es","10":"pa_dimensioni-vasca-33-x-33-x-25-h-cm-es","11":"pa_peso-43-kg-es","12":"pa_piastra-ad-induzione-230-volt-50-60hz-3500-watt-es","14":"first","15":"instock","16":"shipping-taxable","17":"product-type-simple"},"acf":[],"yoast_head":"<!-- This site is optimized with the Yoast SEO plugin v27.3 - https:\/\/yoast.com\/product\/yoast-seo-wordpress\/ -->\n<title>Sistema Marcellino - Horecatech<\/title>\n<meta name=\"robots\" content=\"index, follow, max-snippet:-1, max-image-preview:large, max-video-preview:-1\" \/>\n<link rel=\"canonical\" href=\"https:\/\/horecatech.com\/es\/prodotto\/sistema-marcellino\/\" \/>\n<meta property=\"og:locale\" content=\"es_ES\" \/>\n<meta property=\"og:type\" content=\"article\" \/>\n<meta property=\"og:title\" content=\"Sistema Marcellino - Horecatech\" \/>\n<meta property=\"og:description\" content=\"Gracias a la combinaci\u00f3n del sistema patentado Marcellino y la placa de inducci\u00f3n digital, el trabajo en tu cocina ser\u00e1 m\u00e1s r\u00e1pido, flexible, eficiente y econ\u00f3mico. La interacci\u00f3n de la tecnolog\u00eda de inducci\u00f3n con el sistema patentado Marcellino permite alcanzar altas temperaturas en poco tiempo, ahorrando energ\u00eda sin necesidad de utilizar una toma de corriente [&hellip;]\" \/>\n<meta property=\"og:url\" content=\"https:\/\/horecatech.com\/es\/prodotto\/sistema-marcellino\/\" \/>\n<meta property=\"og:site_name\" content=\"Horecatech\" \/>\n<meta property=\"article:publisher\" content=\"https:\/\/www.facebook.com\/HorecatechSrl\" \/>\n<meta property=\"article:modified_time\" content=\"2024-06-27T15:51:04+00:00\" \/>\n<meta property=\"og:image\" content=\"https:\/\/horecatech.com\/wp-content\/uploads\/2022\/09\/Marcellino.png\" \/>\n\t<meta property=\"og:image:width\" content=\"800\" \/>\n\t<meta property=\"og:image:height\" content=\"800\" \/>\n\t<meta property=\"og:image:type\" content=\"image\/png\" \/>\n<meta name=\"twitter:card\" content=\"summary_large_image\" \/>\n<meta name=\"twitter:label1\" content=\"Tiempo de lectura\" \/>\n\t<meta name=\"twitter:data1\" content=\"2 minutos\" \/>\n<script type=\"application\/ld+json\" class=\"yoast-schema-graph\">{\"@context\":\"https:\\\/\\\/schema.org\",\"@graph\":[{\"@type\":\"WebPage\",\"@id\":\"https:\\\/\\\/horecatech.com\\\/es\\\/prodotto\\\/sistema-marcellino\\\/\",\"url\":\"https:\\\/\\\/horecatech.com\\\/es\\\/prodotto\\\/sistema-marcellino\\\/\",\"name\":\"Sistema Marcellino - Horecatech\",\"isPartOf\":{\"@id\":\"https:\\\/\\\/horecatech.com\\\/es\\\/#website\"},\"primaryImageOfPage\":{\"@id\":\"https:\\\/\\\/horecatech.com\\\/es\\\/prodotto\\\/sistema-marcellino\\\/#primaryimage\"},\"image\":{\"@id\":\"https:\\\/\\\/horecatech.com\\\/es\\\/prodotto\\\/sistema-marcellino\\\/#primaryimage\"},\"thumbnailUrl\":\"https:\\\/\\\/horecatech.com\\\/wp-content\\\/uploads\\\/2022\\\/09\\\/Marcellino.png\",\"datePublished\":\"2022-09-13T08:47:17+00:00\",\"dateModified\":\"2024-06-27T15:51:04+00:00\",\"breadcrumb\":{\"@id\":\"https:\\\/\\\/horecatech.com\\\/es\\\/prodotto\\\/sistema-marcellino\\\/#breadcrumb\"},\"inLanguage\":\"es\",\"potentialAction\":[{\"@type\":\"ReadAction\",\"target\":[\"https:\\\/\\\/horecatech.com\\\/es\\\/prodotto\\\/sistema-marcellino\\\/\"]}]},{\"@type\":\"ImageObject\",\"inLanguage\":\"es\",\"@id\":\"https:\\\/\\\/horecatech.com\\\/es\\\/prodotto\\\/sistema-marcellino\\\/#primaryimage\",\"url\":\"https:\\\/\\\/horecatech.com\\\/wp-content\\\/uploads\\\/2022\\\/09\\\/Marcellino.png\",\"contentUrl\":\"https:\\\/\\\/horecatech.com\\\/wp-content\\\/uploads\\\/2022\\\/09\\\/Marcellino.png\",\"width\":800,\"height\":800},{\"@type\":\"BreadcrumbList\",\"@id\":\"https:\\\/\\\/horecatech.com\\\/es\\\/prodotto\\\/sistema-marcellino\\\/#breadcrumb\",\"itemListElement\":[{\"@type\":\"ListItem\",\"position\":1,\"name\":\"Home\",\"item\":\"https:\\\/\\\/horecatech.com\\\/es\\\/\"},{\"@type\":\"ListItem\",\"position\":2,\"name\":\"Tienda\",\"item\":\"https:\\\/\\\/horecatech.com\\\/tienda\\\/\"},{\"@type\":\"ListItem\",\"position\":3,\"name\":\"Sistema Marcellino\"}]},{\"@type\":\"WebSite\",\"@id\":\"https:\\\/\\\/horecatech.com\\\/es\\\/#website\",\"url\":\"https:\\\/\\\/horecatech.com\\\/es\\\/\",\"name\":\"Horecatech\",\"description\":\"Il partner di qualit\u00e0 per le tue attrezzature professionali\",\"publisher\":{\"@id\":\"https:\\\/\\\/horecatech.com\\\/es\\\/#organization\"},\"potentialAction\":[{\"@type\":\"SearchAction\",\"target\":{\"@type\":\"EntryPoint\",\"urlTemplate\":\"https:\\\/\\\/horecatech.com\\\/es\\\/?s={search_term_string}\"},\"query-input\":{\"@type\":\"PropertyValueSpecification\",\"valueRequired\":true,\"valueName\":\"search_term_string\"}}],\"inLanguage\":\"es\"},{\"@type\":\"Organization\",\"@id\":\"https:\\\/\\\/horecatech.com\\\/es\\\/#organization\",\"name\":\"Horecatech Srl\",\"url\":\"https:\\\/\\\/horecatech.com\\\/es\\\/\",\"logo\":{\"@type\":\"ImageObject\",\"inLanguage\":\"es\",\"@id\":\"https:\\\/\\\/horecatech.com\\\/es\\\/#\\\/schema\\\/logo\\\/image\\\/\",\"url\":\"https:\\\/\\\/horecatech.com\\\/wp-content\\\/uploads\\\/2022\\\/12\\\/logo-horecatech.png\",\"contentUrl\":\"https:\\\/\\\/horecatech.com\\\/wp-content\\\/uploads\\\/2022\\\/12\\\/logo-horecatech.png\",\"width\":512,\"height\":512,\"caption\":\"Horecatech Srl\"},\"image\":{\"@id\":\"https:\\\/\\\/horecatech.com\\\/es\\\/#\\\/schema\\\/logo\\\/image\\\/\"},\"sameAs\":[\"https:\\\/\\\/www.facebook.com\\\/HorecatechSrl\",\"https:\\\/\\\/www.instagram.com\\\/horecatechofficial\\\/\"]}]}<\/script>\n<!-- \/ Yoast SEO plugin. -->","yoast_head_json":{"title":"Sistema Marcellino - Horecatech","robots":{"index":"index","follow":"follow","max-snippet":"max-snippet:-1","max-image-preview":"max-image-preview:large","max-video-preview":"max-video-preview:-1"},"canonical":"https:\/\/horecatech.com\/es\/prodotto\/sistema-marcellino\/","og_locale":"es_ES","og_type":"article","og_title":"Sistema Marcellino - Horecatech","og_description":"Gracias a la combinaci\u00f3n del sistema patentado Marcellino y la placa de inducci\u00f3n digital, el trabajo en tu cocina ser\u00e1 m\u00e1s r\u00e1pido, flexible, eficiente y econ\u00f3mico. La interacci\u00f3n de la tecnolog\u00eda de inducci\u00f3n con el sistema patentado Marcellino permite alcanzar altas temperaturas en poco tiempo, ahorrando energ\u00eda sin necesidad de utilizar una toma de corriente [&hellip;]","og_url":"https:\/\/horecatech.com\/es\/prodotto\/sistema-marcellino\/","og_site_name":"Horecatech","article_publisher":"https:\/\/www.facebook.com\/HorecatechSrl","article_modified_time":"2024-06-27T15:51:04+00:00","og_image":[{"width":800,"height":800,"url":"https:\/\/horecatech.com\/wp-content\/uploads\/2022\/09\/Marcellino.png","type":"image\/png"}],"twitter_card":"summary_large_image","twitter_misc":{"Tiempo de lectura":"2 minutos"},"schema":{"@context":"https:\/\/schema.org","@graph":[{"@type":"WebPage","@id":"https:\/\/horecatech.com\/es\/prodotto\/sistema-marcellino\/","url":"https:\/\/horecatech.com\/es\/prodotto\/sistema-marcellino\/","name":"Sistema Marcellino - Horecatech","isPartOf":{"@id":"https:\/\/horecatech.com\/es\/#website"},"primaryImageOfPage":{"@id":"https:\/\/horecatech.com\/es\/prodotto\/sistema-marcellino\/#primaryimage"},"image":{"@id":"https:\/\/horecatech.com\/es\/prodotto\/sistema-marcellino\/#primaryimage"},"thumbnailUrl":"https:\/\/horecatech.com\/wp-content\/uploads\/2022\/09\/Marcellino.png","datePublished":"2022-09-13T08:47:17+00:00","dateModified":"2024-06-27T15:51:04+00:00","breadcrumb":{"@id":"https:\/\/horecatech.com\/es\/prodotto\/sistema-marcellino\/#breadcrumb"},"inLanguage":"es","potentialAction":[{"@type":"ReadAction","target":["https:\/\/horecatech.com\/es\/prodotto\/sistema-marcellino\/"]}]},{"@type":"ImageObject","inLanguage":"es","@id":"https:\/\/horecatech.com\/es\/prodotto\/sistema-marcellino\/#primaryimage","url":"https:\/\/horecatech.com\/wp-content\/uploads\/2022\/09\/Marcellino.png","contentUrl":"https:\/\/horecatech.com\/wp-content\/uploads\/2022\/09\/Marcellino.png","width":800,"height":800},{"@type":"BreadcrumbList","@id":"https:\/\/horecatech.com\/es\/prodotto\/sistema-marcellino\/#breadcrumb","itemListElement":[{"@type":"ListItem","position":1,"name":"Home","item":"https:\/\/horecatech.com\/es\/"},{"@type":"ListItem","position":2,"name":"Tienda","item":"https:\/\/horecatech.com\/tienda\/"},{"@type":"ListItem","position":3,"name":"Sistema Marcellino"}]},{"@type":"WebSite","@id":"https:\/\/horecatech.com\/es\/#website","url":"https:\/\/horecatech.com\/es\/","name":"Horecatech","description":"Il partner di qualit\u00e0 per le tue attrezzature professionali","publisher":{"@id":"https:\/\/horecatech.com\/es\/#organization"},"potentialAction":[{"@type":"SearchAction","target":{"@type":"EntryPoint","urlTemplate":"https:\/\/horecatech.com\/es\/?s={search_term_string}"},"query-input":{"@type":"PropertyValueSpecification","valueRequired":true,"valueName":"search_term_string"}}],"inLanguage":"es"},{"@type":"Organization","@id":"https:\/\/horecatech.com\/es\/#organization","name":"Horecatech Srl","url":"https:\/\/horecatech.com\/es\/","logo":{"@type":"ImageObject","inLanguage":"es","@id":"https:\/\/horecatech.com\/es\/#\/schema\/logo\/image\/","url":"https:\/\/horecatech.com\/wp-content\/uploads\/2022\/12\/logo-horecatech.png","contentUrl":"https:\/\/horecatech.com\/wp-content\/uploads\/2022\/12\/logo-horecatech.png","width":512,"height":512,"caption":"Horecatech Srl"},"image":{"@id":"https:\/\/horecatech.com\/es\/#\/schema\/logo\/image\/"},"sameAs":["https:\/\/www.facebook.com\/HorecatechSrl","https:\/\/www.instagram.com\/horecatechofficial\/"]}]}},"_links":{"self":[{"href":"https:\/\/horecatech.com\/es\/wp-json\/wp\/v2\/product\/9198","targetHints":{"allow":["GET"]}}],"collection":[{"href":"https:\/\/horecatech.com\/es\/wp-json\/wp\/v2\/product"}],"about":[{"href":"https:\/\/horecatech.com\/es\/wp-json\/wp\/v2\/types\/product"}],"replies":[{"embeddable":true,"href":"https:\/\/horecatech.com\/es\/wp-json\/wp\/v2\/comments?post=9198"}],"wp:featuredmedia":[{"embeddable":true,"href":"https:\/\/horecatech.com\/es\/wp-json\/wp\/v2\/media\/7967"}],"wp:attachment":[{"href":"https:\/\/horecatech.com\/es\/wp-json\/wp\/v2\/media?parent=9198"}],"wp:term":[{"taxonomy":"product_brand","embeddable":true,"href":"https:\/\/horecatech.com\/es\/wp-json\/wp\/v2\/product_brand?post=9198"},{"taxonomy":"product_cat","embeddable":true,"href":"https:\/\/horecatech.com\/es\/wp-json\/wp\/v2\/product_cat?post=9198"},{"taxonomy":"product_tag","embeddable":true,"href":"https:\/\/horecatech.com\/es\/wp-json\/wp\/v2\/product_tag?post=9198"}],"curies":[{"name":"wp","href":"https:\/\/api.w.org\/{rel}","templated":true}]}}