{"id":9110,"date":"2022-09-09T16:00:32","date_gmt":"2022-09-09T14:00:32","guid":{"rendered":"https:\/\/horecatech.com\/prodotto\/sifon-elite-de-s-s\/"},"modified":"2024-08-28T09:59:49","modified_gmt":"2024-08-28T07:59:49","slug":"sifon-elite-de-s-s","status":"publish","type":"product","link":"https:\/\/horecatech.com\/es\/prodotto\/sifon-elite-de-s-s\/","title":{"rendered":"Sif\u00f3n \u00c9LITE de S\/S"},"content":{"rendered":"<ul>\n<li>Variedad de accesorios<\/li>\n<li>Ideal para preparar nata montada, salsas, espumas, guarniciones<\/li>\n<li>Material S\/S AISI 304<\/li>\n<li>Apto para salsas calientes (&lt;= 70 \u00b0C)<\/li>\n<li>Cabezal completamente desmontable para la limpieza completa<\/li>\n<li>Funciona con c\u00e1psulas de N\u2082O 8g (no incluidas)<\/li>\n<\/ul>\n<p><strong>En dotaci\u00f3n:<\/strong><\/p>\n<ul>\n<li>3 toberas dosificadoras de S\/S AISI 304: tipo de decoraci\u00f3n cruz, tulip\u00e1n y acanalado<\/li>\n<li>1 cepillo de limpieza<\/li>\n<li>1 junta de silicona (montada) + 2 juntas extra<\/li>\n<li>JUEGO PARA INFUSI\u00d3N: filtro S\/S AISI 304 con junta de silicona, tubo de ventilaci\u00f3n S\/S AISI 304, tubo de silicona, cepillo.<\/li>\n<li>JUEGO PARA INYECCI\u00d3N: largo de \u00d8 3mm, largo de \u00d8 5mm, corto de \u00d8 3mm, corto de \u00d8 5mm<\/li>\n<\/ul>\n","protected":false},"excerpt":{"rendered":"<p>Variedad de accesorios Ideal para preparar nata montada, salsas, espumas, guarniciones Material S\/S AISI 304 Apto para salsas calientes (&lt;= 70 \u00b0C) Cabezal completamente desmontable para la limpieza completa Funciona con c\u00e1psulas de N\u2082O 8g (no incluidas) En dotaci\u00f3n: 3 toberas dosificadoras de S\/S AISI 304: tipo de decoraci\u00f3n cruz, tulip\u00e1n y acanalado 1 cepillo [&hellip;]<\/p>\n","protected":false},"featured_media":7777,"comment_status":"open","ping_status":"closed","template":"","meta":{"_acf_changed":false},"product_brand":[],"product_cat":[1359],"product_tag":[1040,1039],"class_list":{"0":"post-9110","1":"product","2":"type-product","3":"status-publish","4":"has-post-thumbnail","6":"product_cat-sifones-nata-y-salsas","7":"product_tag-2-anos-de-garantia","8":"product_tag-linea-elite-es","9":"pa_capacita-500-ml-es","11":"first","12":"instock","13":"shipping-taxable","14":"product-type-simple"},"acf":[],"yoast_head":"<!-- This site is optimized with the Yoast SEO plugin v27.3 - https:\/\/yoast.com\/product\/yoast-seo-wordpress\/ -->\n<title>Sif\u00f3n \u00c9LITE de S\/S - Horecatech<\/title>\n<meta name=\"robots\" content=\"index, follow, max-snippet:-1, max-image-preview:large, max-video-preview:-1\" \/>\n<link rel=\"canonical\" href=\"https:\/\/horecatech.com\/es\/prodotto\/sifon-elite-de-s-s\/\" \/>\n<meta property=\"og:locale\" content=\"es_ES\" \/>\n<meta property=\"og:type\" content=\"article\" \/>\n<meta property=\"og:title\" content=\"Sif\u00f3n \u00c9LITE de S\/S - Horecatech\" \/>\n<meta property=\"og:description\" content=\"Variedad de accesorios Ideal para preparar nata montada, salsas, espumas, guarniciones Material S\/S AISI 304 Apto para salsas calientes (&lt;= 70 \u00b0C) Cabezal completamente desmontable para la limpieza completa Funciona con c\u00e1psulas de N\u2082O 8g (no incluidas) En dotaci\u00f3n: 3 toberas dosificadoras de S\/S AISI 304: tipo de decoraci\u00f3n cruz, tulip\u00e1n y acanalado 1 cepillo [&hellip;]\" \/>\n<meta property=\"og:url\" content=\"https:\/\/horecatech.com\/es\/prodotto\/sifon-elite-de-s-s\/\" \/>\n<meta property=\"og:site_name\" content=\"Horecatech\" \/>\n<meta property=\"article:publisher\" content=\"https:\/\/www.facebook.com\/HorecatechSrl\" \/>\n<meta property=\"article:modified_time\" content=\"2024-08-28T07:59:49+00:00\" \/>\n<meta property=\"og:image\" content=\"https:\/\/horecatech.com\/wp-content\/uploads\/2022\/09\/HA098.png\" \/>\n\t<meta property=\"og:image:width\" content=\"800\" \/>\n\t<meta property=\"og:image:height\" content=\"800\" \/>\n\t<meta property=\"og:image:type\" content=\"image\/png\" \/>\n<meta name=\"twitter:card\" content=\"summary_large_image\" \/>\n<meta name=\"twitter:label1\" content=\"Tiempo de lectura\" \/>\n\t<meta name=\"twitter:data1\" content=\"1 minuto\" \/>\n<script type=\"application\/ld+json\" class=\"yoast-schema-graph\">{\"@context\":\"https:\\\/\\\/schema.org\",\"@graph\":[{\"@type\":\"WebPage\",\"@id\":\"https:\\\/\\\/horecatech.com\\\/es\\\/prodotto\\\/sifon-elite-de-s-s\\\/\",\"url\":\"https:\\\/\\\/horecatech.com\\\/es\\\/prodotto\\\/sifon-elite-de-s-s\\\/\",\"name\":\"Sif\u00f3n \u00c9LITE de S\\\/S - Horecatech\",\"isPartOf\":{\"@id\":\"https:\\\/\\\/horecatech.com\\\/es\\\/#website\"},\"primaryImageOfPage\":{\"@id\":\"https:\\\/\\\/horecatech.com\\\/es\\\/prodotto\\\/sifon-elite-de-s-s\\\/#primaryimage\"},\"image\":{\"@id\":\"https:\\\/\\\/horecatech.com\\\/es\\\/prodotto\\\/sifon-elite-de-s-s\\\/#primaryimage\"},\"thumbnailUrl\":\"https:\\\/\\\/horecatech.com\\\/wp-content\\\/uploads\\\/2022\\\/09\\\/HA098.png\",\"datePublished\":\"2022-09-09T14:00:32+00:00\",\"dateModified\":\"2024-08-28T07:59:49+00:00\",\"breadcrumb\":{\"@id\":\"https:\\\/\\\/horecatech.com\\\/es\\\/prodotto\\\/sifon-elite-de-s-s\\\/#breadcrumb\"},\"inLanguage\":\"es\",\"potentialAction\":[{\"@type\":\"ReadAction\",\"target\":[\"https:\\\/\\\/horecatech.com\\\/es\\\/prodotto\\\/sifon-elite-de-s-s\\\/\"]}]},{\"@type\":\"ImageObject\",\"inLanguage\":\"es\",\"@id\":\"https:\\\/\\\/horecatech.com\\\/es\\\/prodotto\\\/sifon-elite-de-s-s\\\/#primaryimage\",\"url\":\"https:\\\/\\\/horecatech.com\\\/wp-content\\\/uploads\\\/2022\\\/09\\\/HA098.png\",\"contentUrl\":\"https:\\\/\\\/horecatech.com\\\/wp-content\\\/uploads\\\/2022\\\/09\\\/HA098.png\",\"width\":800,\"height\":800,\"caption\":\"Sif\u00f3n \u00e9lite de s\\\/s HA098\"},{\"@type\":\"BreadcrumbList\",\"@id\":\"https:\\\/\\\/horecatech.com\\\/es\\\/prodotto\\\/sifon-elite-de-s-s\\\/#breadcrumb\",\"itemListElement\":[{\"@type\":\"ListItem\",\"position\":1,\"name\":\"Home\",\"item\":\"https:\\\/\\\/horecatech.com\\\/es\\\/\"},{\"@type\":\"ListItem\",\"position\":2,\"name\":\"Tienda\",\"item\":\"https:\\\/\\\/horecatech.com\\\/tienda\\\/\"},{\"@type\":\"ListItem\",\"position\":3,\"name\":\"Sif\u00f3n \u00c9LITE de S\\\/S\"}]},{\"@type\":\"WebSite\",\"@id\":\"https:\\\/\\\/horecatech.com\\\/es\\\/#website\",\"url\":\"https:\\\/\\\/horecatech.com\\\/es\\\/\",\"name\":\"Horecatech\",\"description\":\"Il partner di qualit\u00e0 per le tue attrezzature professionali\",\"publisher\":{\"@id\":\"https:\\\/\\\/horecatech.com\\\/es\\\/#organization\"},\"potentialAction\":[{\"@type\":\"SearchAction\",\"target\":{\"@type\":\"EntryPoint\",\"urlTemplate\":\"https:\\\/\\\/horecatech.com\\\/es\\\/?s={search_term_string}\"},\"query-input\":{\"@type\":\"PropertyValueSpecification\",\"valueRequired\":true,\"valueName\":\"search_term_string\"}}],\"inLanguage\":\"es\"},{\"@type\":\"Organization\",\"@id\":\"https:\\\/\\\/horecatech.com\\\/es\\\/#organization\",\"name\":\"Horecatech Srl\",\"url\":\"https:\\\/\\\/horecatech.com\\\/es\\\/\",\"logo\":{\"@type\":\"ImageObject\",\"inLanguage\":\"es\",\"@id\":\"https:\\\/\\\/horecatech.com\\\/es\\\/#\\\/schema\\\/logo\\\/image\\\/\",\"url\":\"https:\\\/\\\/horecatech.com\\\/wp-content\\\/uploads\\\/2022\\\/12\\\/logo-horecatech.png\",\"contentUrl\":\"https:\\\/\\\/horecatech.com\\\/wp-content\\\/uploads\\\/2022\\\/12\\\/logo-horecatech.png\",\"width\":512,\"height\":512,\"caption\":\"Horecatech Srl\"},\"image\":{\"@id\":\"https:\\\/\\\/horecatech.com\\\/es\\\/#\\\/schema\\\/logo\\\/image\\\/\"},\"sameAs\":[\"https:\\\/\\\/www.facebook.com\\\/HorecatechSrl\",\"https:\\\/\\\/www.instagram.com\\\/horecatechofficial\\\/\"]}]}<\/script>\n<!-- \/ Yoast SEO plugin. -->","yoast_head_json":{"title":"Sif\u00f3n \u00c9LITE de S\/S - Horecatech","robots":{"index":"index","follow":"follow","max-snippet":"max-snippet:-1","max-image-preview":"max-image-preview:large","max-video-preview":"max-video-preview:-1"},"canonical":"https:\/\/horecatech.com\/es\/prodotto\/sifon-elite-de-s-s\/","og_locale":"es_ES","og_type":"article","og_title":"Sif\u00f3n \u00c9LITE de S\/S - Horecatech","og_description":"Variedad de accesorios Ideal para preparar nata montada, salsas, espumas, guarniciones Material S\/S AISI 304 Apto para salsas calientes (&lt;= 70 \u00b0C) Cabezal completamente desmontable para la limpieza completa Funciona con c\u00e1psulas de N\u2082O 8g (no incluidas) En dotaci\u00f3n: 3 toberas dosificadoras de S\/S AISI 304: tipo de decoraci\u00f3n cruz, tulip\u00e1n y acanalado 1 cepillo [&hellip;]","og_url":"https:\/\/horecatech.com\/es\/prodotto\/sifon-elite-de-s-s\/","og_site_name":"Horecatech","article_publisher":"https:\/\/www.facebook.com\/HorecatechSrl","article_modified_time":"2024-08-28T07:59:49+00:00","og_image":[{"width":800,"height":800,"url":"https:\/\/horecatech.com\/wp-content\/uploads\/2022\/09\/HA098.png","type":"image\/png"}],"twitter_card":"summary_large_image","twitter_misc":{"Tiempo de lectura":"1 minuto"},"schema":{"@context":"https:\/\/schema.org","@graph":[{"@type":"WebPage","@id":"https:\/\/horecatech.com\/es\/prodotto\/sifon-elite-de-s-s\/","url":"https:\/\/horecatech.com\/es\/prodotto\/sifon-elite-de-s-s\/","name":"Sif\u00f3n \u00c9LITE de S\/S - Horecatech","isPartOf":{"@id":"https:\/\/horecatech.com\/es\/#website"},"primaryImageOfPage":{"@id":"https:\/\/horecatech.com\/es\/prodotto\/sifon-elite-de-s-s\/#primaryimage"},"image":{"@id":"https:\/\/horecatech.com\/es\/prodotto\/sifon-elite-de-s-s\/#primaryimage"},"thumbnailUrl":"https:\/\/horecatech.com\/wp-content\/uploads\/2022\/09\/HA098.png","datePublished":"2022-09-09T14:00:32+00:00","dateModified":"2024-08-28T07:59:49+00:00","breadcrumb":{"@id":"https:\/\/horecatech.com\/es\/prodotto\/sifon-elite-de-s-s\/#breadcrumb"},"inLanguage":"es","potentialAction":[{"@type":"ReadAction","target":["https:\/\/horecatech.com\/es\/prodotto\/sifon-elite-de-s-s\/"]}]},{"@type":"ImageObject","inLanguage":"es","@id":"https:\/\/horecatech.com\/es\/prodotto\/sifon-elite-de-s-s\/#primaryimage","url":"https:\/\/horecatech.com\/wp-content\/uploads\/2022\/09\/HA098.png","contentUrl":"https:\/\/horecatech.com\/wp-content\/uploads\/2022\/09\/HA098.png","width":800,"height":800,"caption":"Sif\u00f3n \u00e9lite de s\/s HA098"},{"@type":"BreadcrumbList","@id":"https:\/\/horecatech.com\/es\/prodotto\/sifon-elite-de-s-s\/#breadcrumb","itemListElement":[{"@type":"ListItem","position":1,"name":"Home","item":"https:\/\/horecatech.com\/es\/"},{"@type":"ListItem","position":2,"name":"Tienda","item":"https:\/\/horecatech.com\/tienda\/"},{"@type":"ListItem","position":3,"name":"Sif\u00f3n \u00c9LITE de S\/S"}]},{"@type":"WebSite","@id":"https:\/\/horecatech.com\/es\/#website","url":"https:\/\/horecatech.com\/es\/","name":"Horecatech","description":"Il partner di qualit\u00e0 per le tue attrezzature professionali","publisher":{"@id":"https:\/\/horecatech.com\/es\/#organization"},"potentialAction":[{"@type":"SearchAction","target":{"@type":"EntryPoint","urlTemplate":"https:\/\/horecatech.com\/es\/?s={search_term_string}"},"query-input":{"@type":"PropertyValueSpecification","valueRequired":true,"valueName":"search_term_string"}}],"inLanguage":"es"},{"@type":"Organization","@id":"https:\/\/horecatech.com\/es\/#organization","name":"Horecatech Srl","url":"https:\/\/horecatech.com\/es\/","logo":{"@type":"ImageObject","inLanguage":"es","@id":"https:\/\/horecatech.com\/es\/#\/schema\/logo\/image\/","url":"https:\/\/horecatech.com\/wp-content\/uploads\/2022\/12\/logo-horecatech.png","contentUrl":"https:\/\/horecatech.com\/wp-content\/uploads\/2022\/12\/logo-horecatech.png","width":512,"height":512,"caption":"Horecatech Srl"},"image":{"@id":"https:\/\/horecatech.com\/es\/#\/schema\/logo\/image\/"},"sameAs":["https:\/\/www.facebook.com\/HorecatechSrl","https:\/\/www.instagram.com\/horecatechofficial\/"]}]}},"_links":{"self":[{"href":"https:\/\/horecatech.com\/es\/wp-json\/wp\/v2\/product\/9110","targetHints":{"allow":["GET"]}}],"collection":[{"href":"https:\/\/horecatech.com\/es\/wp-json\/wp\/v2\/product"}],"about":[{"href":"https:\/\/horecatech.com\/es\/wp-json\/wp\/v2\/types\/product"}],"replies":[{"embeddable":true,"href":"https:\/\/horecatech.com\/es\/wp-json\/wp\/v2\/comments?post=9110"}],"wp:featuredmedia":[{"embeddable":true,"href":"https:\/\/horecatech.com\/es\/wp-json\/wp\/v2\/media\/7777"}],"wp:attachment":[{"href":"https:\/\/horecatech.com\/es\/wp-json\/wp\/v2\/media?parent=9110"}],"wp:term":[{"taxonomy":"product_brand","embeddable":true,"href":"https:\/\/horecatech.com\/es\/wp-json\/wp\/v2\/product_brand?post=9110"},{"taxonomy":"product_cat","embeddable":true,"href":"https:\/\/horecatech.com\/es\/wp-json\/wp\/v2\/product_cat?post=9110"},{"taxonomy":"product_tag","embeddable":true,"href":"https:\/\/horecatech.com\/es\/wp-json\/wp\/v2\/product_tag?post=9110"}],"curies":[{"name":"wp","href":"https:\/\/api.w.org\/{rel}","templated":true}]}}