{"id":9089,"date":"2022-09-09T12:27:22","date_gmt":"2022-09-09T10:27:22","guid":{"rendered":"https:\/\/horecatech.com\/prodotto\/lampara-radiante-de-infrarrojos\/"},"modified":"2024-06-05T16:13:27","modified_gmt":"2024-06-05T14:13:27","slug":"lampara-radiante-de-infrarrojos","status":"publish","type":"product","link":"https:\/\/horecatech.com\/es\/prodotto\/lampara-radiante-de-infrarrojos\/","title":{"rendered":"L\u00e1mpara calefactora por infrarrojos"},"content":{"rendered":"<ul>\n<li>Tubo de infrarrojos con elemento calentador de fibra de carbono de elevada eficiencia<\/li>\n<li>Difusi\u00f3n homog\u00e9nea del calor por irradiaci\u00f3n<\/li>\n<li>Los rayos infrarrojos de onda larga (FIR) garantizan la m\u00e1xima comodidad<\/li>\n<li>4 niveles de potencia 10%, 40%, 60%, 100%<\/li>\n<li>Configuraci\u00f3n de la temperatura en \u00b0C o \u00b0F<\/li>\n<li>Vida \u00fatil del tubo de infrarrojos: 5000 horas aprox. de funcionamiento<\/li>\n<li>Reemplazo del tubo de infrarrojos f\u00e1cil y veloz<\/li>\n<\/ul>\n<p><strong>Otras caracter\u00edsticas<\/strong><\/p>\n<ul>\n<li>LED pantalla<\/li>\n<li>Dispositivo de seguridad para los ni\u00f1os<\/li>\n<li>Protecci\u00f3n sobrecarga<\/li>\n<li>Mando a distancia incluido: funciona con 1 pila CR2025 3V y 2 pilas AAA 1.5V (no incluidas). Sensibilidad del mando a distancia: M\u00c1X 6 m<\/li>\n<li>Longitud del cable 1,7 m<\/li>\n<li>Montaje: instalaci\u00f3n en el cielorraso o en la pared con el \u00e1ngulo deseado, tornillos y escuadras incluidos.<\/li>\n<li>Distancia m\u00ednima a los costados: 50 cm<\/li>\n<li>Distancia m\u00ednima del cielorraso: 50 cm<\/li>\n<li>Distancia m\u00ednima del suelo: 180 cm<\/li>\n<li><strong>OPEN WINDOW DETECTION<\/strong>: El dispositivo se apaga autom\u00e1ticamente si la temperatura del ambiente desciende m\u00e1s de 3 \u00b0C en 2 minutos<\/li>\n<li><strong>SMART HEATING<\/strong>: Para lograr una mayor eficiencia el radiador adapta autom\u00e1ticamente la potencia de calentamiento a la temperatura del ambiente<\/li>\n<li><strong>TEMPORIZADOR<\/strong>: Temporizador de apagado programable hasta 24 h<\/li>\n<\/ul>\n<p><strong>En dotaci\u00f3n:<\/strong><\/p>\n<ul>\n<li>Mando a distancia<\/li>\n<\/ul>\n","protected":false},"excerpt":{"rendered":"<p>Tubo de infrarrojos con elemento calentador de fibra de carbono de elevada eficiencia Difusi\u00f3n homog\u00e9nea del calor por irradiaci\u00f3n Los rayos infrarrojos de onda larga (FIR) garantizan la m\u00e1xima comodidad 4 niveles de potencia 10%, 40%, 60%, 100% Configuraci\u00f3n de la temperatura en \u00b0C o \u00b0F Vida \u00fatil del tubo de infrarrojos: 5000 horas aprox. [&hellip;]<\/p>\n","protected":false},"featured_media":7715,"comment_status":"open","ping_status":"closed","template":"","meta":{"_acf_changed":false},"product_brand":[],"product_cat":[1309],"product_tag":[],"class_list":{"0":"post-9089","1":"product","2":"type-product","3":"status-publish","4":"has-post-thumbnail","6":"product_cat-lamparas-radiantes","7":"pa_dati-elettrici-220v-240v-50-60hz-2400w-es","8":"pa_dimensione-97-x-16-x-8-h-cm-es","9":"pa_peso-455-kg-es","11":"first","12":"instock","13":"shipping-taxable","14":"product-type-simple"},"acf":[],"yoast_head":"<!-- This site is optimized with the Yoast SEO plugin v27.3 - https:\/\/yoast.com\/product\/yoast-seo-wordpress\/ -->\n<title>L\u00e1mpara calefactora por infrarrojos - Horecatech<\/title>\n<meta name=\"robots\" content=\"index, follow, max-snippet:-1, max-image-preview:large, max-video-preview:-1\" \/>\n<link rel=\"canonical\" href=\"https:\/\/horecatech.com\/es\/prodotto\/lampara-radiante-de-infrarrojos\/\" \/>\n<meta property=\"og:locale\" content=\"es_ES\" \/>\n<meta property=\"og:type\" content=\"article\" \/>\n<meta property=\"og:title\" content=\"L\u00e1mpara calefactora por infrarrojos - Horecatech\" \/>\n<meta property=\"og:description\" content=\"Tubo de infrarrojos con elemento calentador de fibra de carbono de elevada eficiencia Difusi\u00f3n homog\u00e9nea del calor por irradiaci\u00f3n Los rayos infrarrojos de onda larga (FIR) garantizan la m\u00e1xima comodidad 4 niveles de potencia 10%, 40%, 60%, 100% Configuraci\u00f3n de la temperatura en \u00b0C o \u00b0F Vida \u00fatil del tubo de infrarrojos: 5000 horas aprox. [&hellip;]\" \/>\n<meta property=\"og:url\" content=\"https:\/\/horecatech.com\/es\/prodotto\/lampara-radiante-de-infrarrojos\/\" \/>\n<meta property=\"og:site_name\" content=\"Horecatech\" \/>\n<meta property=\"article:publisher\" content=\"https:\/\/www.facebook.com\/HorecatechSrl\" \/>\n<meta property=\"article:modified_time\" content=\"2024-06-05T14:13:27+00:00\" \/>\n<meta property=\"og:image\" content=\"https:\/\/horecatech.com\/wp-content\/uploads\/2022\/09\/HA125.png\" \/>\n\t<meta property=\"og:image:width\" content=\"800\" \/>\n\t<meta property=\"og:image:height\" content=\"800\" \/>\n\t<meta property=\"og:image:type\" content=\"image\/png\" \/>\n<meta name=\"twitter:card\" content=\"summary_large_image\" \/>\n<meta name=\"twitter:label1\" content=\"Tiempo de lectura\" \/>\n\t<meta name=\"twitter:data1\" content=\"2 minutos\" \/>\n<script type=\"application\/ld+json\" class=\"yoast-schema-graph\">{\"@context\":\"https:\\\/\\\/schema.org\",\"@graph\":[{\"@type\":\"WebPage\",\"@id\":\"https:\\\/\\\/horecatech.com\\\/es\\\/prodotto\\\/lampara-radiante-de-infrarrojos\\\/\",\"url\":\"https:\\\/\\\/horecatech.com\\\/es\\\/prodotto\\\/lampara-radiante-de-infrarrojos\\\/\",\"name\":\"L\u00e1mpara calefactora por infrarrojos - Horecatech\",\"isPartOf\":{\"@id\":\"https:\\\/\\\/horecatech.com\\\/es\\\/#website\"},\"primaryImageOfPage\":{\"@id\":\"https:\\\/\\\/horecatech.com\\\/es\\\/prodotto\\\/lampara-radiante-de-infrarrojos\\\/#primaryimage\"},\"image\":{\"@id\":\"https:\\\/\\\/horecatech.com\\\/es\\\/prodotto\\\/lampara-radiante-de-infrarrojos\\\/#primaryimage\"},\"thumbnailUrl\":\"https:\\\/\\\/horecatech.com\\\/wp-content\\\/uploads\\\/2022\\\/09\\\/HA125.png\",\"datePublished\":\"2022-09-09T10:27:22+00:00\",\"dateModified\":\"2024-06-05T14:13:27+00:00\",\"breadcrumb\":{\"@id\":\"https:\\\/\\\/horecatech.com\\\/es\\\/prodotto\\\/lampara-radiante-de-infrarrojos\\\/#breadcrumb\"},\"inLanguage\":\"es\",\"potentialAction\":[{\"@type\":\"ReadAction\",\"target\":[\"https:\\\/\\\/horecatech.com\\\/es\\\/prodotto\\\/lampara-radiante-de-infrarrojos\\\/\"]}]},{\"@type\":\"ImageObject\",\"inLanguage\":\"es\",\"@id\":\"https:\\\/\\\/horecatech.com\\\/es\\\/prodotto\\\/lampara-radiante-de-infrarrojos\\\/#primaryimage\",\"url\":\"https:\\\/\\\/horecatech.com\\\/wp-content\\\/uploads\\\/2022\\\/09\\\/HA125.png\",\"contentUrl\":\"https:\\\/\\\/horecatech.com\\\/wp-content\\\/uploads\\\/2022\\\/09\\\/HA125.png\",\"width\":800,\"height\":800,\"caption\":\"L\u00e1mpara radiante de infrarrojos HA125\"},{\"@type\":\"BreadcrumbList\",\"@id\":\"https:\\\/\\\/horecatech.com\\\/es\\\/prodotto\\\/lampara-radiante-de-infrarrojos\\\/#breadcrumb\",\"itemListElement\":[{\"@type\":\"ListItem\",\"position\":1,\"name\":\"Home\",\"item\":\"https:\\\/\\\/horecatech.com\\\/es\\\/\"},{\"@type\":\"ListItem\",\"position\":2,\"name\":\"Tienda\",\"item\":\"https:\\\/\\\/horecatech.com\\\/tienda\\\/\"},{\"@type\":\"ListItem\",\"position\":3,\"name\":\"L\u00e1mpara calefactora por infrarrojos\"}]},{\"@type\":\"WebSite\",\"@id\":\"https:\\\/\\\/horecatech.com\\\/es\\\/#website\",\"url\":\"https:\\\/\\\/horecatech.com\\\/es\\\/\",\"name\":\"Horecatech\",\"description\":\"Il partner di qualit\u00e0 per le tue attrezzature professionali\",\"publisher\":{\"@id\":\"https:\\\/\\\/horecatech.com\\\/es\\\/#organization\"},\"potentialAction\":[{\"@type\":\"SearchAction\",\"target\":{\"@type\":\"EntryPoint\",\"urlTemplate\":\"https:\\\/\\\/horecatech.com\\\/es\\\/?s={search_term_string}\"},\"query-input\":{\"@type\":\"PropertyValueSpecification\",\"valueRequired\":true,\"valueName\":\"search_term_string\"}}],\"inLanguage\":\"es\"},{\"@type\":\"Organization\",\"@id\":\"https:\\\/\\\/horecatech.com\\\/es\\\/#organization\",\"name\":\"Horecatech Srl\",\"url\":\"https:\\\/\\\/horecatech.com\\\/es\\\/\",\"logo\":{\"@type\":\"ImageObject\",\"inLanguage\":\"es\",\"@id\":\"https:\\\/\\\/horecatech.com\\\/es\\\/#\\\/schema\\\/logo\\\/image\\\/\",\"url\":\"https:\\\/\\\/horecatech.com\\\/wp-content\\\/uploads\\\/2022\\\/12\\\/logo-horecatech.png\",\"contentUrl\":\"https:\\\/\\\/horecatech.com\\\/wp-content\\\/uploads\\\/2022\\\/12\\\/logo-horecatech.png\",\"width\":512,\"height\":512,\"caption\":\"Horecatech Srl\"},\"image\":{\"@id\":\"https:\\\/\\\/horecatech.com\\\/es\\\/#\\\/schema\\\/logo\\\/image\\\/\"},\"sameAs\":[\"https:\\\/\\\/www.facebook.com\\\/HorecatechSrl\",\"https:\\\/\\\/www.instagram.com\\\/horecatechofficial\\\/\"]}]}<\/script>\n<!-- \/ Yoast SEO plugin. -->","yoast_head_json":{"title":"L\u00e1mpara calefactora por infrarrojos - Horecatech","robots":{"index":"index","follow":"follow","max-snippet":"max-snippet:-1","max-image-preview":"max-image-preview:large","max-video-preview":"max-video-preview:-1"},"canonical":"https:\/\/horecatech.com\/es\/prodotto\/lampara-radiante-de-infrarrojos\/","og_locale":"es_ES","og_type":"article","og_title":"L\u00e1mpara calefactora por infrarrojos - Horecatech","og_description":"Tubo de infrarrojos con elemento calentador de fibra de carbono de elevada eficiencia Difusi\u00f3n homog\u00e9nea del calor por irradiaci\u00f3n Los rayos infrarrojos de onda larga (FIR) garantizan la m\u00e1xima comodidad 4 niveles de potencia 10%, 40%, 60%, 100% Configuraci\u00f3n de la temperatura en \u00b0C o \u00b0F Vida \u00fatil del tubo de infrarrojos: 5000 horas aprox. [&hellip;]","og_url":"https:\/\/horecatech.com\/es\/prodotto\/lampara-radiante-de-infrarrojos\/","og_site_name":"Horecatech","article_publisher":"https:\/\/www.facebook.com\/HorecatechSrl","article_modified_time":"2024-06-05T14:13:27+00:00","og_image":[{"width":800,"height":800,"url":"https:\/\/horecatech.com\/wp-content\/uploads\/2022\/09\/HA125.png","type":"image\/png"}],"twitter_card":"summary_large_image","twitter_misc":{"Tiempo de lectura":"2 minutos"},"schema":{"@context":"https:\/\/schema.org","@graph":[{"@type":"WebPage","@id":"https:\/\/horecatech.com\/es\/prodotto\/lampara-radiante-de-infrarrojos\/","url":"https:\/\/horecatech.com\/es\/prodotto\/lampara-radiante-de-infrarrojos\/","name":"L\u00e1mpara calefactora por infrarrojos - Horecatech","isPartOf":{"@id":"https:\/\/horecatech.com\/es\/#website"},"primaryImageOfPage":{"@id":"https:\/\/horecatech.com\/es\/prodotto\/lampara-radiante-de-infrarrojos\/#primaryimage"},"image":{"@id":"https:\/\/horecatech.com\/es\/prodotto\/lampara-radiante-de-infrarrojos\/#primaryimage"},"thumbnailUrl":"https:\/\/horecatech.com\/wp-content\/uploads\/2022\/09\/HA125.png","datePublished":"2022-09-09T10:27:22+00:00","dateModified":"2024-06-05T14:13:27+00:00","breadcrumb":{"@id":"https:\/\/horecatech.com\/es\/prodotto\/lampara-radiante-de-infrarrojos\/#breadcrumb"},"inLanguage":"es","potentialAction":[{"@type":"ReadAction","target":["https:\/\/horecatech.com\/es\/prodotto\/lampara-radiante-de-infrarrojos\/"]}]},{"@type":"ImageObject","inLanguage":"es","@id":"https:\/\/horecatech.com\/es\/prodotto\/lampara-radiante-de-infrarrojos\/#primaryimage","url":"https:\/\/horecatech.com\/wp-content\/uploads\/2022\/09\/HA125.png","contentUrl":"https:\/\/horecatech.com\/wp-content\/uploads\/2022\/09\/HA125.png","width":800,"height":800,"caption":"L\u00e1mpara radiante de infrarrojos HA125"},{"@type":"BreadcrumbList","@id":"https:\/\/horecatech.com\/es\/prodotto\/lampara-radiante-de-infrarrojos\/#breadcrumb","itemListElement":[{"@type":"ListItem","position":1,"name":"Home","item":"https:\/\/horecatech.com\/es\/"},{"@type":"ListItem","position":2,"name":"Tienda","item":"https:\/\/horecatech.com\/tienda\/"},{"@type":"ListItem","position":3,"name":"L\u00e1mpara calefactora por infrarrojos"}]},{"@type":"WebSite","@id":"https:\/\/horecatech.com\/es\/#website","url":"https:\/\/horecatech.com\/es\/","name":"Horecatech","description":"Il partner di qualit\u00e0 per le tue attrezzature professionali","publisher":{"@id":"https:\/\/horecatech.com\/es\/#organization"},"potentialAction":[{"@type":"SearchAction","target":{"@type":"EntryPoint","urlTemplate":"https:\/\/horecatech.com\/es\/?s={search_term_string}"},"query-input":{"@type":"PropertyValueSpecification","valueRequired":true,"valueName":"search_term_string"}}],"inLanguage":"es"},{"@type":"Organization","@id":"https:\/\/horecatech.com\/es\/#organization","name":"Horecatech Srl","url":"https:\/\/horecatech.com\/es\/","logo":{"@type":"ImageObject","inLanguage":"es","@id":"https:\/\/horecatech.com\/es\/#\/schema\/logo\/image\/","url":"https:\/\/horecatech.com\/wp-content\/uploads\/2022\/12\/logo-horecatech.png","contentUrl":"https:\/\/horecatech.com\/wp-content\/uploads\/2022\/12\/logo-horecatech.png","width":512,"height":512,"caption":"Horecatech Srl"},"image":{"@id":"https:\/\/horecatech.com\/es\/#\/schema\/logo\/image\/"},"sameAs":["https:\/\/www.facebook.com\/HorecatechSrl","https:\/\/www.instagram.com\/horecatechofficial\/"]}]}},"_links":{"self":[{"href":"https:\/\/horecatech.com\/es\/wp-json\/wp\/v2\/product\/9089","targetHints":{"allow":["GET"]}}],"collection":[{"href":"https:\/\/horecatech.com\/es\/wp-json\/wp\/v2\/product"}],"about":[{"href":"https:\/\/horecatech.com\/es\/wp-json\/wp\/v2\/types\/product"}],"replies":[{"embeddable":true,"href":"https:\/\/horecatech.com\/es\/wp-json\/wp\/v2\/comments?post=9089"}],"wp:featuredmedia":[{"embeddable":true,"href":"https:\/\/horecatech.com\/es\/wp-json\/wp\/v2\/media\/7715"}],"wp:attachment":[{"href":"https:\/\/horecatech.com\/es\/wp-json\/wp\/v2\/media?parent=9089"}],"wp:term":[{"taxonomy":"product_brand","embeddable":true,"href":"https:\/\/horecatech.com\/es\/wp-json\/wp\/v2\/product_brand?post=9089"},{"taxonomy":"product_cat","embeddable":true,"href":"https:\/\/horecatech.com\/es\/wp-json\/wp\/v2\/product_cat?post=9089"},{"taxonomy":"product_tag","embeddable":true,"href":"https:\/\/horecatech.com\/es\/wp-json\/wp\/v2\/product_tag?post=9089"}],"curies":[{"name":"wp","href":"https:\/\/api.w.org\/{rel}","templated":true}]}}