{"id":9082,"date":"2022-09-01T10:45:12","date_gmt":"2022-09-01T08:45:12","guid":{"rendered":"https:\/\/horecatech.com\/prodotto\/lampara-sin-cables-lario-slim\/"},"modified":"2024-06-04T16:36:01","modified_gmt":"2024-06-04T14:36:01","slug":"lampara-sin-cables-lario-slim","status":"publish","type":"product","link":"https:\/\/horecatech.com\/es\/prodotto\/lampara-sin-cables-lario-slim\/","title":{"rendered":"L\u00e1mpara sin cables \u00abLario Slim\u00bb"},"content":{"rendered":"<p><strong>Dise\u00f1o exclusivo Horecatech \u00ae by Patricia Menchero<\/strong><\/p>\n<ul>\n<li>L\u00e1mpara sin cables soft touch de aluminio anodizado<\/li>\n<li>Dimerizador t\u00e1ctil continuo en el tallo<\/li>\n<li>Base con almohadilla de silicona<\/li>\n<li>La \u00fanica l\u00e1mpara sin cables que muestra al usuario el nivel de carga (25%, 50%, 75% y 100%)<\/li>\n<\/ul>\n","protected":false},"excerpt":{"rendered":"<p>Dise\u00f1o exclusivo Horecatech \u00ae by Patricia Menchero L\u00e1mpara sin cables soft touch de aluminio anodizado Dimerizador t\u00e1ctil continuo en el tallo Base con almohadilla de silicona La \u00fanica l\u00e1mpara sin cables que muestra al usuario el nivel de carga (25%, 50%, 75% y 100%)<\/p>\n","protected":false},"featured_media":7533,"comment_status":"open","ping_status":"closed","template":"","meta":{"_acf_changed":false},"product_brand":[],"product_cat":[1501,1296],"product_tag":[1297,1298],"class_list":{"0":"post-9082","1":"product","2":"type-product","3":"status-publish","4":"has-post-thumbnail","6":"product_cat-buffets-y-catering","7":"product_cat-lampara-sin-cables","8":"product_tag-dimerizador-tactil-en-el-pie","9":"product_tag-uso-interno-y-externo","10":"pa_colore-blanco","11":"pa_colore-negro","12":"pa_dati-elettrici-20-led-3-5-w-700-ma-5v-dc-es","13":"pa_dimensione-9-cm-o-345-cm-h-es","14":"pa_peso-460-g-es","16":"first","17":"instock","18":"shipping-taxable","19":"purchasable","20":"product-type-variable","21":"has-default-attributes"},"acf":[],"yoast_head":"<!-- This site is optimized with the Yoast SEO plugin v27.3 - https:\/\/yoast.com\/product\/yoast-seo-wordpress\/ -->\n<title>L\u00e1mpara sin cables &quot;Lario Slim&quot; - Horecatech<\/title>\n<meta name=\"robots\" content=\"index, follow, max-snippet:-1, max-image-preview:large, max-video-preview:-1\" \/>\n<link rel=\"canonical\" href=\"https:\/\/horecatech.com\/es\/prodotto\/lampara-sin-cables-lario-slim\/\" \/>\n<meta property=\"og:locale\" content=\"es_ES\" \/>\n<meta property=\"og:type\" content=\"article\" \/>\n<meta property=\"og:title\" content=\"L\u00e1mpara sin cables &quot;Lario Slim&quot; - Horecatech\" \/>\n<meta property=\"og:description\" content=\"Dise\u00f1o exclusivo Horecatech \u00ae by Patricia Menchero L\u00e1mpara sin cables soft touch de aluminio anodizado Dimerizador t\u00e1ctil continuo en el tallo Base con almohadilla de silicona La \u00fanica l\u00e1mpara sin cables que muestra al usuario el nivel de carga (25%, 50%, 75% y 100%)\" \/>\n<meta property=\"og:url\" content=\"https:\/\/horecatech.com\/es\/prodotto\/lampara-sin-cables-lario-slim\/\" \/>\n<meta property=\"og:site_name\" content=\"Horecatech\" \/>\n<meta property=\"article:publisher\" content=\"https:\/\/www.facebook.com\/HorecatechSrl\" \/>\n<meta property=\"article:modified_time\" content=\"2024-06-04T14:36:01+00:00\" \/>\n<meta property=\"og:image\" content=\"https:\/\/horecatech.com\/wp-content\/uploads\/2022\/09\/HA119.png\" \/>\n\t<meta property=\"og:image:width\" content=\"800\" \/>\n\t<meta property=\"og:image:height\" content=\"800\" \/>\n\t<meta property=\"og:image:type\" content=\"image\/png\" \/>\n<meta name=\"twitter:card\" content=\"summary_large_image\" \/>\n<meta name=\"twitter:label1\" content=\"Tiempo de lectura\" \/>\n\t<meta name=\"twitter:data1\" content=\"1 minuto\" \/>\n<script type=\"application\/ld+json\" class=\"yoast-schema-graph\">{\"@context\":\"https:\\\/\\\/schema.org\",\"@graph\":[{\"@type\":\"WebPage\",\"@id\":\"https:\\\/\\\/horecatech.com\\\/es\\\/prodotto\\\/lampara-sin-cables-lario-slim\\\/\",\"url\":\"https:\\\/\\\/horecatech.com\\\/es\\\/prodotto\\\/lampara-sin-cables-lario-slim\\\/\",\"name\":\"L\u00e1mpara sin cables \\\"Lario Slim\\\" - Horecatech\",\"isPartOf\":{\"@id\":\"https:\\\/\\\/horecatech.com\\\/es\\\/#website\"},\"primaryImageOfPage\":{\"@id\":\"https:\\\/\\\/horecatech.com\\\/es\\\/prodotto\\\/lampara-sin-cables-lario-slim\\\/#primaryimage\"},\"image\":{\"@id\":\"https:\\\/\\\/horecatech.com\\\/es\\\/prodotto\\\/lampara-sin-cables-lario-slim\\\/#primaryimage\"},\"thumbnailUrl\":\"https:\\\/\\\/horecatech.com\\\/wp-content\\\/uploads\\\/2022\\\/09\\\/HA119.png\",\"datePublished\":\"2022-09-01T08:45:12+00:00\",\"dateModified\":\"2024-06-04T14:36:01+00:00\",\"breadcrumb\":{\"@id\":\"https:\\\/\\\/horecatech.com\\\/es\\\/prodotto\\\/lampara-sin-cables-lario-slim\\\/#breadcrumb\"},\"inLanguage\":\"es\",\"potentialAction\":[{\"@type\":\"ReadAction\",\"target\":[\"https:\\\/\\\/horecatech.com\\\/es\\\/prodotto\\\/lampara-sin-cables-lario-slim\\\/\"]}]},{\"@type\":\"ImageObject\",\"inLanguage\":\"es\",\"@id\":\"https:\\\/\\\/horecatech.com\\\/es\\\/prodotto\\\/lampara-sin-cables-lario-slim\\\/#primaryimage\",\"url\":\"https:\\\/\\\/horecatech.com\\\/wp-content\\\/uploads\\\/2022\\\/09\\\/HA119.png\",\"contentUrl\":\"https:\\\/\\\/horecatech.com\\\/wp-content\\\/uploads\\\/2022\\\/09\\\/HA119.png\",\"width\":800,\"height\":800,\"caption\":\"L\u00e1mpara sin cables \\\"Lario Slim\\\" HA119\"},{\"@type\":\"BreadcrumbList\",\"@id\":\"https:\\\/\\\/horecatech.com\\\/es\\\/prodotto\\\/lampara-sin-cables-lario-slim\\\/#breadcrumb\",\"itemListElement\":[{\"@type\":\"ListItem\",\"position\":1,\"name\":\"Home\",\"item\":\"https:\\\/\\\/horecatech.com\\\/es\\\/\"},{\"@type\":\"ListItem\",\"position\":2,\"name\":\"Tienda\",\"item\":\"https:\\\/\\\/horecatech.com\\\/tienda\\\/\"},{\"@type\":\"ListItem\",\"position\":3,\"name\":\"L\u00e1mpara sin cables &#8220;Lario Slim&#8221;\"}]},{\"@type\":\"WebSite\",\"@id\":\"https:\\\/\\\/horecatech.com\\\/es\\\/#website\",\"url\":\"https:\\\/\\\/horecatech.com\\\/es\\\/\",\"name\":\"Horecatech\",\"description\":\"Il partner di qualit\u00e0 per le tue attrezzature professionali\",\"publisher\":{\"@id\":\"https:\\\/\\\/horecatech.com\\\/es\\\/#organization\"},\"potentialAction\":[{\"@type\":\"SearchAction\",\"target\":{\"@type\":\"EntryPoint\",\"urlTemplate\":\"https:\\\/\\\/horecatech.com\\\/es\\\/?s={search_term_string}\"},\"query-input\":{\"@type\":\"PropertyValueSpecification\",\"valueRequired\":true,\"valueName\":\"search_term_string\"}}],\"inLanguage\":\"es\"},{\"@type\":\"Organization\",\"@id\":\"https:\\\/\\\/horecatech.com\\\/es\\\/#organization\",\"name\":\"Horecatech Srl\",\"url\":\"https:\\\/\\\/horecatech.com\\\/es\\\/\",\"logo\":{\"@type\":\"ImageObject\",\"inLanguage\":\"es\",\"@id\":\"https:\\\/\\\/horecatech.com\\\/es\\\/#\\\/schema\\\/logo\\\/image\\\/\",\"url\":\"https:\\\/\\\/horecatech.com\\\/wp-content\\\/uploads\\\/2022\\\/12\\\/logo-horecatech.png\",\"contentUrl\":\"https:\\\/\\\/horecatech.com\\\/wp-content\\\/uploads\\\/2022\\\/12\\\/logo-horecatech.png\",\"width\":512,\"height\":512,\"caption\":\"Horecatech Srl\"},\"image\":{\"@id\":\"https:\\\/\\\/horecatech.com\\\/es\\\/#\\\/schema\\\/logo\\\/image\\\/\"},\"sameAs\":[\"https:\\\/\\\/www.facebook.com\\\/HorecatechSrl\",\"https:\\\/\\\/www.instagram.com\\\/horecatechofficial\\\/\"]}]}<\/script>\n<!-- \/ Yoast SEO plugin. -->","yoast_head_json":{"title":"L\u00e1mpara sin cables \"Lario Slim\" - Horecatech","robots":{"index":"index","follow":"follow","max-snippet":"max-snippet:-1","max-image-preview":"max-image-preview:large","max-video-preview":"max-video-preview:-1"},"canonical":"https:\/\/horecatech.com\/es\/prodotto\/lampara-sin-cables-lario-slim\/","og_locale":"es_ES","og_type":"article","og_title":"L\u00e1mpara sin cables \"Lario Slim\" - Horecatech","og_description":"Dise\u00f1o exclusivo Horecatech \u00ae by Patricia Menchero L\u00e1mpara sin cables soft touch de aluminio anodizado Dimerizador t\u00e1ctil continuo en el tallo Base con almohadilla de silicona La \u00fanica l\u00e1mpara sin cables que muestra al usuario el nivel de carga (25%, 50%, 75% y 100%)","og_url":"https:\/\/horecatech.com\/es\/prodotto\/lampara-sin-cables-lario-slim\/","og_site_name":"Horecatech","article_publisher":"https:\/\/www.facebook.com\/HorecatechSrl","article_modified_time":"2024-06-04T14:36:01+00:00","og_image":[{"width":800,"height":800,"url":"https:\/\/horecatech.com\/wp-content\/uploads\/2022\/09\/HA119.png","type":"image\/png"}],"twitter_card":"summary_large_image","twitter_misc":{"Tiempo de lectura":"1 minuto"},"schema":{"@context":"https:\/\/schema.org","@graph":[{"@type":"WebPage","@id":"https:\/\/horecatech.com\/es\/prodotto\/lampara-sin-cables-lario-slim\/","url":"https:\/\/horecatech.com\/es\/prodotto\/lampara-sin-cables-lario-slim\/","name":"L\u00e1mpara sin cables \"Lario Slim\" - Horecatech","isPartOf":{"@id":"https:\/\/horecatech.com\/es\/#website"},"primaryImageOfPage":{"@id":"https:\/\/horecatech.com\/es\/prodotto\/lampara-sin-cables-lario-slim\/#primaryimage"},"image":{"@id":"https:\/\/horecatech.com\/es\/prodotto\/lampara-sin-cables-lario-slim\/#primaryimage"},"thumbnailUrl":"https:\/\/horecatech.com\/wp-content\/uploads\/2022\/09\/HA119.png","datePublished":"2022-09-01T08:45:12+00:00","dateModified":"2024-06-04T14:36:01+00:00","breadcrumb":{"@id":"https:\/\/horecatech.com\/es\/prodotto\/lampara-sin-cables-lario-slim\/#breadcrumb"},"inLanguage":"es","potentialAction":[{"@type":"ReadAction","target":["https:\/\/horecatech.com\/es\/prodotto\/lampara-sin-cables-lario-slim\/"]}]},{"@type":"ImageObject","inLanguage":"es","@id":"https:\/\/horecatech.com\/es\/prodotto\/lampara-sin-cables-lario-slim\/#primaryimage","url":"https:\/\/horecatech.com\/wp-content\/uploads\/2022\/09\/HA119.png","contentUrl":"https:\/\/horecatech.com\/wp-content\/uploads\/2022\/09\/HA119.png","width":800,"height":800,"caption":"L\u00e1mpara sin cables \"Lario Slim\" HA119"},{"@type":"BreadcrumbList","@id":"https:\/\/horecatech.com\/es\/prodotto\/lampara-sin-cables-lario-slim\/#breadcrumb","itemListElement":[{"@type":"ListItem","position":1,"name":"Home","item":"https:\/\/horecatech.com\/es\/"},{"@type":"ListItem","position":2,"name":"Tienda","item":"https:\/\/horecatech.com\/tienda\/"},{"@type":"ListItem","position":3,"name":"L\u00e1mpara sin cables &#8220;Lario Slim&#8221;"}]},{"@type":"WebSite","@id":"https:\/\/horecatech.com\/es\/#website","url":"https:\/\/horecatech.com\/es\/","name":"Horecatech","description":"Il partner di qualit\u00e0 per le tue attrezzature professionali","publisher":{"@id":"https:\/\/horecatech.com\/es\/#organization"},"potentialAction":[{"@type":"SearchAction","target":{"@type":"EntryPoint","urlTemplate":"https:\/\/horecatech.com\/es\/?s={search_term_string}"},"query-input":{"@type":"PropertyValueSpecification","valueRequired":true,"valueName":"search_term_string"}}],"inLanguage":"es"},{"@type":"Organization","@id":"https:\/\/horecatech.com\/es\/#organization","name":"Horecatech Srl","url":"https:\/\/horecatech.com\/es\/","logo":{"@type":"ImageObject","inLanguage":"es","@id":"https:\/\/horecatech.com\/es\/#\/schema\/logo\/image\/","url":"https:\/\/horecatech.com\/wp-content\/uploads\/2022\/12\/logo-horecatech.png","contentUrl":"https:\/\/horecatech.com\/wp-content\/uploads\/2022\/12\/logo-horecatech.png","width":512,"height":512,"caption":"Horecatech Srl"},"image":{"@id":"https:\/\/horecatech.com\/es\/#\/schema\/logo\/image\/"},"sameAs":["https:\/\/www.facebook.com\/HorecatechSrl","https:\/\/www.instagram.com\/horecatechofficial\/"]}]}},"_links":{"self":[{"href":"https:\/\/horecatech.com\/es\/wp-json\/wp\/v2\/product\/9082","targetHints":{"allow":["GET"]}}],"collection":[{"href":"https:\/\/horecatech.com\/es\/wp-json\/wp\/v2\/product"}],"about":[{"href":"https:\/\/horecatech.com\/es\/wp-json\/wp\/v2\/types\/product"}],"replies":[{"embeddable":true,"href":"https:\/\/horecatech.com\/es\/wp-json\/wp\/v2\/comments?post=9082"}],"wp:featuredmedia":[{"embeddable":true,"href":"https:\/\/horecatech.com\/es\/wp-json\/wp\/v2\/media\/7533"}],"wp:attachment":[{"href":"https:\/\/horecatech.com\/es\/wp-json\/wp\/v2\/media?parent=9082"}],"wp:term":[{"taxonomy":"product_brand","embeddable":true,"href":"https:\/\/horecatech.com\/es\/wp-json\/wp\/v2\/product_brand?post=9082"},{"taxonomy":"product_cat","embeddable":true,"href":"https:\/\/horecatech.com\/es\/wp-json\/wp\/v2\/product_cat?post=9082"},{"taxonomy":"product_tag","embeddable":true,"href":"https:\/\/horecatech.com\/es\/wp-json\/wp\/v2\/product_tag?post=9082"}],"curies":[{"name":"wp","href":"https:\/\/api.w.org\/{rel}","templated":true}]}}