{"id":9070,"date":"2022-09-09T11:13:37","date_gmt":"2022-09-09T09:13:37","guid":{"rendered":"https:\/\/horecatech.com\/prodotto\/fabricador-de-helio\/"},"modified":"2024-05-22T15:54:29","modified_gmt":"2024-05-22T13:54:29","slug":"fabricador-de-helio","status":"publish","type":"product","link":"https:\/\/horecatech.com\/es\/prodotto\/fabricador-de-helio\/","title":{"rendered":"Fabricador de hielo"},"content":{"rendered":"<ul>\n<li>Cuerpo m\u00e1quina de S\/S<\/li>\n<li>Tapa de ABS<\/li>\n<li>Troquel para cubitos S\/S<\/li>\n<li>Capacidad: 20\/22 kg en 24 horas (duraci\u00f3n ciclo 13 minutos)<\/li>\n<li>Producci\u00f3n de 24 cubitos de 23 mm por ciclo (hielo compacto brillante y transparente)<\/li>\n<li>Dep\u00f3sito de 3,2 litros con descarga para la limpieza<\/li>\n<li>Sin conexi\u00f3n a la red h\u00eddrica<\/li>\n<li>Ciclo de descalcificaci\u00f3n<\/li>\n<li>Refrigerante de bajo impacto medioambiental R290<\/li>\n<li>Temperatura externa de funcionamiento: 10\u00b0C ~ 40\u00b0C<\/li>\n<\/ul>\n","protected":false},"excerpt":{"rendered":"<p>Cuerpo m\u00e1quina de S\/S Tapa de ABS Troquel para cubitos S\/S Capacidad: 20\/22 kg en 24 horas (duraci\u00f3n ciclo 13 minutos) Producci\u00f3n de 24 cubitos de 23 mm por ciclo (hielo compacto brillante y transparente) Dep\u00f3sito de 3,2 litros con descarga para la limpieza Sin conexi\u00f3n a la red h\u00eddrica Ciclo de descalcificaci\u00f3n Refrigerante de [&hellip;]<\/p>\n","protected":false},"featured_media":7685,"comment_status":"open","ping_status":"closed","template":"","meta":{"_acf_changed":false},"product_brand":[],"product_cat":[1265],"product_tag":[],"class_list":{"0":"post-9070","1":"product","2":"type-product","3":"status-publish","4":"has-post-thumbnail","6":"product_cat-maquina-de-helio","7":"pa_dati-elettrici-220-240v-50hz-160w-es","8":"pa_dimensione-25-x-36-x-37-h-cm-es","9":"pa_peso-95-kg-es","10":"pa_produttivita-20-22-kg-per-24-h-es","12":"first","13":"instock","14":"shipping-taxable","15":"product-type-simple"},"acf":[],"yoast_head":"<!-- This site is optimized with the Yoast SEO plugin v27.3 - https:\/\/yoast.com\/product\/yoast-seo-wordpress\/ -->\n<title>Fabricador de hielo - Horecatech<\/title>\n<meta name=\"robots\" content=\"index, follow, max-snippet:-1, max-image-preview:large, max-video-preview:-1\" \/>\n<link rel=\"canonical\" href=\"https:\/\/horecatech.com\/es\/prodotto\/fabricador-de-helio\/\" \/>\n<meta property=\"og:locale\" content=\"es_ES\" \/>\n<meta property=\"og:type\" content=\"article\" \/>\n<meta property=\"og:title\" content=\"Fabricador de hielo - Horecatech\" \/>\n<meta property=\"og:description\" content=\"Cuerpo m\u00e1quina de S\/S Tapa de ABS Troquel para cubitos S\/S Capacidad: 20\/22 kg en 24 horas (duraci\u00f3n ciclo 13 minutos) Producci\u00f3n de 24 cubitos de 23 mm por ciclo (hielo compacto brillante y transparente) Dep\u00f3sito de 3,2 litros con descarga para la limpieza Sin conexi\u00f3n a la red h\u00eddrica Ciclo de descalcificaci\u00f3n Refrigerante de [&hellip;]\" \/>\n<meta property=\"og:url\" content=\"https:\/\/horecatech.com\/es\/prodotto\/fabricador-de-helio\/\" \/>\n<meta property=\"og:site_name\" content=\"Horecatech\" \/>\n<meta property=\"article:publisher\" content=\"https:\/\/www.facebook.com\/HorecatechSrl\" \/>\n<meta property=\"article:modified_time\" content=\"2024-05-22T13:54:29+00:00\" \/>\n<meta property=\"og:image\" content=\"https:\/\/horecatech.com\/wp-content\/uploads\/2022\/09\/RS637.png\" \/>\n\t<meta property=\"og:image:width\" content=\"800\" \/>\n\t<meta property=\"og:image:height\" content=\"800\" \/>\n\t<meta property=\"og:image:type\" content=\"image\/png\" \/>\n<meta name=\"twitter:card\" content=\"summary_large_image\" \/>\n<meta name=\"twitter:label1\" content=\"Tiempo de lectura\" \/>\n\t<meta name=\"twitter:data1\" content=\"1 minuto\" \/>\n<script type=\"application\/ld+json\" class=\"yoast-schema-graph\">{\"@context\":\"https:\\\/\\\/schema.org\",\"@graph\":[{\"@type\":\"WebPage\",\"@id\":\"https:\\\/\\\/horecatech.com\\\/es\\\/prodotto\\\/fabricador-de-helio\\\/\",\"url\":\"https:\\\/\\\/horecatech.com\\\/es\\\/prodotto\\\/fabricador-de-helio\\\/\",\"name\":\"Fabricador de hielo - Horecatech\",\"isPartOf\":{\"@id\":\"https:\\\/\\\/horecatech.com\\\/es\\\/#website\"},\"primaryImageOfPage\":{\"@id\":\"https:\\\/\\\/horecatech.com\\\/es\\\/prodotto\\\/fabricador-de-helio\\\/#primaryimage\"},\"image\":{\"@id\":\"https:\\\/\\\/horecatech.com\\\/es\\\/prodotto\\\/fabricador-de-helio\\\/#primaryimage\"},\"thumbnailUrl\":\"https:\\\/\\\/horecatech.com\\\/wp-content\\\/uploads\\\/2022\\\/09\\\/RS637.png\",\"datePublished\":\"2022-09-09T09:13:37+00:00\",\"dateModified\":\"2024-05-22T13:54:29+00:00\",\"breadcrumb\":{\"@id\":\"https:\\\/\\\/horecatech.com\\\/es\\\/prodotto\\\/fabricador-de-helio\\\/#breadcrumb\"},\"inLanguage\":\"es\",\"potentialAction\":[{\"@type\":\"ReadAction\",\"target\":[\"https:\\\/\\\/horecatech.com\\\/es\\\/prodotto\\\/fabricador-de-helio\\\/\"]}]},{\"@type\":\"ImageObject\",\"inLanguage\":\"es\",\"@id\":\"https:\\\/\\\/horecatech.com\\\/es\\\/prodotto\\\/fabricador-de-helio\\\/#primaryimage\",\"url\":\"https:\\\/\\\/horecatech.com\\\/wp-content\\\/uploads\\\/2022\\\/09\\\/RS637.png\",\"contentUrl\":\"https:\\\/\\\/horecatech.com\\\/wp-content\\\/uploads\\\/2022\\\/09\\\/RS637.png\",\"width\":800,\"height\":800,\"caption\":\"Fabricador de helio RS637\"},{\"@type\":\"BreadcrumbList\",\"@id\":\"https:\\\/\\\/horecatech.com\\\/es\\\/prodotto\\\/fabricador-de-helio\\\/#breadcrumb\",\"itemListElement\":[{\"@type\":\"ListItem\",\"position\":1,\"name\":\"Home\",\"item\":\"https:\\\/\\\/horecatech.com\\\/es\\\/\"},{\"@type\":\"ListItem\",\"position\":2,\"name\":\"Tienda\",\"item\":\"https:\\\/\\\/horecatech.com\\\/tienda\\\/\"},{\"@type\":\"ListItem\",\"position\":3,\"name\":\"Fabricador de hielo\"}]},{\"@type\":\"WebSite\",\"@id\":\"https:\\\/\\\/horecatech.com\\\/es\\\/#website\",\"url\":\"https:\\\/\\\/horecatech.com\\\/es\\\/\",\"name\":\"Horecatech\",\"description\":\"Il partner di qualit\u00e0 per le tue attrezzature professionali\",\"publisher\":{\"@id\":\"https:\\\/\\\/horecatech.com\\\/es\\\/#organization\"},\"potentialAction\":[{\"@type\":\"SearchAction\",\"target\":{\"@type\":\"EntryPoint\",\"urlTemplate\":\"https:\\\/\\\/horecatech.com\\\/es\\\/?s={search_term_string}\"},\"query-input\":{\"@type\":\"PropertyValueSpecification\",\"valueRequired\":true,\"valueName\":\"search_term_string\"}}],\"inLanguage\":\"es\"},{\"@type\":\"Organization\",\"@id\":\"https:\\\/\\\/horecatech.com\\\/es\\\/#organization\",\"name\":\"Horecatech Srl\",\"url\":\"https:\\\/\\\/horecatech.com\\\/es\\\/\",\"logo\":{\"@type\":\"ImageObject\",\"inLanguage\":\"es\",\"@id\":\"https:\\\/\\\/horecatech.com\\\/es\\\/#\\\/schema\\\/logo\\\/image\\\/\",\"url\":\"https:\\\/\\\/horecatech.com\\\/wp-content\\\/uploads\\\/2022\\\/12\\\/logo-horecatech.png\",\"contentUrl\":\"https:\\\/\\\/horecatech.com\\\/wp-content\\\/uploads\\\/2022\\\/12\\\/logo-horecatech.png\",\"width\":512,\"height\":512,\"caption\":\"Horecatech Srl\"},\"image\":{\"@id\":\"https:\\\/\\\/horecatech.com\\\/es\\\/#\\\/schema\\\/logo\\\/image\\\/\"},\"sameAs\":[\"https:\\\/\\\/www.facebook.com\\\/HorecatechSrl\",\"https:\\\/\\\/www.instagram.com\\\/horecatechofficial\\\/\"]}]}<\/script>\n<!-- \/ Yoast SEO plugin. -->","yoast_head_json":{"title":"Fabricador de hielo - Horecatech","robots":{"index":"index","follow":"follow","max-snippet":"max-snippet:-1","max-image-preview":"max-image-preview:large","max-video-preview":"max-video-preview:-1"},"canonical":"https:\/\/horecatech.com\/es\/prodotto\/fabricador-de-helio\/","og_locale":"es_ES","og_type":"article","og_title":"Fabricador de hielo - Horecatech","og_description":"Cuerpo m\u00e1quina de S\/S Tapa de ABS Troquel para cubitos S\/S Capacidad: 20\/22 kg en 24 horas (duraci\u00f3n ciclo 13 minutos) Producci\u00f3n de 24 cubitos de 23 mm por ciclo (hielo compacto brillante y transparente) Dep\u00f3sito de 3,2 litros con descarga para la limpieza Sin conexi\u00f3n a la red h\u00eddrica Ciclo de descalcificaci\u00f3n Refrigerante de [&hellip;]","og_url":"https:\/\/horecatech.com\/es\/prodotto\/fabricador-de-helio\/","og_site_name":"Horecatech","article_publisher":"https:\/\/www.facebook.com\/HorecatechSrl","article_modified_time":"2024-05-22T13:54:29+00:00","og_image":[{"width":800,"height":800,"url":"https:\/\/horecatech.com\/wp-content\/uploads\/2022\/09\/RS637.png","type":"image\/png"}],"twitter_card":"summary_large_image","twitter_misc":{"Tiempo de lectura":"1 minuto"},"schema":{"@context":"https:\/\/schema.org","@graph":[{"@type":"WebPage","@id":"https:\/\/horecatech.com\/es\/prodotto\/fabricador-de-helio\/","url":"https:\/\/horecatech.com\/es\/prodotto\/fabricador-de-helio\/","name":"Fabricador de hielo - Horecatech","isPartOf":{"@id":"https:\/\/horecatech.com\/es\/#website"},"primaryImageOfPage":{"@id":"https:\/\/horecatech.com\/es\/prodotto\/fabricador-de-helio\/#primaryimage"},"image":{"@id":"https:\/\/horecatech.com\/es\/prodotto\/fabricador-de-helio\/#primaryimage"},"thumbnailUrl":"https:\/\/horecatech.com\/wp-content\/uploads\/2022\/09\/RS637.png","datePublished":"2022-09-09T09:13:37+00:00","dateModified":"2024-05-22T13:54:29+00:00","breadcrumb":{"@id":"https:\/\/horecatech.com\/es\/prodotto\/fabricador-de-helio\/#breadcrumb"},"inLanguage":"es","potentialAction":[{"@type":"ReadAction","target":["https:\/\/horecatech.com\/es\/prodotto\/fabricador-de-helio\/"]}]},{"@type":"ImageObject","inLanguage":"es","@id":"https:\/\/horecatech.com\/es\/prodotto\/fabricador-de-helio\/#primaryimage","url":"https:\/\/horecatech.com\/wp-content\/uploads\/2022\/09\/RS637.png","contentUrl":"https:\/\/horecatech.com\/wp-content\/uploads\/2022\/09\/RS637.png","width":800,"height":800,"caption":"Fabricador de helio RS637"},{"@type":"BreadcrumbList","@id":"https:\/\/horecatech.com\/es\/prodotto\/fabricador-de-helio\/#breadcrumb","itemListElement":[{"@type":"ListItem","position":1,"name":"Home","item":"https:\/\/horecatech.com\/es\/"},{"@type":"ListItem","position":2,"name":"Tienda","item":"https:\/\/horecatech.com\/tienda\/"},{"@type":"ListItem","position":3,"name":"Fabricador de hielo"}]},{"@type":"WebSite","@id":"https:\/\/horecatech.com\/es\/#website","url":"https:\/\/horecatech.com\/es\/","name":"Horecatech","description":"Il partner di qualit\u00e0 per le tue attrezzature professionali","publisher":{"@id":"https:\/\/horecatech.com\/es\/#organization"},"potentialAction":[{"@type":"SearchAction","target":{"@type":"EntryPoint","urlTemplate":"https:\/\/horecatech.com\/es\/?s={search_term_string}"},"query-input":{"@type":"PropertyValueSpecification","valueRequired":true,"valueName":"search_term_string"}}],"inLanguage":"es"},{"@type":"Organization","@id":"https:\/\/horecatech.com\/es\/#organization","name":"Horecatech Srl","url":"https:\/\/horecatech.com\/es\/","logo":{"@type":"ImageObject","inLanguage":"es","@id":"https:\/\/horecatech.com\/es\/#\/schema\/logo\/image\/","url":"https:\/\/horecatech.com\/wp-content\/uploads\/2022\/12\/logo-horecatech.png","contentUrl":"https:\/\/horecatech.com\/wp-content\/uploads\/2022\/12\/logo-horecatech.png","width":512,"height":512,"caption":"Horecatech Srl"},"image":{"@id":"https:\/\/horecatech.com\/es\/#\/schema\/logo\/image\/"},"sameAs":["https:\/\/www.facebook.com\/HorecatechSrl","https:\/\/www.instagram.com\/horecatechofficial\/"]}]}},"_links":{"self":[{"href":"https:\/\/horecatech.com\/es\/wp-json\/wp\/v2\/product\/9070","targetHints":{"allow":["GET"]}}],"collection":[{"href":"https:\/\/horecatech.com\/es\/wp-json\/wp\/v2\/product"}],"about":[{"href":"https:\/\/horecatech.com\/es\/wp-json\/wp\/v2\/types\/product"}],"replies":[{"embeddable":true,"href":"https:\/\/horecatech.com\/es\/wp-json\/wp\/v2\/comments?post=9070"}],"wp:featuredmedia":[{"embeddable":true,"href":"https:\/\/horecatech.com\/es\/wp-json\/wp\/v2\/media\/7685"}],"wp:attachment":[{"href":"https:\/\/horecatech.com\/es\/wp-json\/wp\/v2\/media?parent=9070"}],"wp:term":[{"taxonomy":"product_brand","embeddable":true,"href":"https:\/\/horecatech.com\/es\/wp-json\/wp\/v2\/product_brand?post=9070"},{"taxonomy":"product_cat","embeddable":true,"href":"https:\/\/horecatech.com\/es\/wp-json\/wp\/v2\/product_cat?post=9070"},{"taxonomy":"product_tag","embeddable":true,"href":"https:\/\/horecatech.com\/es\/wp-json\/wp\/v2\/product_tag?post=9070"}],"curies":[{"name":"wp","href":"https:\/\/api.w.org\/{rel}","templated":true}]}}