{"id":9068,"date":"2022-09-09T10:44:41","date_gmt":"2022-09-09T08:44:41","guid":{"rendered":"https:\/\/horecatech.com\/prodotto\/maquina-de-chocolate-caliente-color-plata\/"},"modified":"2024-05-22T15:33:17","modified_gmt":"2024-05-22T13:33:17","slug":"maquina-de-chocolate-caliente-color-plata","status":"publish","type":"product","link":"https:\/\/horecatech.com\/es\/prodotto\/maquina-de-chocolate-caliente-color-plata\/","title":{"rendered":"Dispensador de chocolate caliente &#8211; color plata"},"content":{"rendered":"<ul>\n<li>Recipiente de policarbonato anti-golpes<\/li>\n<li>Bot\u00f3n ON\/OFF<\/li>\n<li>Temperatura regulable con dos termostatos<\/li>\n<li>Calentamiento directo con mezcla continua<\/li>\n<li>Recipiente extra\u00edble para recuperar espacio<\/li>\n<li>Ranuras anti-condensaci\u00f3n<\/li>\n<li>F\u00e1cil de limpiar. Extracci\u00f3n f\u00e1cil y veloz de todos los elementos<\/li>\n<li>Bajo consumo<\/li>\n<\/ul>\n","protected":false},"excerpt":{"rendered":"<p>Recipiente de policarbonato anti-golpes Bot\u00f3n ON\/OFF Temperatura regulable con dos termostatos Calentamiento directo con mezcla continua Recipiente extra\u00edble para recuperar espacio Ranuras anti-condensaci\u00f3n F\u00e1cil de limpiar. Extracci\u00f3n f\u00e1cil y veloz de todos los elementos Bajo consumo<\/p>\n","protected":false},"featured_media":7681,"comment_status":"open","ping_status":"closed","template":"","meta":{"_acf_changed":false},"product_brand":[],"product_cat":[1257],"product_tag":[1040,1039],"class_list":{"0":"post-9068","1":"product","2":"type-product","3":"status-publish","4":"has-post-thumbnail","6":"product_cat-maquina-de-chocolate","7":"product_tag-2-anos-de-garantia","8":"product_tag-linea-elite-es","9":"pa_capacita-3-l-es","10":"pa_dati-elettrici-220v-240v-50hz-1200w-es","11":"pa_dimensione-21-cm-o-38-cm-h-es","12":"pa_peso-3-kg-es","13":"pa_temperatura-de-0-c-a-90-c","15":"first","16":"instock","17":"shipping-taxable","18":"product-type-simple"},"acf":[],"yoast_head":"<!-- This site is optimized with the Yoast SEO plugin v27.3 - https:\/\/yoast.com\/product\/yoast-seo-wordpress\/ -->\n<title>Dispensador de chocolate caliente - color plata - Horecatech<\/title>\n<meta name=\"robots\" content=\"index, follow, max-snippet:-1, max-image-preview:large, max-video-preview:-1\" \/>\n<link rel=\"canonical\" href=\"https:\/\/horecatech.com\/es\/prodotto\/maquina-de-chocolate-caliente-color-plata\/\" \/>\n<meta property=\"og:locale\" content=\"es_ES\" \/>\n<meta property=\"og:type\" content=\"article\" \/>\n<meta property=\"og:title\" content=\"Dispensador de chocolate caliente - color plata - Horecatech\" \/>\n<meta property=\"og:description\" content=\"Recipiente de policarbonato anti-golpes Bot\u00f3n ON\/OFF Temperatura regulable con dos termostatos Calentamiento directo con mezcla continua Recipiente extra\u00edble para recuperar espacio Ranuras anti-condensaci\u00f3n F\u00e1cil de limpiar. Extracci\u00f3n f\u00e1cil y veloz de todos los elementos Bajo consumo\" \/>\n<meta property=\"og:url\" content=\"https:\/\/horecatech.com\/es\/prodotto\/maquina-de-chocolate-caliente-color-plata\/\" \/>\n<meta property=\"og:site_name\" content=\"Horecatech\" \/>\n<meta property=\"article:publisher\" content=\"https:\/\/www.facebook.com\/HorecatechSrl\" \/>\n<meta property=\"article:modified_time\" content=\"2024-05-22T13:33:17+00:00\" \/>\n<meta property=\"og:image\" content=\"https:\/\/horecatech.com\/wp-content\/uploads\/2022\/09\/RS461A.png\" \/>\n\t<meta property=\"og:image:width\" content=\"800\" \/>\n\t<meta property=\"og:image:height\" content=\"800\" \/>\n\t<meta property=\"og:image:type\" content=\"image\/png\" \/>\n<meta name=\"twitter:card\" content=\"summary_large_image\" \/>\n<meta name=\"twitter:label1\" content=\"Tiempo de lectura\" \/>\n\t<meta name=\"twitter:data1\" content=\"1 minuto\" \/>\n<script type=\"application\/ld+json\" class=\"yoast-schema-graph\">{\"@context\":\"https:\\\/\\\/schema.org\",\"@graph\":[{\"@type\":\"WebPage\",\"@id\":\"https:\\\/\\\/horecatech.com\\\/es\\\/prodotto\\\/maquina-de-chocolate-caliente-color-plata\\\/\",\"url\":\"https:\\\/\\\/horecatech.com\\\/es\\\/prodotto\\\/maquina-de-chocolate-caliente-color-plata\\\/\",\"name\":\"Dispensador de chocolate caliente - color plata - Horecatech\",\"isPartOf\":{\"@id\":\"https:\\\/\\\/horecatech.com\\\/es\\\/#website\"},\"primaryImageOfPage\":{\"@id\":\"https:\\\/\\\/horecatech.com\\\/es\\\/prodotto\\\/maquina-de-chocolate-caliente-color-plata\\\/#primaryimage\"},\"image\":{\"@id\":\"https:\\\/\\\/horecatech.com\\\/es\\\/prodotto\\\/maquina-de-chocolate-caliente-color-plata\\\/#primaryimage\"},\"thumbnailUrl\":\"https:\\\/\\\/horecatech.com\\\/wp-content\\\/uploads\\\/2022\\\/09\\\/RS461A.png\",\"datePublished\":\"2022-09-09T08:44:41+00:00\",\"dateModified\":\"2024-05-22T13:33:17+00:00\",\"breadcrumb\":{\"@id\":\"https:\\\/\\\/horecatech.com\\\/es\\\/prodotto\\\/maquina-de-chocolate-caliente-color-plata\\\/#breadcrumb\"},\"inLanguage\":\"es\",\"potentialAction\":[{\"@type\":\"ReadAction\",\"target\":[\"https:\\\/\\\/horecatech.com\\\/es\\\/prodotto\\\/maquina-de-chocolate-caliente-color-plata\\\/\"]}]},{\"@type\":\"ImageObject\",\"inLanguage\":\"es\",\"@id\":\"https:\\\/\\\/horecatech.com\\\/es\\\/prodotto\\\/maquina-de-chocolate-caliente-color-plata\\\/#primaryimage\",\"url\":\"https:\\\/\\\/horecatech.com\\\/wp-content\\\/uploads\\\/2022\\\/09\\\/RS461A.png\",\"contentUrl\":\"https:\\\/\\\/horecatech.com\\\/wp-content\\\/uploads\\\/2022\\\/09\\\/RS461A.png\",\"width\":800,\"height\":800,\"caption\":\"M\u00e1quina de chocolate caliente - color plata RS461A\"},{\"@type\":\"BreadcrumbList\",\"@id\":\"https:\\\/\\\/horecatech.com\\\/es\\\/prodotto\\\/maquina-de-chocolate-caliente-color-plata\\\/#breadcrumb\",\"itemListElement\":[{\"@type\":\"ListItem\",\"position\":1,\"name\":\"Home\",\"item\":\"https:\\\/\\\/horecatech.com\\\/es\\\/\"},{\"@type\":\"ListItem\",\"position\":2,\"name\":\"Tienda\",\"item\":\"https:\\\/\\\/horecatech.com\\\/tienda\\\/\"},{\"@type\":\"ListItem\",\"position\":3,\"name\":\"Dispensador de chocolate caliente &#8211; color plata\"}]},{\"@type\":\"WebSite\",\"@id\":\"https:\\\/\\\/horecatech.com\\\/es\\\/#website\",\"url\":\"https:\\\/\\\/horecatech.com\\\/es\\\/\",\"name\":\"Horecatech\",\"description\":\"Il partner di qualit\u00e0 per le tue attrezzature professionali\",\"publisher\":{\"@id\":\"https:\\\/\\\/horecatech.com\\\/es\\\/#organization\"},\"potentialAction\":[{\"@type\":\"SearchAction\",\"target\":{\"@type\":\"EntryPoint\",\"urlTemplate\":\"https:\\\/\\\/horecatech.com\\\/es\\\/?s={search_term_string}\"},\"query-input\":{\"@type\":\"PropertyValueSpecification\",\"valueRequired\":true,\"valueName\":\"search_term_string\"}}],\"inLanguage\":\"es\"},{\"@type\":\"Organization\",\"@id\":\"https:\\\/\\\/horecatech.com\\\/es\\\/#organization\",\"name\":\"Horecatech Srl\",\"url\":\"https:\\\/\\\/horecatech.com\\\/es\\\/\",\"logo\":{\"@type\":\"ImageObject\",\"inLanguage\":\"es\",\"@id\":\"https:\\\/\\\/horecatech.com\\\/es\\\/#\\\/schema\\\/logo\\\/image\\\/\",\"url\":\"https:\\\/\\\/horecatech.com\\\/wp-content\\\/uploads\\\/2022\\\/12\\\/logo-horecatech.png\",\"contentUrl\":\"https:\\\/\\\/horecatech.com\\\/wp-content\\\/uploads\\\/2022\\\/12\\\/logo-horecatech.png\",\"width\":512,\"height\":512,\"caption\":\"Horecatech Srl\"},\"image\":{\"@id\":\"https:\\\/\\\/horecatech.com\\\/es\\\/#\\\/schema\\\/logo\\\/image\\\/\"},\"sameAs\":[\"https:\\\/\\\/www.facebook.com\\\/HorecatechSrl\",\"https:\\\/\\\/www.instagram.com\\\/horecatechofficial\\\/\"]}]}<\/script>\n<!-- \/ Yoast SEO plugin. -->","yoast_head_json":{"title":"Dispensador de chocolate caliente - color plata - Horecatech","robots":{"index":"index","follow":"follow","max-snippet":"max-snippet:-1","max-image-preview":"max-image-preview:large","max-video-preview":"max-video-preview:-1"},"canonical":"https:\/\/horecatech.com\/es\/prodotto\/maquina-de-chocolate-caliente-color-plata\/","og_locale":"es_ES","og_type":"article","og_title":"Dispensador de chocolate caliente - color plata - Horecatech","og_description":"Recipiente de policarbonato anti-golpes Bot\u00f3n ON\/OFF Temperatura regulable con dos termostatos Calentamiento directo con mezcla continua Recipiente extra\u00edble para recuperar espacio Ranuras anti-condensaci\u00f3n F\u00e1cil de limpiar. Extracci\u00f3n f\u00e1cil y veloz de todos los elementos Bajo consumo","og_url":"https:\/\/horecatech.com\/es\/prodotto\/maquina-de-chocolate-caliente-color-plata\/","og_site_name":"Horecatech","article_publisher":"https:\/\/www.facebook.com\/HorecatechSrl","article_modified_time":"2024-05-22T13:33:17+00:00","og_image":[{"width":800,"height":800,"url":"https:\/\/horecatech.com\/wp-content\/uploads\/2022\/09\/RS461A.png","type":"image\/png"}],"twitter_card":"summary_large_image","twitter_misc":{"Tiempo de lectura":"1 minuto"},"schema":{"@context":"https:\/\/schema.org","@graph":[{"@type":"WebPage","@id":"https:\/\/horecatech.com\/es\/prodotto\/maquina-de-chocolate-caliente-color-plata\/","url":"https:\/\/horecatech.com\/es\/prodotto\/maquina-de-chocolate-caliente-color-plata\/","name":"Dispensador de chocolate caliente - color plata - Horecatech","isPartOf":{"@id":"https:\/\/horecatech.com\/es\/#website"},"primaryImageOfPage":{"@id":"https:\/\/horecatech.com\/es\/prodotto\/maquina-de-chocolate-caliente-color-plata\/#primaryimage"},"image":{"@id":"https:\/\/horecatech.com\/es\/prodotto\/maquina-de-chocolate-caliente-color-plata\/#primaryimage"},"thumbnailUrl":"https:\/\/horecatech.com\/wp-content\/uploads\/2022\/09\/RS461A.png","datePublished":"2022-09-09T08:44:41+00:00","dateModified":"2024-05-22T13:33:17+00:00","breadcrumb":{"@id":"https:\/\/horecatech.com\/es\/prodotto\/maquina-de-chocolate-caliente-color-plata\/#breadcrumb"},"inLanguage":"es","potentialAction":[{"@type":"ReadAction","target":["https:\/\/horecatech.com\/es\/prodotto\/maquina-de-chocolate-caliente-color-plata\/"]}]},{"@type":"ImageObject","inLanguage":"es","@id":"https:\/\/horecatech.com\/es\/prodotto\/maquina-de-chocolate-caliente-color-plata\/#primaryimage","url":"https:\/\/horecatech.com\/wp-content\/uploads\/2022\/09\/RS461A.png","contentUrl":"https:\/\/horecatech.com\/wp-content\/uploads\/2022\/09\/RS461A.png","width":800,"height":800,"caption":"M\u00e1quina de chocolate caliente - color plata RS461A"},{"@type":"BreadcrumbList","@id":"https:\/\/horecatech.com\/es\/prodotto\/maquina-de-chocolate-caliente-color-plata\/#breadcrumb","itemListElement":[{"@type":"ListItem","position":1,"name":"Home","item":"https:\/\/horecatech.com\/es\/"},{"@type":"ListItem","position":2,"name":"Tienda","item":"https:\/\/horecatech.com\/tienda\/"},{"@type":"ListItem","position":3,"name":"Dispensador de chocolate caliente &#8211; color plata"}]},{"@type":"WebSite","@id":"https:\/\/horecatech.com\/es\/#website","url":"https:\/\/horecatech.com\/es\/","name":"Horecatech","description":"Il partner di qualit\u00e0 per le tue attrezzature professionali","publisher":{"@id":"https:\/\/horecatech.com\/es\/#organization"},"potentialAction":[{"@type":"SearchAction","target":{"@type":"EntryPoint","urlTemplate":"https:\/\/horecatech.com\/es\/?s={search_term_string}"},"query-input":{"@type":"PropertyValueSpecification","valueRequired":true,"valueName":"search_term_string"}}],"inLanguage":"es"},{"@type":"Organization","@id":"https:\/\/horecatech.com\/es\/#organization","name":"Horecatech Srl","url":"https:\/\/horecatech.com\/es\/","logo":{"@type":"ImageObject","inLanguage":"es","@id":"https:\/\/horecatech.com\/es\/#\/schema\/logo\/image\/","url":"https:\/\/horecatech.com\/wp-content\/uploads\/2022\/12\/logo-horecatech.png","contentUrl":"https:\/\/horecatech.com\/wp-content\/uploads\/2022\/12\/logo-horecatech.png","width":512,"height":512,"caption":"Horecatech Srl"},"image":{"@id":"https:\/\/horecatech.com\/es\/#\/schema\/logo\/image\/"},"sameAs":["https:\/\/www.facebook.com\/HorecatechSrl","https:\/\/www.instagram.com\/horecatechofficial\/"]}]}},"_links":{"self":[{"href":"https:\/\/horecatech.com\/es\/wp-json\/wp\/v2\/product\/9068","targetHints":{"allow":["GET"]}}],"collection":[{"href":"https:\/\/horecatech.com\/es\/wp-json\/wp\/v2\/product"}],"about":[{"href":"https:\/\/horecatech.com\/es\/wp-json\/wp\/v2\/types\/product"}],"replies":[{"embeddable":true,"href":"https:\/\/horecatech.com\/es\/wp-json\/wp\/v2\/comments?post=9068"}],"wp:featuredmedia":[{"embeddable":true,"href":"https:\/\/horecatech.com\/es\/wp-json\/wp\/v2\/media\/7681"}],"wp:attachment":[{"href":"https:\/\/horecatech.com\/es\/wp-json\/wp\/v2\/media?parent=9068"}],"wp:term":[{"taxonomy":"product_brand","embeddable":true,"href":"https:\/\/horecatech.com\/es\/wp-json\/wp\/v2\/product_brand?post=9068"},{"taxonomy":"product_cat","embeddable":true,"href":"https:\/\/horecatech.com\/es\/wp-json\/wp\/v2\/product_cat?post=9068"},{"taxonomy":"product_tag","embeddable":true,"href":"https:\/\/horecatech.com\/es\/wp-json\/wp\/v2\/product_tag?post=9068"}],"curies":[{"name":"wp","href":"https:\/\/api.w.org\/{rel}","templated":true}]}}