{"id":9063,"date":"2022-09-09T09:47:01","date_gmt":"2022-09-09T07:47:01","guid":{"rendered":"https:\/\/horecatech.com\/prodotto\/licuadora-profesional-heavy-duty-elite\/"},"modified":"2024-05-21T13:42:05","modified_gmt":"2024-05-21T11:42:05","slug":"licuadora-profesional-heavy-duty-elite","status":"publish","type":"product","link":"https:\/\/horecatech.com\/es\/prodotto\/licuadora-profesional-heavy-duty-elite\/","title":{"rendered":"Licuadora profesional \u00abHeavy Duty \u00c9lite\u00bb"},"content":{"rendered":"<p><strong>Licuadora profesional de altas prestaciones. Motor de velocidad variable, grupo cuchillas de seis secciones, vaso de secciones cuadradas y bot\u00f3n PULSOS, el conjunto es un producto muy flexible, apto para todas las exigencias.<\/strong><\/p>\n<ul>\n<li>Vaso de copoli\u00e9ster anti-golpes de 2 litros con escala graduada en ml y onzas<\/li>\n<li>Tapa de especial material pl\u00e1stico elast\u00f3mero TPE<\/li>\n<li>Cuerpo de la m\u00e1quina de ABS resistente a golpes y patas antideslizantes en la base<\/li>\n<li>Grupo cuchillas de acero de seis secciones<\/li>\n<li>Motor ultrapotente de 4,5 HP<\/li>\n<li>Mandos manuales (ON \/ OFF, Velocidad, PULSOS)<\/li>\n<li>Varilla de seguridad<\/li>\n<li>Protecci\u00f3n sobrecarga<\/li>\n<li>Bot\u00f3n rearme veloz<\/li>\n<\/ul>\n<p>&nbsp;<\/p>\n","protected":false},"excerpt":{"rendered":"<p>Licuadora profesional de altas prestaciones. Motor de velocidad variable, grupo cuchillas de seis secciones, vaso de secciones cuadradas y bot\u00f3n PULSOS, el conjunto es un producto muy flexible, apto para todas las exigencias. Vaso de copoli\u00e9ster anti-golpes de 2 litros con escala graduada en ml y onzas Tapa de especial material pl\u00e1stico elast\u00f3mero TPE Cuerpo [&hellip;]<\/p>\n","protected":false},"featured_media":7667,"comment_status":"open","ping_status":"closed","template":"","meta":{"_acf_changed":false},"product_brand":[],"product_cat":[1236],"product_tag":[1040,1039],"class_list":{"0":"post-9063","1":"product","2":"type-product","3":"status-publish","4":"has-post-thumbnail","6":"product_cat-licuadora","7":"product_tag-2-anos-de-garantia","8":"product_tag-linea-elite-es","9":"pa_capacita-2-l-es","10":"pa_dati-elettrici-220v-240v-50-60hz-1500w-es-2","11":"pa_dimensione-225-x-225-x-49-h-cm-es","12":"pa_peso-42-kg-es-2","14":"first","15":"instock","16":"shipping-taxable","17":"product-type-simple"},"acf":[],"yoast_head":"<!-- This site is optimized with the Yoast SEO plugin v27.3 - https:\/\/yoast.com\/product\/yoast-seo-wordpress\/ -->\n<title>Licuadora profesional &quot;Heavy Duty \u00c9lite&quot; - Horecatech<\/title>\n<meta name=\"robots\" content=\"index, follow, max-snippet:-1, max-image-preview:large, max-video-preview:-1\" \/>\n<link rel=\"canonical\" href=\"https:\/\/horecatech.com\/es\/prodotto\/licuadora-profesional-heavy-duty-elite\/\" \/>\n<meta property=\"og:locale\" content=\"es_ES\" \/>\n<meta property=\"og:type\" content=\"article\" \/>\n<meta property=\"og:title\" content=\"Licuadora profesional &quot;Heavy Duty \u00c9lite&quot; - Horecatech\" \/>\n<meta property=\"og:description\" content=\"Licuadora profesional de altas prestaciones. Motor de velocidad variable, grupo cuchillas de seis secciones, vaso de secciones cuadradas y bot\u00f3n PULSOS, el conjunto es un producto muy flexible, apto para todas las exigencias. Vaso de copoli\u00e9ster anti-golpes de 2 litros con escala graduada en ml y onzas Tapa de especial material pl\u00e1stico elast\u00f3mero TPE Cuerpo [&hellip;]\" \/>\n<meta property=\"og:url\" content=\"https:\/\/horecatech.com\/es\/prodotto\/licuadora-profesional-heavy-duty-elite\/\" \/>\n<meta property=\"og:site_name\" content=\"Horecatech\" \/>\n<meta property=\"article:publisher\" content=\"https:\/\/www.facebook.com\/HorecatechSrl\" \/>\n<meta property=\"article:modified_time\" content=\"2024-05-21T11:42:05+00:00\" \/>\n<meta property=\"og:image\" content=\"https:\/\/horecatech.com\/wp-content\/uploads\/2022\/09\/RS617.png\" \/>\n\t<meta property=\"og:image:width\" content=\"800\" \/>\n\t<meta property=\"og:image:height\" content=\"800\" \/>\n\t<meta property=\"og:image:type\" content=\"image\/png\" \/>\n<meta name=\"twitter:card\" content=\"summary_large_image\" \/>\n<meta name=\"twitter:label1\" content=\"Tiempo de lectura\" \/>\n\t<meta name=\"twitter:data1\" content=\"1 minuto\" \/>\n<script type=\"application\/ld+json\" class=\"yoast-schema-graph\">{\"@context\":\"https:\\\/\\\/schema.org\",\"@graph\":[{\"@type\":\"WebPage\",\"@id\":\"https:\\\/\\\/horecatech.com\\\/es\\\/prodotto\\\/licuadora-profesional-heavy-duty-elite\\\/\",\"url\":\"https:\\\/\\\/horecatech.com\\\/es\\\/prodotto\\\/licuadora-profesional-heavy-duty-elite\\\/\",\"name\":\"Licuadora profesional \\\"Heavy Duty \u00c9lite\\\" - Horecatech\",\"isPartOf\":{\"@id\":\"https:\\\/\\\/horecatech.com\\\/es\\\/#website\"},\"primaryImageOfPage\":{\"@id\":\"https:\\\/\\\/horecatech.com\\\/es\\\/prodotto\\\/licuadora-profesional-heavy-duty-elite\\\/#primaryimage\"},\"image\":{\"@id\":\"https:\\\/\\\/horecatech.com\\\/es\\\/prodotto\\\/licuadora-profesional-heavy-duty-elite\\\/#primaryimage\"},\"thumbnailUrl\":\"https:\\\/\\\/horecatech.com\\\/wp-content\\\/uploads\\\/2022\\\/09\\\/RS617.png\",\"datePublished\":\"2022-09-09T07:47:01+00:00\",\"dateModified\":\"2024-05-21T11:42:05+00:00\",\"breadcrumb\":{\"@id\":\"https:\\\/\\\/horecatech.com\\\/es\\\/prodotto\\\/licuadora-profesional-heavy-duty-elite\\\/#breadcrumb\"},\"inLanguage\":\"es\",\"potentialAction\":[{\"@type\":\"ReadAction\",\"target\":[\"https:\\\/\\\/horecatech.com\\\/es\\\/prodotto\\\/licuadora-profesional-heavy-duty-elite\\\/\"]}]},{\"@type\":\"ImageObject\",\"inLanguage\":\"es\",\"@id\":\"https:\\\/\\\/horecatech.com\\\/es\\\/prodotto\\\/licuadora-profesional-heavy-duty-elite\\\/#primaryimage\",\"url\":\"https:\\\/\\\/horecatech.com\\\/wp-content\\\/uploads\\\/2022\\\/09\\\/RS617.png\",\"contentUrl\":\"https:\\\/\\\/horecatech.com\\\/wp-content\\\/uploads\\\/2022\\\/09\\\/RS617.png\",\"width\":800,\"height\":800,\"caption\":\"Licuadora profesional \\\"Heavy Duty \u00c9lite\\\" RS617\"},{\"@type\":\"BreadcrumbList\",\"@id\":\"https:\\\/\\\/horecatech.com\\\/es\\\/prodotto\\\/licuadora-profesional-heavy-duty-elite\\\/#breadcrumb\",\"itemListElement\":[{\"@type\":\"ListItem\",\"position\":1,\"name\":\"Home\",\"item\":\"https:\\\/\\\/horecatech.com\\\/es\\\/\"},{\"@type\":\"ListItem\",\"position\":2,\"name\":\"Tienda\",\"item\":\"https:\\\/\\\/horecatech.com\\\/tienda\\\/\"},{\"@type\":\"ListItem\",\"position\":3,\"name\":\"Licuadora profesional &#8220;Heavy Duty \u00c9lite&#8221;\"}]},{\"@type\":\"WebSite\",\"@id\":\"https:\\\/\\\/horecatech.com\\\/es\\\/#website\",\"url\":\"https:\\\/\\\/horecatech.com\\\/es\\\/\",\"name\":\"Horecatech\",\"description\":\"Il partner di qualit\u00e0 per le tue attrezzature professionali\",\"publisher\":{\"@id\":\"https:\\\/\\\/horecatech.com\\\/es\\\/#organization\"},\"potentialAction\":[{\"@type\":\"SearchAction\",\"target\":{\"@type\":\"EntryPoint\",\"urlTemplate\":\"https:\\\/\\\/horecatech.com\\\/es\\\/?s={search_term_string}\"},\"query-input\":{\"@type\":\"PropertyValueSpecification\",\"valueRequired\":true,\"valueName\":\"search_term_string\"}}],\"inLanguage\":\"es\"},{\"@type\":\"Organization\",\"@id\":\"https:\\\/\\\/horecatech.com\\\/es\\\/#organization\",\"name\":\"Horecatech Srl\",\"url\":\"https:\\\/\\\/horecatech.com\\\/es\\\/\",\"logo\":{\"@type\":\"ImageObject\",\"inLanguage\":\"es\",\"@id\":\"https:\\\/\\\/horecatech.com\\\/es\\\/#\\\/schema\\\/logo\\\/image\\\/\",\"url\":\"https:\\\/\\\/horecatech.com\\\/wp-content\\\/uploads\\\/2022\\\/12\\\/logo-horecatech.png\",\"contentUrl\":\"https:\\\/\\\/horecatech.com\\\/wp-content\\\/uploads\\\/2022\\\/12\\\/logo-horecatech.png\",\"width\":512,\"height\":512,\"caption\":\"Horecatech Srl\"},\"image\":{\"@id\":\"https:\\\/\\\/horecatech.com\\\/es\\\/#\\\/schema\\\/logo\\\/image\\\/\"},\"sameAs\":[\"https:\\\/\\\/www.facebook.com\\\/HorecatechSrl\",\"https:\\\/\\\/www.instagram.com\\\/horecatechofficial\\\/\"]}]}<\/script>\n<!-- \/ Yoast SEO plugin. -->","yoast_head_json":{"title":"Licuadora profesional \"Heavy Duty \u00c9lite\" - Horecatech","robots":{"index":"index","follow":"follow","max-snippet":"max-snippet:-1","max-image-preview":"max-image-preview:large","max-video-preview":"max-video-preview:-1"},"canonical":"https:\/\/horecatech.com\/es\/prodotto\/licuadora-profesional-heavy-duty-elite\/","og_locale":"es_ES","og_type":"article","og_title":"Licuadora profesional \"Heavy Duty \u00c9lite\" - Horecatech","og_description":"Licuadora profesional de altas prestaciones. Motor de velocidad variable, grupo cuchillas de seis secciones, vaso de secciones cuadradas y bot\u00f3n PULSOS, el conjunto es un producto muy flexible, apto para todas las exigencias. Vaso de copoli\u00e9ster anti-golpes de 2 litros con escala graduada en ml y onzas Tapa de especial material pl\u00e1stico elast\u00f3mero TPE Cuerpo [&hellip;]","og_url":"https:\/\/horecatech.com\/es\/prodotto\/licuadora-profesional-heavy-duty-elite\/","og_site_name":"Horecatech","article_publisher":"https:\/\/www.facebook.com\/HorecatechSrl","article_modified_time":"2024-05-21T11:42:05+00:00","og_image":[{"width":800,"height":800,"url":"https:\/\/horecatech.com\/wp-content\/uploads\/2022\/09\/RS617.png","type":"image\/png"}],"twitter_card":"summary_large_image","twitter_misc":{"Tiempo de lectura":"1 minuto"},"schema":{"@context":"https:\/\/schema.org","@graph":[{"@type":"WebPage","@id":"https:\/\/horecatech.com\/es\/prodotto\/licuadora-profesional-heavy-duty-elite\/","url":"https:\/\/horecatech.com\/es\/prodotto\/licuadora-profesional-heavy-duty-elite\/","name":"Licuadora profesional \"Heavy Duty \u00c9lite\" - Horecatech","isPartOf":{"@id":"https:\/\/horecatech.com\/es\/#website"},"primaryImageOfPage":{"@id":"https:\/\/horecatech.com\/es\/prodotto\/licuadora-profesional-heavy-duty-elite\/#primaryimage"},"image":{"@id":"https:\/\/horecatech.com\/es\/prodotto\/licuadora-profesional-heavy-duty-elite\/#primaryimage"},"thumbnailUrl":"https:\/\/horecatech.com\/wp-content\/uploads\/2022\/09\/RS617.png","datePublished":"2022-09-09T07:47:01+00:00","dateModified":"2024-05-21T11:42:05+00:00","breadcrumb":{"@id":"https:\/\/horecatech.com\/es\/prodotto\/licuadora-profesional-heavy-duty-elite\/#breadcrumb"},"inLanguage":"es","potentialAction":[{"@type":"ReadAction","target":["https:\/\/horecatech.com\/es\/prodotto\/licuadora-profesional-heavy-duty-elite\/"]}]},{"@type":"ImageObject","inLanguage":"es","@id":"https:\/\/horecatech.com\/es\/prodotto\/licuadora-profesional-heavy-duty-elite\/#primaryimage","url":"https:\/\/horecatech.com\/wp-content\/uploads\/2022\/09\/RS617.png","contentUrl":"https:\/\/horecatech.com\/wp-content\/uploads\/2022\/09\/RS617.png","width":800,"height":800,"caption":"Licuadora profesional \"Heavy Duty \u00c9lite\" RS617"},{"@type":"BreadcrumbList","@id":"https:\/\/horecatech.com\/es\/prodotto\/licuadora-profesional-heavy-duty-elite\/#breadcrumb","itemListElement":[{"@type":"ListItem","position":1,"name":"Home","item":"https:\/\/horecatech.com\/es\/"},{"@type":"ListItem","position":2,"name":"Tienda","item":"https:\/\/horecatech.com\/tienda\/"},{"@type":"ListItem","position":3,"name":"Licuadora profesional &#8220;Heavy Duty \u00c9lite&#8221;"}]},{"@type":"WebSite","@id":"https:\/\/horecatech.com\/es\/#website","url":"https:\/\/horecatech.com\/es\/","name":"Horecatech","description":"Il partner di qualit\u00e0 per le tue attrezzature professionali","publisher":{"@id":"https:\/\/horecatech.com\/es\/#organization"},"potentialAction":[{"@type":"SearchAction","target":{"@type":"EntryPoint","urlTemplate":"https:\/\/horecatech.com\/es\/?s={search_term_string}"},"query-input":{"@type":"PropertyValueSpecification","valueRequired":true,"valueName":"search_term_string"}}],"inLanguage":"es"},{"@type":"Organization","@id":"https:\/\/horecatech.com\/es\/#organization","name":"Horecatech Srl","url":"https:\/\/horecatech.com\/es\/","logo":{"@type":"ImageObject","inLanguage":"es","@id":"https:\/\/horecatech.com\/es\/#\/schema\/logo\/image\/","url":"https:\/\/horecatech.com\/wp-content\/uploads\/2022\/12\/logo-horecatech.png","contentUrl":"https:\/\/horecatech.com\/wp-content\/uploads\/2022\/12\/logo-horecatech.png","width":512,"height":512,"caption":"Horecatech Srl"},"image":{"@id":"https:\/\/horecatech.com\/es\/#\/schema\/logo\/image\/"},"sameAs":["https:\/\/www.facebook.com\/HorecatechSrl","https:\/\/www.instagram.com\/horecatechofficial\/"]}]}},"_links":{"self":[{"href":"https:\/\/horecatech.com\/es\/wp-json\/wp\/v2\/product\/9063","targetHints":{"allow":["GET"]}}],"collection":[{"href":"https:\/\/horecatech.com\/es\/wp-json\/wp\/v2\/product"}],"about":[{"href":"https:\/\/horecatech.com\/es\/wp-json\/wp\/v2\/types\/product"}],"replies":[{"embeddable":true,"href":"https:\/\/horecatech.com\/es\/wp-json\/wp\/v2\/comments?post=9063"}],"wp:featuredmedia":[{"embeddable":true,"href":"https:\/\/horecatech.com\/es\/wp-json\/wp\/v2\/media\/7667"}],"wp:attachment":[{"href":"https:\/\/horecatech.com\/es\/wp-json\/wp\/v2\/media?parent=9063"}],"wp:term":[{"taxonomy":"product_brand","embeddable":true,"href":"https:\/\/horecatech.com\/es\/wp-json\/wp\/v2\/product_brand?post=9063"},{"taxonomy":"product_cat","embeddable":true,"href":"https:\/\/horecatech.com\/es\/wp-json\/wp\/v2\/product_cat?post=9063"},{"taxonomy":"product_tag","embeddable":true,"href":"https:\/\/horecatech.com\/es\/wp-json\/wp\/v2\/product_tag?post=9063"}],"curies":[{"name":"wp","href":"https:\/\/api.w.org\/{rel}","templated":true}]}}