{"id":9044,"date":"2022-09-08T16:17:47","date_gmt":"2022-09-08T14:17:47","guid":{"rendered":"https:\/\/horecatech.com\/prodotto\/freidora-super-pro-con-grifo\/"},"modified":"2024-04-23T09:53:15","modified_gmt":"2024-04-23T07:53:15","slug":"freidora-super-pro-con-grifo","status":"publish","type":"product","link":"https:\/\/horecatech.com\/es\/prodotto\/freidora-super-pro-con-grifo\/","title":{"rendered":"Freidora \u00abSUPER PRO\u00bb con grifo"},"content":{"rendered":"<ul>\n<li>Resistencia extra\u00edble con desconexi\u00f3n autom\u00e1tica<\/li>\n<li>Bot\u00f3n ON\/OFF<\/li>\n<li>Grifo desagote aceite<\/li>\n<li>Luces de piloto de encendido y funcionamiento resistencia<\/li>\n<li>Orificio de extracci\u00f3n y filtrado del aceite situado en el fondo del caldero para una limpieza simple y \u00f3ptima. Adem\u00e1s el filtro evita que el grifo se bloquee.<\/li>\n<li>Cesto desenganchable de alambre con mango largo de material aislante anti-quemaduras<\/li>\n<li>Tapa en dotaci\u00f3n<\/li>\n<li>Protecci\u00f3n sobrecarga con bot\u00f3n de reajuste<\/li>\n<li>Zona fr\u00eda para mayor duraci\u00f3n del aceite<\/li>\n<li>Bastidor, caldero, cesto y tapa para acero inoxidable<\/li>\n<li>Caldero para aceite y cesto lavables en lavavajillas<\/li>\n<\/ul>\n","protected":false},"excerpt":{"rendered":"<p>Resistencia extra\u00edble con desconexi\u00f3n autom\u00e1tica Bot\u00f3n ON\/OFF Grifo desagote aceite Luces de piloto de encendido y funcionamiento resistencia Orificio de extracci\u00f3n y filtrado del aceite situado en el fondo del caldero para una limpieza simple y \u00f3ptima. Adem\u00e1s el filtro evita que el grifo se bloquee. Cesto desenganchable de alambre con mango largo de material [&hellip;]<\/p>\n","protected":false},"featured_media":7633,"comment_status":"open","ping_status":"closed","template":"","meta":{"_acf_changed":false},"product_brand":[],"product_cat":[1148],"product_tag":[1163],"class_list":{"0":"post-9044","1":"product","2":"type-product","3":"status-publish","4":"has-post-thumbnail","6":"product_cat-freidoras","7":"product_tag-orificio-de-desagote-aceite","8":"pa_capacita-8-l-es","9":"pa_dati-elettrici-230v-50hz-3300w-es","10":"pa_dimensione-28-x-49-x-385-h-cm-es","11":"pa_peso-75-kg-es","13":"first","14":"instock","15":"shipping-taxable","16":"product-type-simple"},"acf":[],"yoast_head":"<!-- This site is optimized with the Yoast SEO plugin v27.3 - https:\/\/yoast.com\/product\/yoast-seo-wordpress\/ -->\n<title>Freidora &quot;SUPER PRO&quot; con grifo - Horecatech<\/title>\n<meta name=\"robots\" content=\"index, follow, max-snippet:-1, max-image-preview:large, max-video-preview:-1\" \/>\n<link rel=\"canonical\" href=\"https:\/\/horecatech.com\/es\/prodotto\/freidora-super-pro-con-grifo\/\" \/>\n<meta property=\"og:locale\" content=\"es_ES\" \/>\n<meta property=\"og:type\" content=\"article\" \/>\n<meta property=\"og:title\" content=\"Freidora &quot;SUPER PRO&quot; con grifo - Horecatech\" \/>\n<meta property=\"og:description\" content=\"Resistencia extra\u00edble con desconexi\u00f3n autom\u00e1tica Bot\u00f3n ON\/OFF Grifo desagote aceite Luces de piloto de encendido y funcionamiento resistencia Orificio de extracci\u00f3n y filtrado del aceite situado en el fondo del caldero para una limpieza simple y \u00f3ptima. Adem\u00e1s el filtro evita que el grifo se bloquee. Cesto desenganchable de alambre con mango largo de material [&hellip;]\" \/>\n<meta property=\"og:url\" content=\"https:\/\/horecatech.com\/es\/prodotto\/freidora-super-pro-con-grifo\/\" \/>\n<meta property=\"og:site_name\" content=\"Horecatech\" \/>\n<meta property=\"article:publisher\" content=\"https:\/\/www.facebook.com\/HorecatechSrl\" \/>\n<meta property=\"article:modified_time\" content=\"2024-04-23T07:53:15+00:00\" \/>\n<meta property=\"og:image\" content=\"https:\/\/horecatech.com\/wp-content\/uploads\/2022\/09\/RS622.png\" \/>\n\t<meta property=\"og:image:width\" content=\"800\" \/>\n\t<meta property=\"og:image:height\" content=\"800\" \/>\n\t<meta property=\"og:image:type\" content=\"image\/png\" \/>\n<meta name=\"twitter:card\" content=\"summary_large_image\" \/>\n<meta name=\"twitter:label1\" content=\"Tiempo de lectura\" \/>\n\t<meta name=\"twitter:data1\" content=\"1 minuto\" \/>\n<script type=\"application\/ld+json\" class=\"yoast-schema-graph\">{\"@context\":\"https:\\\/\\\/schema.org\",\"@graph\":[{\"@type\":\"WebPage\",\"@id\":\"https:\\\/\\\/horecatech.com\\\/es\\\/prodotto\\\/freidora-super-pro-con-grifo\\\/\",\"url\":\"https:\\\/\\\/horecatech.com\\\/es\\\/prodotto\\\/freidora-super-pro-con-grifo\\\/\",\"name\":\"Freidora \\\"SUPER PRO\\\" con grifo - Horecatech\",\"isPartOf\":{\"@id\":\"https:\\\/\\\/horecatech.com\\\/es\\\/#website\"},\"primaryImageOfPage\":{\"@id\":\"https:\\\/\\\/horecatech.com\\\/es\\\/prodotto\\\/freidora-super-pro-con-grifo\\\/#primaryimage\"},\"image\":{\"@id\":\"https:\\\/\\\/horecatech.com\\\/es\\\/prodotto\\\/freidora-super-pro-con-grifo\\\/#primaryimage\"},\"thumbnailUrl\":\"https:\\\/\\\/horecatech.com\\\/wp-content\\\/uploads\\\/2022\\\/09\\\/RS622.png\",\"datePublished\":\"2022-09-08T14:17:47+00:00\",\"dateModified\":\"2024-04-23T07:53:15+00:00\",\"breadcrumb\":{\"@id\":\"https:\\\/\\\/horecatech.com\\\/es\\\/prodotto\\\/freidora-super-pro-con-grifo\\\/#breadcrumb\"},\"inLanguage\":\"es\",\"potentialAction\":[{\"@type\":\"ReadAction\",\"target\":[\"https:\\\/\\\/horecatech.com\\\/es\\\/prodotto\\\/freidora-super-pro-con-grifo\\\/\"]}]},{\"@type\":\"ImageObject\",\"inLanguage\":\"es\",\"@id\":\"https:\\\/\\\/horecatech.com\\\/es\\\/prodotto\\\/freidora-super-pro-con-grifo\\\/#primaryimage\",\"url\":\"https:\\\/\\\/horecatech.com\\\/wp-content\\\/uploads\\\/2022\\\/09\\\/RS622.png\",\"contentUrl\":\"https:\\\/\\\/horecatech.com\\\/wp-content\\\/uploads\\\/2022\\\/09\\\/RS622.png\",\"width\":800,\"height\":800,\"caption\":\"Freidora \u201cSUPER PRO\u201d con grifo RS622\"},{\"@type\":\"BreadcrumbList\",\"@id\":\"https:\\\/\\\/horecatech.com\\\/es\\\/prodotto\\\/freidora-super-pro-con-grifo\\\/#breadcrumb\",\"itemListElement\":[{\"@type\":\"ListItem\",\"position\":1,\"name\":\"Home\",\"item\":\"https:\\\/\\\/horecatech.com\\\/es\\\/\"},{\"@type\":\"ListItem\",\"position\":2,\"name\":\"Tienda\",\"item\":\"https:\\\/\\\/horecatech.com\\\/tienda\\\/\"},{\"@type\":\"ListItem\",\"position\":3,\"name\":\"Freidora &#8220;SUPER PRO&#8221; con grifo\"}]},{\"@type\":\"WebSite\",\"@id\":\"https:\\\/\\\/horecatech.com\\\/es\\\/#website\",\"url\":\"https:\\\/\\\/horecatech.com\\\/es\\\/\",\"name\":\"Horecatech\",\"description\":\"Il partner di qualit\u00e0 per le tue attrezzature professionali\",\"publisher\":{\"@id\":\"https:\\\/\\\/horecatech.com\\\/es\\\/#organization\"},\"potentialAction\":[{\"@type\":\"SearchAction\",\"target\":{\"@type\":\"EntryPoint\",\"urlTemplate\":\"https:\\\/\\\/horecatech.com\\\/es\\\/?s={search_term_string}\"},\"query-input\":{\"@type\":\"PropertyValueSpecification\",\"valueRequired\":true,\"valueName\":\"search_term_string\"}}],\"inLanguage\":\"es\"},{\"@type\":\"Organization\",\"@id\":\"https:\\\/\\\/horecatech.com\\\/es\\\/#organization\",\"name\":\"Horecatech Srl\",\"url\":\"https:\\\/\\\/horecatech.com\\\/es\\\/\",\"logo\":{\"@type\":\"ImageObject\",\"inLanguage\":\"es\",\"@id\":\"https:\\\/\\\/horecatech.com\\\/es\\\/#\\\/schema\\\/logo\\\/image\\\/\",\"url\":\"https:\\\/\\\/horecatech.com\\\/wp-content\\\/uploads\\\/2022\\\/12\\\/logo-horecatech.png\",\"contentUrl\":\"https:\\\/\\\/horecatech.com\\\/wp-content\\\/uploads\\\/2022\\\/12\\\/logo-horecatech.png\",\"width\":512,\"height\":512,\"caption\":\"Horecatech Srl\"},\"image\":{\"@id\":\"https:\\\/\\\/horecatech.com\\\/es\\\/#\\\/schema\\\/logo\\\/image\\\/\"},\"sameAs\":[\"https:\\\/\\\/www.facebook.com\\\/HorecatechSrl\",\"https:\\\/\\\/www.instagram.com\\\/horecatechofficial\\\/\"]}]}<\/script>\n<!-- \/ Yoast SEO plugin. -->","yoast_head_json":{"title":"Freidora \"SUPER PRO\" con grifo - Horecatech","robots":{"index":"index","follow":"follow","max-snippet":"max-snippet:-1","max-image-preview":"max-image-preview:large","max-video-preview":"max-video-preview:-1"},"canonical":"https:\/\/horecatech.com\/es\/prodotto\/freidora-super-pro-con-grifo\/","og_locale":"es_ES","og_type":"article","og_title":"Freidora \"SUPER PRO\" con grifo - Horecatech","og_description":"Resistencia extra\u00edble con desconexi\u00f3n autom\u00e1tica Bot\u00f3n ON\/OFF Grifo desagote aceite Luces de piloto de encendido y funcionamiento resistencia Orificio de extracci\u00f3n y filtrado del aceite situado en el fondo del caldero para una limpieza simple y \u00f3ptima. Adem\u00e1s el filtro evita que el grifo se bloquee. Cesto desenganchable de alambre con mango largo de material [&hellip;]","og_url":"https:\/\/horecatech.com\/es\/prodotto\/freidora-super-pro-con-grifo\/","og_site_name":"Horecatech","article_publisher":"https:\/\/www.facebook.com\/HorecatechSrl","article_modified_time":"2024-04-23T07:53:15+00:00","og_image":[{"width":800,"height":800,"url":"https:\/\/horecatech.com\/wp-content\/uploads\/2022\/09\/RS622.png","type":"image\/png"}],"twitter_card":"summary_large_image","twitter_misc":{"Tiempo de lectura":"1 minuto"},"schema":{"@context":"https:\/\/schema.org","@graph":[{"@type":"WebPage","@id":"https:\/\/horecatech.com\/es\/prodotto\/freidora-super-pro-con-grifo\/","url":"https:\/\/horecatech.com\/es\/prodotto\/freidora-super-pro-con-grifo\/","name":"Freidora \"SUPER PRO\" con grifo - Horecatech","isPartOf":{"@id":"https:\/\/horecatech.com\/es\/#website"},"primaryImageOfPage":{"@id":"https:\/\/horecatech.com\/es\/prodotto\/freidora-super-pro-con-grifo\/#primaryimage"},"image":{"@id":"https:\/\/horecatech.com\/es\/prodotto\/freidora-super-pro-con-grifo\/#primaryimage"},"thumbnailUrl":"https:\/\/horecatech.com\/wp-content\/uploads\/2022\/09\/RS622.png","datePublished":"2022-09-08T14:17:47+00:00","dateModified":"2024-04-23T07:53:15+00:00","breadcrumb":{"@id":"https:\/\/horecatech.com\/es\/prodotto\/freidora-super-pro-con-grifo\/#breadcrumb"},"inLanguage":"es","potentialAction":[{"@type":"ReadAction","target":["https:\/\/horecatech.com\/es\/prodotto\/freidora-super-pro-con-grifo\/"]}]},{"@type":"ImageObject","inLanguage":"es","@id":"https:\/\/horecatech.com\/es\/prodotto\/freidora-super-pro-con-grifo\/#primaryimage","url":"https:\/\/horecatech.com\/wp-content\/uploads\/2022\/09\/RS622.png","contentUrl":"https:\/\/horecatech.com\/wp-content\/uploads\/2022\/09\/RS622.png","width":800,"height":800,"caption":"Freidora \u201cSUPER PRO\u201d con grifo RS622"},{"@type":"BreadcrumbList","@id":"https:\/\/horecatech.com\/es\/prodotto\/freidora-super-pro-con-grifo\/#breadcrumb","itemListElement":[{"@type":"ListItem","position":1,"name":"Home","item":"https:\/\/horecatech.com\/es\/"},{"@type":"ListItem","position":2,"name":"Tienda","item":"https:\/\/horecatech.com\/tienda\/"},{"@type":"ListItem","position":3,"name":"Freidora &#8220;SUPER PRO&#8221; con grifo"}]},{"@type":"WebSite","@id":"https:\/\/horecatech.com\/es\/#website","url":"https:\/\/horecatech.com\/es\/","name":"Horecatech","description":"Il partner di qualit\u00e0 per le tue attrezzature professionali","publisher":{"@id":"https:\/\/horecatech.com\/es\/#organization"},"potentialAction":[{"@type":"SearchAction","target":{"@type":"EntryPoint","urlTemplate":"https:\/\/horecatech.com\/es\/?s={search_term_string}"},"query-input":{"@type":"PropertyValueSpecification","valueRequired":true,"valueName":"search_term_string"}}],"inLanguage":"es"},{"@type":"Organization","@id":"https:\/\/horecatech.com\/es\/#organization","name":"Horecatech Srl","url":"https:\/\/horecatech.com\/es\/","logo":{"@type":"ImageObject","inLanguage":"es","@id":"https:\/\/horecatech.com\/es\/#\/schema\/logo\/image\/","url":"https:\/\/horecatech.com\/wp-content\/uploads\/2022\/12\/logo-horecatech.png","contentUrl":"https:\/\/horecatech.com\/wp-content\/uploads\/2022\/12\/logo-horecatech.png","width":512,"height":512,"caption":"Horecatech Srl"},"image":{"@id":"https:\/\/horecatech.com\/es\/#\/schema\/logo\/image\/"},"sameAs":["https:\/\/www.facebook.com\/HorecatechSrl","https:\/\/www.instagram.com\/horecatechofficial\/"]}]}},"_links":{"self":[{"href":"https:\/\/horecatech.com\/es\/wp-json\/wp\/v2\/product\/9044","targetHints":{"allow":["GET"]}}],"collection":[{"href":"https:\/\/horecatech.com\/es\/wp-json\/wp\/v2\/product"}],"about":[{"href":"https:\/\/horecatech.com\/es\/wp-json\/wp\/v2\/types\/product"}],"replies":[{"embeddable":true,"href":"https:\/\/horecatech.com\/es\/wp-json\/wp\/v2\/comments?post=9044"}],"wp:featuredmedia":[{"embeddable":true,"href":"https:\/\/horecatech.com\/es\/wp-json\/wp\/v2\/media\/7633"}],"wp:attachment":[{"href":"https:\/\/horecatech.com\/es\/wp-json\/wp\/v2\/media?parent=9044"}],"wp:term":[{"taxonomy":"product_brand","embeddable":true,"href":"https:\/\/horecatech.com\/es\/wp-json\/wp\/v2\/product_brand?post=9044"},{"taxonomy":"product_cat","embeddable":true,"href":"https:\/\/horecatech.com\/es\/wp-json\/wp\/v2\/product_cat?post=9044"},{"taxonomy":"product_tag","embeddable":true,"href":"https:\/\/horecatech.com\/es\/wp-json\/wp\/v2\/product_tag?post=9044"}],"curies":[{"name":"wp","href":"https:\/\/api.w.org\/{rel}","templated":true}]}}