{"id":9043,"date":"2022-09-08T16:15:27","date_gmt":"2022-09-08T14:15:27","guid":{"rendered":"https:\/\/horecatech.com\/prodotto\/freidora-master-pro-88-lt\/"},"modified":"2024-04-23T09:41:23","modified_gmt":"2024-04-23T07:41:23","slug":"freidora-master-pro-88-lt","status":"publish","type":"product","link":"https:\/\/horecatech.com\/es\/prodotto\/freidora-master-pro-88-lt\/","title":{"rendered":"Freidora \u00abMASTER PRO\u00bb 8+8 l"},"content":{"rendered":"<ul>\n<li>Resistencias extra\u00edbles con desconexi\u00f3n autom\u00e1tica<\/li>\n<li>Luces de piloto de encendido y funcionamiento resistencia<\/li>\n<li>Calderos para aceite con manijas para extracci\u00f3n f\u00e1cil<\/li>\n<li>Cestos desenganchables de alambre con mangos largos de material aislante anti-quemaduras<\/li>\n<li>Tapas en dotaci\u00f3n<\/li>\n<li>Protecci\u00f3n sobrecarga con bot\u00f3n de reajuste<\/li>\n<li>Zona fr\u00eda para mayor duraci\u00f3n del aceite<\/li>\n<li>Bastidor, calderos, cestos y tapas de acero inoxidable<\/li>\n<li>Caldero para aceite y cesto lavables en lavavajillas<\/li>\n<\/ul>\n","protected":false},"excerpt":{"rendered":"<p>Resistencias extra\u00edbles con desconexi\u00f3n autom\u00e1tica Luces de piloto de encendido y funcionamiento resistencia Calderos para aceite con manijas para extracci\u00f3n f\u00e1cil Cestos desenganchables de alambre con mangos largos de material aislante anti-quemaduras Tapas en dotaci\u00f3n Protecci\u00f3n sobrecarga con bot\u00f3n de reajuste Zona fr\u00eda para mayor duraci\u00f3n del aceite Bastidor, calderos, cestos y tapas de acero [&hellip;]<\/p>\n","protected":false},"featured_media":11186,"comment_status":"open","ping_status":"closed","template":"","meta":{"_acf_changed":false},"product_brand":[],"product_cat":[1148],"product_tag":[],"class_list":{"0":"post-9043","1":"product","2":"type-product","3":"status-publish","4":"has-post-thumbnail","6":"product_cat-freidoras","7":"pa_capacita-88-l-es","8":"pa_dati-elettrici-220v-240v-50hz-3250w-x2-es","9":"pa_dimensione-535-x-415-x-34-h-cm-es","10":"pa_peso-106-kg-es","12":"first","13":"instock","14":"shipping-taxable","15":"product-type-simple"},"acf":[],"yoast_head":"<!-- This site is optimized with the Yoast SEO plugin v27.3 - https:\/\/yoast.com\/product\/yoast-seo-wordpress\/ -->\n<title>Freidora &quot;MASTER PRO&quot; 8+8 l - Horecatech<\/title>\n<meta name=\"robots\" content=\"index, follow, max-snippet:-1, max-image-preview:large, max-video-preview:-1\" \/>\n<link rel=\"canonical\" href=\"https:\/\/horecatech.com\/es\/prodotto\/freidora-master-pro-88-lt\/\" \/>\n<meta property=\"og:locale\" content=\"es_ES\" \/>\n<meta property=\"og:type\" content=\"article\" \/>\n<meta property=\"og:title\" content=\"Freidora &quot;MASTER PRO&quot; 8+8 l - Horecatech\" \/>\n<meta property=\"og:description\" content=\"Resistencias extra\u00edbles con desconexi\u00f3n autom\u00e1tica Luces de piloto de encendido y funcionamiento resistencia Calderos para aceite con manijas para extracci\u00f3n f\u00e1cil Cestos desenganchables de alambre con mangos largos de material aislante anti-quemaduras Tapas en dotaci\u00f3n Protecci\u00f3n sobrecarga con bot\u00f3n de reajuste Zona fr\u00eda para mayor duraci\u00f3n del aceite Bastidor, calderos, cestos y tapas de acero [&hellip;]\" \/>\n<meta property=\"og:url\" content=\"https:\/\/horecatech.com\/es\/prodotto\/freidora-master-pro-88-lt\/\" \/>\n<meta property=\"og:site_name\" content=\"Horecatech\" \/>\n<meta property=\"article:publisher\" content=\"https:\/\/www.facebook.com\/HorecatechSrl\" \/>\n<meta property=\"article:modified_time\" content=\"2024-04-23T07:41:23+00:00\" \/>\n<meta property=\"og:image\" content=\"https:\/\/horecatech.com\/wp-content\/uploads\/2022\/09\/RS619.png\" \/>\n\t<meta property=\"og:image:width\" content=\"800\" \/>\n\t<meta property=\"og:image:height\" content=\"800\" \/>\n\t<meta property=\"og:image:type\" content=\"image\/png\" \/>\n<meta name=\"twitter:card\" content=\"summary_large_image\" \/>\n<meta name=\"twitter:label1\" content=\"Tiempo de lectura\" \/>\n\t<meta name=\"twitter:data1\" content=\"1 minuto\" \/>\n<script type=\"application\/ld+json\" class=\"yoast-schema-graph\">{\"@context\":\"https:\\\/\\\/schema.org\",\"@graph\":[{\"@type\":\"WebPage\",\"@id\":\"https:\\\/\\\/horecatech.com\\\/es\\\/prodotto\\\/freidora-master-pro-88-lt\\\/\",\"url\":\"https:\\\/\\\/horecatech.com\\\/es\\\/prodotto\\\/freidora-master-pro-88-lt\\\/\",\"name\":\"Freidora \\\"MASTER PRO\\\" 8+8 l - Horecatech\",\"isPartOf\":{\"@id\":\"https:\\\/\\\/horecatech.com\\\/es\\\/#website\"},\"primaryImageOfPage\":{\"@id\":\"https:\\\/\\\/horecatech.com\\\/es\\\/prodotto\\\/freidora-master-pro-88-lt\\\/#primaryimage\"},\"image\":{\"@id\":\"https:\\\/\\\/horecatech.com\\\/es\\\/prodotto\\\/freidora-master-pro-88-lt\\\/#primaryimage\"},\"thumbnailUrl\":\"https:\\\/\\\/horecatech.com\\\/wp-content\\\/uploads\\\/2022\\\/09\\\/RS619N_800x800.png\",\"datePublished\":\"2022-09-08T14:15:27+00:00\",\"dateModified\":\"2024-04-23T07:41:23+00:00\",\"breadcrumb\":{\"@id\":\"https:\\\/\\\/horecatech.com\\\/es\\\/prodotto\\\/freidora-master-pro-88-lt\\\/#breadcrumb\"},\"inLanguage\":\"es\",\"potentialAction\":[{\"@type\":\"ReadAction\",\"target\":[\"https:\\\/\\\/horecatech.com\\\/es\\\/prodotto\\\/freidora-master-pro-88-lt\\\/\"]}]},{\"@type\":\"ImageObject\",\"inLanguage\":\"es\",\"@id\":\"https:\\\/\\\/horecatech.com\\\/es\\\/prodotto\\\/freidora-master-pro-88-lt\\\/#primaryimage\",\"url\":\"https:\\\/\\\/horecatech.com\\\/wp-content\\\/uploads\\\/2022\\\/09\\\/RS619N_800x800.png\",\"contentUrl\":\"https:\\\/\\\/horecatech.com\\\/wp-content\\\/uploads\\\/2022\\\/09\\\/RS619N_800x800.png\",\"width\":800,\"height\":800},{\"@type\":\"BreadcrumbList\",\"@id\":\"https:\\\/\\\/horecatech.com\\\/es\\\/prodotto\\\/freidora-master-pro-88-lt\\\/#breadcrumb\",\"itemListElement\":[{\"@type\":\"ListItem\",\"position\":1,\"name\":\"Home\",\"item\":\"https:\\\/\\\/horecatech.com\\\/es\\\/\"},{\"@type\":\"ListItem\",\"position\":2,\"name\":\"Tienda\",\"item\":\"https:\\\/\\\/horecatech.com\\\/tienda\\\/\"},{\"@type\":\"ListItem\",\"position\":3,\"name\":\"Freidora &#8220;MASTER PRO&#8221; 8+8 l\"}]},{\"@type\":\"WebSite\",\"@id\":\"https:\\\/\\\/horecatech.com\\\/es\\\/#website\",\"url\":\"https:\\\/\\\/horecatech.com\\\/es\\\/\",\"name\":\"Horecatech\",\"description\":\"Il partner di qualit\u00e0 per le tue attrezzature professionali\",\"publisher\":{\"@id\":\"https:\\\/\\\/horecatech.com\\\/es\\\/#organization\"},\"potentialAction\":[{\"@type\":\"SearchAction\",\"target\":{\"@type\":\"EntryPoint\",\"urlTemplate\":\"https:\\\/\\\/horecatech.com\\\/es\\\/?s={search_term_string}\"},\"query-input\":{\"@type\":\"PropertyValueSpecification\",\"valueRequired\":true,\"valueName\":\"search_term_string\"}}],\"inLanguage\":\"es\"},{\"@type\":\"Organization\",\"@id\":\"https:\\\/\\\/horecatech.com\\\/es\\\/#organization\",\"name\":\"Horecatech Srl\",\"url\":\"https:\\\/\\\/horecatech.com\\\/es\\\/\",\"logo\":{\"@type\":\"ImageObject\",\"inLanguage\":\"es\",\"@id\":\"https:\\\/\\\/horecatech.com\\\/es\\\/#\\\/schema\\\/logo\\\/image\\\/\",\"url\":\"https:\\\/\\\/horecatech.com\\\/wp-content\\\/uploads\\\/2022\\\/12\\\/logo-horecatech.png\",\"contentUrl\":\"https:\\\/\\\/horecatech.com\\\/wp-content\\\/uploads\\\/2022\\\/12\\\/logo-horecatech.png\",\"width\":512,\"height\":512,\"caption\":\"Horecatech Srl\"},\"image\":{\"@id\":\"https:\\\/\\\/horecatech.com\\\/es\\\/#\\\/schema\\\/logo\\\/image\\\/\"},\"sameAs\":[\"https:\\\/\\\/www.facebook.com\\\/HorecatechSrl\",\"https:\\\/\\\/www.instagram.com\\\/horecatechofficial\\\/\"]}]}<\/script>\n<!-- \/ Yoast SEO plugin. -->","yoast_head_json":{"title":"Freidora \"MASTER PRO\" 8+8 l - Horecatech","robots":{"index":"index","follow":"follow","max-snippet":"max-snippet:-1","max-image-preview":"max-image-preview:large","max-video-preview":"max-video-preview:-1"},"canonical":"https:\/\/horecatech.com\/es\/prodotto\/freidora-master-pro-88-lt\/","og_locale":"es_ES","og_type":"article","og_title":"Freidora \"MASTER PRO\" 8+8 l - Horecatech","og_description":"Resistencias extra\u00edbles con desconexi\u00f3n autom\u00e1tica Luces de piloto de encendido y funcionamiento resistencia Calderos para aceite con manijas para extracci\u00f3n f\u00e1cil Cestos desenganchables de alambre con mangos largos de material aislante anti-quemaduras Tapas en dotaci\u00f3n Protecci\u00f3n sobrecarga con bot\u00f3n de reajuste Zona fr\u00eda para mayor duraci\u00f3n del aceite Bastidor, calderos, cestos y tapas de acero [&hellip;]","og_url":"https:\/\/horecatech.com\/es\/prodotto\/freidora-master-pro-88-lt\/","og_site_name":"Horecatech","article_publisher":"https:\/\/www.facebook.com\/HorecatechSrl","article_modified_time":"2024-04-23T07:41:23+00:00","og_image":[{"width":800,"height":800,"url":"https:\/\/horecatech.com\/wp-content\/uploads\/2022\/09\/RS619.png","type":"image\/png"}],"twitter_card":"summary_large_image","twitter_misc":{"Tiempo de lectura":"1 minuto"},"schema":{"@context":"https:\/\/schema.org","@graph":[{"@type":"WebPage","@id":"https:\/\/horecatech.com\/es\/prodotto\/freidora-master-pro-88-lt\/","url":"https:\/\/horecatech.com\/es\/prodotto\/freidora-master-pro-88-lt\/","name":"Freidora \"MASTER PRO\" 8+8 l - Horecatech","isPartOf":{"@id":"https:\/\/horecatech.com\/es\/#website"},"primaryImageOfPage":{"@id":"https:\/\/horecatech.com\/es\/prodotto\/freidora-master-pro-88-lt\/#primaryimage"},"image":{"@id":"https:\/\/horecatech.com\/es\/prodotto\/freidora-master-pro-88-lt\/#primaryimage"},"thumbnailUrl":"https:\/\/horecatech.com\/wp-content\/uploads\/2022\/09\/RS619N_800x800.png","datePublished":"2022-09-08T14:15:27+00:00","dateModified":"2024-04-23T07:41:23+00:00","breadcrumb":{"@id":"https:\/\/horecatech.com\/es\/prodotto\/freidora-master-pro-88-lt\/#breadcrumb"},"inLanguage":"es","potentialAction":[{"@type":"ReadAction","target":["https:\/\/horecatech.com\/es\/prodotto\/freidora-master-pro-88-lt\/"]}]},{"@type":"ImageObject","inLanguage":"es","@id":"https:\/\/horecatech.com\/es\/prodotto\/freidora-master-pro-88-lt\/#primaryimage","url":"https:\/\/horecatech.com\/wp-content\/uploads\/2022\/09\/RS619N_800x800.png","contentUrl":"https:\/\/horecatech.com\/wp-content\/uploads\/2022\/09\/RS619N_800x800.png","width":800,"height":800},{"@type":"BreadcrumbList","@id":"https:\/\/horecatech.com\/es\/prodotto\/freidora-master-pro-88-lt\/#breadcrumb","itemListElement":[{"@type":"ListItem","position":1,"name":"Home","item":"https:\/\/horecatech.com\/es\/"},{"@type":"ListItem","position":2,"name":"Tienda","item":"https:\/\/horecatech.com\/tienda\/"},{"@type":"ListItem","position":3,"name":"Freidora &#8220;MASTER PRO&#8221; 8+8 l"}]},{"@type":"WebSite","@id":"https:\/\/horecatech.com\/es\/#website","url":"https:\/\/horecatech.com\/es\/","name":"Horecatech","description":"Il partner di qualit\u00e0 per le tue attrezzature professionali","publisher":{"@id":"https:\/\/horecatech.com\/es\/#organization"},"potentialAction":[{"@type":"SearchAction","target":{"@type":"EntryPoint","urlTemplate":"https:\/\/horecatech.com\/es\/?s={search_term_string}"},"query-input":{"@type":"PropertyValueSpecification","valueRequired":true,"valueName":"search_term_string"}}],"inLanguage":"es"},{"@type":"Organization","@id":"https:\/\/horecatech.com\/es\/#organization","name":"Horecatech Srl","url":"https:\/\/horecatech.com\/es\/","logo":{"@type":"ImageObject","inLanguage":"es","@id":"https:\/\/horecatech.com\/es\/#\/schema\/logo\/image\/","url":"https:\/\/horecatech.com\/wp-content\/uploads\/2022\/12\/logo-horecatech.png","contentUrl":"https:\/\/horecatech.com\/wp-content\/uploads\/2022\/12\/logo-horecatech.png","width":512,"height":512,"caption":"Horecatech Srl"},"image":{"@id":"https:\/\/horecatech.com\/es\/#\/schema\/logo\/image\/"},"sameAs":["https:\/\/www.facebook.com\/HorecatechSrl","https:\/\/www.instagram.com\/horecatechofficial\/"]}]}},"_links":{"self":[{"href":"https:\/\/horecatech.com\/es\/wp-json\/wp\/v2\/product\/9043","targetHints":{"allow":["GET"]}}],"collection":[{"href":"https:\/\/horecatech.com\/es\/wp-json\/wp\/v2\/product"}],"about":[{"href":"https:\/\/horecatech.com\/es\/wp-json\/wp\/v2\/types\/product"}],"replies":[{"embeddable":true,"href":"https:\/\/horecatech.com\/es\/wp-json\/wp\/v2\/comments?post=9043"}],"wp:featuredmedia":[{"embeddable":true,"href":"https:\/\/horecatech.com\/es\/wp-json\/wp\/v2\/media\/11186"}],"wp:attachment":[{"href":"https:\/\/horecatech.com\/es\/wp-json\/wp\/v2\/media?parent=9043"}],"wp:term":[{"taxonomy":"product_brand","embeddable":true,"href":"https:\/\/horecatech.com\/es\/wp-json\/wp\/v2\/product_brand?post=9043"},{"taxonomy":"product_cat","embeddable":true,"href":"https:\/\/horecatech.com\/es\/wp-json\/wp\/v2\/product_cat?post=9043"},{"taxonomy":"product_tag","embeddable":true,"href":"https:\/\/horecatech.com\/es\/wp-json\/wp\/v2\/product_tag?post=9043"}],"curies":[{"name":"wp","href":"https:\/\/api.w.org\/{rel}","templated":true}]}}