{"id":9039,"date":"2022-09-08T15:39:58","date_gmt":"2022-09-08T13:39:58","guid":{"rendered":"https:\/\/horecatech.com\/prodotto\/placa-de-induccion-digital-3500w\/"},"modified":"2024-07-11T17:05:27","modified_gmt":"2024-07-11T15:05:27","slug":"placa-de-induccion-digital-3500w","status":"publish","type":"product","link":"https:\/\/horecatech.com\/es\/prodotto\/placa-de-induccion-digital-3500w\/","title":{"rendered":"Placa de inducci\u00f3n digital 3500W"},"content":{"rendered":"<ul>\n<li>Funci\u00f3n M\u00edn\/M\u00e1x (r\u00e1pida selecci\u00f3n de la potencia m\u00ednima y m\u00e1xima)<\/li>\n<li>Configuraci\u00f3n de la absorci\u00f3n m\u00e1xima (limitador)<\/li>\n<li>Funci\u00f3n bloqueo de seguridad<\/li>\n<li>Temporizador (1 min-2 horas y 59 min)<\/li>\n<li>Doble ventilador de enfriamiento<\/li>\n<li>Filtro antigrasa extra\u00edble<\/li>\n<li>Pantalla LCD<\/li>\n<li>Patas regulables<\/li>\n<li>Pantalla t\u00e1ctil impermeable<\/li>\n<li>Apagado autom\u00e1tico despu\u00e9s de 120 min sin utilizar<\/li>\n<li>Cuerpo de acero inoxidable<\/li>\n<\/ul>\n","protected":false},"excerpt":{"rendered":"<p>Funci\u00f3n M\u00edn\/M\u00e1x (r\u00e1pida selecci\u00f3n de la potencia m\u00ednima y m\u00e1xima) Configuraci\u00f3n de la absorci\u00f3n m\u00e1xima (limitador) Funci\u00f3n bloqueo de seguridad Temporizador (1 min-2 horas y 59 min) Doble ventilador de enfriamiento Filtro antigrasa extra\u00edble Pantalla LCD Patas regulables Pantalla t\u00e1ctil impermeable Apagado autom\u00e1tico despu\u00e9s de 120 min sin utilizar Cuerpo de acero inoxidable<\/p>\n","protected":false},"featured_media":10871,"comment_status":"open","ping_status":"closed","template":"","meta":{"_acf_changed":false},"product_brand":[],"product_cat":[1143],"product_tag":[1040,1039],"class_list":{"0":"post-9039","1":"product","2":"type-product","3":"status-publish","4":"has-post-thumbnail","6":"product_cat-placas-de-induccion","7":"product_tag-2-anos-de-garantia","8":"product_tag-linea-elite-es","9":"pa_dati-elettrici-220v-240v-50-60hz-3500w-es","10":"pa_diametro-pentole-min-14-cm-max-32-cm-es","11":"pa_dimensione-40-x-53-x-12-h-cm-es","12":"pa_livelli-potenza-17-de-100w-a-3500w","13":"pa_peso-7-kg-es","14":"pa_temperature-regolabili-de-35c-a-240c-step-5c","16":"first","17":"instock","18":"shipping-taxable","19":"product-type-simple"},"acf":[],"yoast_head":"<!-- This site is optimized with the Yoast SEO plugin v27.3 - https:\/\/yoast.com\/product\/yoast-seo-wordpress\/ -->\n<title>Placa de inducci\u00f3n digital 3500W - Horecatech<\/title>\n<meta name=\"robots\" content=\"index, follow, max-snippet:-1, max-image-preview:large, max-video-preview:-1\" \/>\n<link rel=\"canonical\" href=\"https:\/\/horecatech.com\/es\/prodotto\/placa-de-induccion-digital-3500w\/\" \/>\n<meta property=\"og:locale\" content=\"es_ES\" \/>\n<meta property=\"og:type\" content=\"article\" \/>\n<meta property=\"og:title\" content=\"Placa de inducci\u00f3n digital 3500W - Horecatech\" \/>\n<meta property=\"og:description\" content=\"Funci\u00f3n M\u00edn\/M\u00e1x (r\u00e1pida selecci\u00f3n de la potencia m\u00ednima y m\u00e1xima) Configuraci\u00f3n de la absorci\u00f3n m\u00e1xima (limitador) Funci\u00f3n bloqueo de seguridad Temporizador (1 min-2 horas y 59 min) Doble ventilador de enfriamiento Filtro antigrasa extra\u00edble Pantalla LCD Patas regulables Pantalla t\u00e1ctil impermeable Apagado autom\u00e1tico despu\u00e9s de 120 min sin utilizar Cuerpo de acero inoxidable\" \/>\n<meta property=\"og:url\" content=\"https:\/\/horecatech.com\/es\/prodotto\/placa-de-induccion-digital-3500w\/\" \/>\n<meta property=\"og:site_name\" content=\"Horecatech\" \/>\n<meta property=\"article:publisher\" content=\"https:\/\/www.facebook.com\/HorecatechSrl\" \/>\n<meta property=\"article:modified_time\" content=\"2024-07-11T15:05:27+00:00\" \/>\n<meta property=\"og:image\" content=\"https:\/\/horecatech.com\/wp-content\/uploads\/2022\/09\/RS628N_XL_Sito.png\" \/>\n\t<meta property=\"og:image:width\" content=\"800\" \/>\n\t<meta property=\"og:image:height\" content=\"800\" \/>\n\t<meta property=\"og:image:type\" content=\"image\/png\" \/>\n<meta name=\"twitter:card\" content=\"summary_large_image\" \/>\n<meta name=\"twitter:label1\" content=\"Tiempo de lectura\" \/>\n\t<meta name=\"twitter:data1\" content=\"1 minuto\" \/>\n<script type=\"application\/ld+json\" class=\"yoast-schema-graph\">{\"@context\":\"https:\\\/\\\/schema.org\",\"@graph\":[{\"@type\":\"WebPage\",\"@id\":\"https:\\\/\\\/horecatech.com\\\/es\\\/prodotto\\\/placa-de-induccion-digital-3500w\\\/\",\"url\":\"https:\\\/\\\/horecatech.com\\\/es\\\/prodotto\\\/placa-de-induccion-digital-3500w\\\/\",\"name\":\"Placa de inducci\u00f3n digital 3500W - Horecatech\",\"isPartOf\":{\"@id\":\"https:\\\/\\\/horecatech.com\\\/es\\\/#website\"},\"primaryImageOfPage\":{\"@id\":\"https:\\\/\\\/horecatech.com\\\/es\\\/prodotto\\\/placa-de-induccion-digital-3500w\\\/#primaryimage\"},\"image\":{\"@id\":\"https:\\\/\\\/horecatech.com\\\/es\\\/prodotto\\\/placa-de-induccion-digital-3500w\\\/#primaryimage\"},\"thumbnailUrl\":\"https:\\\/\\\/horecatech.com\\\/wp-content\\\/uploads\\\/2022\\\/09\\\/RS628N_XL_Sito.png\",\"datePublished\":\"2022-09-08T13:39:58+00:00\",\"dateModified\":\"2024-07-11T15:05:27+00:00\",\"breadcrumb\":{\"@id\":\"https:\\\/\\\/horecatech.com\\\/es\\\/prodotto\\\/placa-de-induccion-digital-3500w\\\/#breadcrumb\"},\"inLanguage\":\"es\",\"potentialAction\":[{\"@type\":\"ReadAction\",\"target\":[\"https:\\\/\\\/horecatech.com\\\/es\\\/prodotto\\\/placa-de-induccion-digital-3500w\\\/\"]}]},{\"@type\":\"ImageObject\",\"inLanguage\":\"es\",\"@id\":\"https:\\\/\\\/horecatech.com\\\/es\\\/prodotto\\\/placa-de-induccion-digital-3500w\\\/#primaryimage\",\"url\":\"https:\\\/\\\/horecatech.com\\\/wp-content\\\/uploads\\\/2022\\\/09\\\/RS628N_XL_Sito.png\",\"contentUrl\":\"https:\\\/\\\/horecatech.com\\\/wp-content\\\/uploads\\\/2022\\\/09\\\/RS628N_XL_Sito.png\",\"width\":800,\"height\":800},{\"@type\":\"BreadcrumbList\",\"@id\":\"https:\\\/\\\/horecatech.com\\\/es\\\/prodotto\\\/placa-de-induccion-digital-3500w\\\/#breadcrumb\",\"itemListElement\":[{\"@type\":\"ListItem\",\"position\":1,\"name\":\"Home\",\"item\":\"https:\\\/\\\/horecatech.com\\\/es\\\/\"},{\"@type\":\"ListItem\",\"position\":2,\"name\":\"Tienda\",\"item\":\"https:\\\/\\\/horecatech.com\\\/tienda\\\/\"},{\"@type\":\"ListItem\",\"position\":3,\"name\":\"Placa de inducci\u00f3n digital 3500W\"}]},{\"@type\":\"WebSite\",\"@id\":\"https:\\\/\\\/horecatech.com\\\/es\\\/#website\",\"url\":\"https:\\\/\\\/horecatech.com\\\/es\\\/\",\"name\":\"Horecatech\",\"description\":\"Il partner di qualit\u00e0 per le tue attrezzature professionali\",\"publisher\":{\"@id\":\"https:\\\/\\\/horecatech.com\\\/es\\\/#organization\"},\"potentialAction\":[{\"@type\":\"SearchAction\",\"target\":{\"@type\":\"EntryPoint\",\"urlTemplate\":\"https:\\\/\\\/horecatech.com\\\/es\\\/?s={search_term_string}\"},\"query-input\":{\"@type\":\"PropertyValueSpecification\",\"valueRequired\":true,\"valueName\":\"search_term_string\"}}],\"inLanguage\":\"es\"},{\"@type\":\"Organization\",\"@id\":\"https:\\\/\\\/horecatech.com\\\/es\\\/#organization\",\"name\":\"Horecatech Srl\",\"url\":\"https:\\\/\\\/horecatech.com\\\/es\\\/\",\"logo\":{\"@type\":\"ImageObject\",\"inLanguage\":\"es\",\"@id\":\"https:\\\/\\\/horecatech.com\\\/es\\\/#\\\/schema\\\/logo\\\/image\\\/\",\"url\":\"https:\\\/\\\/horecatech.com\\\/wp-content\\\/uploads\\\/2022\\\/12\\\/logo-horecatech.png\",\"contentUrl\":\"https:\\\/\\\/horecatech.com\\\/wp-content\\\/uploads\\\/2022\\\/12\\\/logo-horecatech.png\",\"width\":512,\"height\":512,\"caption\":\"Horecatech Srl\"},\"image\":{\"@id\":\"https:\\\/\\\/horecatech.com\\\/es\\\/#\\\/schema\\\/logo\\\/image\\\/\"},\"sameAs\":[\"https:\\\/\\\/www.facebook.com\\\/HorecatechSrl\",\"https:\\\/\\\/www.instagram.com\\\/horecatechofficial\\\/\"]}]}<\/script>\n<!-- \/ Yoast SEO plugin. -->","yoast_head_json":{"title":"Placa de inducci\u00f3n digital 3500W - Horecatech","robots":{"index":"index","follow":"follow","max-snippet":"max-snippet:-1","max-image-preview":"max-image-preview:large","max-video-preview":"max-video-preview:-1"},"canonical":"https:\/\/horecatech.com\/es\/prodotto\/placa-de-induccion-digital-3500w\/","og_locale":"es_ES","og_type":"article","og_title":"Placa de inducci\u00f3n digital 3500W - Horecatech","og_description":"Funci\u00f3n M\u00edn\/M\u00e1x (r\u00e1pida selecci\u00f3n de la potencia m\u00ednima y m\u00e1xima) Configuraci\u00f3n de la absorci\u00f3n m\u00e1xima (limitador) Funci\u00f3n bloqueo de seguridad Temporizador (1 min-2 horas y 59 min) Doble ventilador de enfriamiento Filtro antigrasa extra\u00edble Pantalla LCD Patas regulables Pantalla t\u00e1ctil impermeable Apagado autom\u00e1tico despu\u00e9s de 120 min sin utilizar Cuerpo de acero inoxidable","og_url":"https:\/\/horecatech.com\/es\/prodotto\/placa-de-induccion-digital-3500w\/","og_site_name":"Horecatech","article_publisher":"https:\/\/www.facebook.com\/HorecatechSrl","article_modified_time":"2024-07-11T15:05:27+00:00","og_image":[{"width":800,"height":800,"url":"https:\/\/horecatech.com\/wp-content\/uploads\/2022\/09\/RS628N_XL_Sito.png","type":"image\/png"}],"twitter_card":"summary_large_image","twitter_misc":{"Tiempo de lectura":"1 minuto"},"schema":{"@context":"https:\/\/schema.org","@graph":[{"@type":"WebPage","@id":"https:\/\/horecatech.com\/es\/prodotto\/placa-de-induccion-digital-3500w\/","url":"https:\/\/horecatech.com\/es\/prodotto\/placa-de-induccion-digital-3500w\/","name":"Placa de inducci\u00f3n digital 3500W - Horecatech","isPartOf":{"@id":"https:\/\/horecatech.com\/es\/#website"},"primaryImageOfPage":{"@id":"https:\/\/horecatech.com\/es\/prodotto\/placa-de-induccion-digital-3500w\/#primaryimage"},"image":{"@id":"https:\/\/horecatech.com\/es\/prodotto\/placa-de-induccion-digital-3500w\/#primaryimage"},"thumbnailUrl":"https:\/\/horecatech.com\/wp-content\/uploads\/2022\/09\/RS628N_XL_Sito.png","datePublished":"2022-09-08T13:39:58+00:00","dateModified":"2024-07-11T15:05:27+00:00","breadcrumb":{"@id":"https:\/\/horecatech.com\/es\/prodotto\/placa-de-induccion-digital-3500w\/#breadcrumb"},"inLanguage":"es","potentialAction":[{"@type":"ReadAction","target":["https:\/\/horecatech.com\/es\/prodotto\/placa-de-induccion-digital-3500w\/"]}]},{"@type":"ImageObject","inLanguage":"es","@id":"https:\/\/horecatech.com\/es\/prodotto\/placa-de-induccion-digital-3500w\/#primaryimage","url":"https:\/\/horecatech.com\/wp-content\/uploads\/2022\/09\/RS628N_XL_Sito.png","contentUrl":"https:\/\/horecatech.com\/wp-content\/uploads\/2022\/09\/RS628N_XL_Sito.png","width":800,"height":800},{"@type":"BreadcrumbList","@id":"https:\/\/horecatech.com\/es\/prodotto\/placa-de-induccion-digital-3500w\/#breadcrumb","itemListElement":[{"@type":"ListItem","position":1,"name":"Home","item":"https:\/\/horecatech.com\/es\/"},{"@type":"ListItem","position":2,"name":"Tienda","item":"https:\/\/horecatech.com\/tienda\/"},{"@type":"ListItem","position":3,"name":"Placa de inducci\u00f3n digital 3500W"}]},{"@type":"WebSite","@id":"https:\/\/horecatech.com\/es\/#website","url":"https:\/\/horecatech.com\/es\/","name":"Horecatech","description":"Il partner di qualit\u00e0 per le tue attrezzature professionali","publisher":{"@id":"https:\/\/horecatech.com\/es\/#organization"},"potentialAction":[{"@type":"SearchAction","target":{"@type":"EntryPoint","urlTemplate":"https:\/\/horecatech.com\/es\/?s={search_term_string}"},"query-input":{"@type":"PropertyValueSpecification","valueRequired":true,"valueName":"search_term_string"}}],"inLanguage":"es"},{"@type":"Organization","@id":"https:\/\/horecatech.com\/es\/#organization","name":"Horecatech Srl","url":"https:\/\/horecatech.com\/es\/","logo":{"@type":"ImageObject","inLanguage":"es","@id":"https:\/\/horecatech.com\/es\/#\/schema\/logo\/image\/","url":"https:\/\/horecatech.com\/wp-content\/uploads\/2022\/12\/logo-horecatech.png","contentUrl":"https:\/\/horecatech.com\/wp-content\/uploads\/2022\/12\/logo-horecatech.png","width":512,"height":512,"caption":"Horecatech Srl"},"image":{"@id":"https:\/\/horecatech.com\/es\/#\/schema\/logo\/image\/"},"sameAs":["https:\/\/www.facebook.com\/HorecatechSrl","https:\/\/www.instagram.com\/horecatechofficial\/"]}]}},"_links":{"self":[{"href":"https:\/\/horecatech.com\/es\/wp-json\/wp\/v2\/product\/9039","targetHints":{"allow":["GET"]}}],"collection":[{"href":"https:\/\/horecatech.com\/es\/wp-json\/wp\/v2\/product"}],"about":[{"href":"https:\/\/horecatech.com\/es\/wp-json\/wp\/v2\/types\/product"}],"replies":[{"embeddable":true,"href":"https:\/\/horecatech.com\/es\/wp-json\/wp\/v2\/comments?post=9039"}],"wp:featuredmedia":[{"embeddable":true,"href":"https:\/\/horecatech.com\/es\/wp-json\/wp\/v2\/media\/10871"}],"wp:attachment":[{"href":"https:\/\/horecatech.com\/es\/wp-json\/wp\/v2\/media?parent=9039"}],"wp:term":[{"taxonomy":"product_brand","embeddable":true,"href":"https:\/\/horecatech.com\/es\/wp-json\/wp\/v2\/product_brand?post=9039"},{"taxonomy":"product_cat","embeddable":true,"href":"https:\/\/horecatech.com\/es\/wp-json\/wp\/v2\/product_cat?post=9039"},{"taxonomy":"product_tag","embeddable":true,"href":"https:\/\/horecatech.com\/es\/wp-json\/wp\/v2\/product_tag?post=9039"}],"curies":[{"name":"wp","href":"https:\/\/api.w.org\/{rel}","templated":true}]}}