{"id":9037,"date":"2022-08-31T16:58:31","date_gmt":"2022-08-31T14:58:31","guid":{"rendered":"https:\/\/horecatech.com\/prodotto\/dispositivo-para-la-coccion-en-vacio\/"},"modified":"2024-04-12T09:15:52","modified_gmt":"2024-04-12T07:15:52","slug":"dispositivo-para-la-coccion-en-vacio","status":"publish","type":"product","link":"https:\/\/horecatech.com\/es\/prodotto\/dispositivo-para-la-coccion-en-vacio\/","title":{"rendered":"Dispositivo para la cocci\u00f3n en vac\u00edo"},"content":{"rendered":"<ul>\n<li>Rango de funcionamiento (temperatura dentro de la cual el dispositivo es sensible) 0\u00b0C\/100\u00b0C<\/li>\n<li>Pantalla de cristal l\u00edquido<\/li>\n<li>Configuraci\u00f3n pantalla en \u00b0C o \u00b0F<\/li>\n<li>Protecci\u00f3n por sobrecarga<\/li>\n<li>IPX7<\/li>\n<li>Bot\u00f3n reinicio r\u00e1pido<\/li>\n<li>Filtro residuos removible<\/li>\n<\/ul>\n","protected":false},"excerpt":{"rendered":"<p>Rango de funcionamiento (temperatura dentro de la cual el dispositivo es sensible) 0\u00b0C\/100\u00b0C Pantalla de cristal l\u00edquido Configuraci\u00f3n pantalla en \u00b0C o \u00b0F Protecci\u00f3n por sobrecarga IPX7 Bot\u00f3n reinicio r\u00e1pido Filtro residuos removible<\/p>\n","protected":false},"featured_media":7521,"comment_status":"open","ping_status":"closed","template":"","meta":{"_acf_changed":false},"product_brand":[],"product_cat":[1130],"product_tag":[],"class_list":{"0":"post-9037","1":"product","2":"type-product","3":"status-publish","4":"has-post-thumbnail","6":"product_cat-coccion-en-vacio","7":"pa_dati-elettrici-220v-240v-50hz-1500w-es","8":"pa_dimensione-145-x-13-x-32-h-cm-es","9":"pa_peso-19-kg-es","10":"pa_regolazione-temperatura-de-5c-a-99c","11":"pa_risoluzione-01c-01f-es","12":"pa_tempo-di-cottura-de-0-a-99-h","14":"first","15":"instock","16":"shipping-taxable","17":"product-type-simple"},"acf":[],"yoast_head":"<!-- This site is optimized with the Yoast SEO plugin v27.3 - https:\/\/yoast.com\/product\/yoast-seo-wordpress\/ -->\n<title>Dispositivo para la cocci\u00f3n en vac\u00edo - Horecatech<\/title>\n<meta name=\"robots\" content=\"index, follow, max-snippet:-1, max-image-preview:large, max-video-preview:-1\" \/>\n<link rel=\"canonical\" href=\"https:\/\/horecatech.com\/es\/prodotto\/dispositivo-para-la-coccion-en-vacio\/\" \/>\n<meta property=\"og:locale\" content=\"es_ES\" \/>\n<meta property=\"og:type\" content=\"article\" \/>\n<meta property=\"og:title\" content=\"Dispositivo para la cocci\u00f3n en vac\u00edo - Horecatech\" \/>\n<meta property=\"og:description\" content=\"Rango de funcionamiento (temperatura dentro de la cual el dispositivo es sensible) 0\u00b0C\/100\u00b0C Pantalla de cristal l\u00edquido Configuraci\u00f3n pantalla en \u00b0C o \u00b0F Protecci\u00f3n por sobrecarga IPX7 Bot\u00f3n reinicio r\u00e1pido Filtro residuos removible\" \/>\n<meta property=\"og:url\" content=\"https:\/\/horecatech.com\/es\/prodotto\/dispositivo-para-la-coccion-en-vacio\/\" \/>\n<meta property=\"og:site_name\" content=\"Horecatech\" \/>\n<meta property=\"article:publisher\" content=\"https:\/\/www.facebook.com\/HorecatechSrl\" \/>\n<meta property=\"article:modified_time\" content=\"2024-04-12T07:15:52+00:00\" \/>\n<meta property=\"og:image\" content=\"https:\/\/horecatech.com\/wp-content\/uploads\/2022\/08\/RS554.png\" \/>\n\t<meta property=\"og:image:width\" content=\"800\" \/>\n\t<meta property=\"og:image:height\" content=\"800\" \/>\n\t<meta property=\"og:image:type\" content=\"image\/png\" \/>\n<meta name=\"twitter:card\" content=\"summary_large_image\" \/>\n<meta name=\"twitter:label1\" content=\"Tiempo de lectura\" \/>\n\t<meta name=\"twitter:data1\" content=\"1 minuto\" \/>\n<script type=\"application\/ld+json\" class=\"yoast-schema-graph\">{\"@context\":\"https:\\\/\\\/schema.org\",\"@graph\":[{\"@type\":\"WebPage\",\"@id\":\"https:\\\/\\\/horecatech.com\\\/es\\\/prodotto\\\/dispositivo-para-la-coccion-en-vacio\\\/\",\"url\":\"https:\\\/\\\/horecatech.com\\\/es\\\/prodotto\\\/dispositivo-para-la-coccion-en-vacio\\\/\",\"name\":\"Dispositivo para la cocci\u00f3n en vac\u00edo - Horecatech\",\"isPartOf\":{\"@id\":\"https:\\\/\\\/horecatech.com\\\/es\\\/#website\"},\"primaryImageOfPage\":{\"@id\":\"https:\\\/\\\/horecatech.com\\\/es\\\/prodotto\\\/dispositivo-para-la-coccion-en-vacio\\\/#primaryimage\"},\"image\":{\"@id\":\"https:\\\/\\\/horecatech.com\\\/es\\\/prodotto\\\/dispositivo-para-la-coccion-en-vacio\\\/#primaryimage\"},\"thumbnailUrl\":\"https:\\\/\\\/horecatech.com\\\/wp-content\\\/uploads\\\/2022\\\/08\\\/RS554.png\",\"datePublished\":\"2022-08-31T14:58:31+00:00\",\"dateModified\":\"2024-04-12T07:15:52+00:00\",\"breadcrumb\":{\"@id\":\"https:\\\/\\\/horecatech.com\\\/es\\\/prodotto\\\/dispositivo-para-la-coccion-en-vacio\\\/#breadcrumb\"},\"inLanguage\":\"es\",\"potentialAction\":[{\"@type\":\"ReadAction\",\"target\":[\"https:\\\/\\\/horecatech.com\\\/es\\\/prodotto\\\/dispositivo-para-la-coccion-en-vacio\\\/\"]}]},{\"@type\":\"ImageObject\",\"inLanguage\":\"es\",\"@id\":\"https:\\\/\\\/horecatech.com\\\/es\\\/prodotto\\\/dispositivo-para-la-coccion-en-vacio\\\/#primaryimage\",\"url\":\"https:\\\/\\\/horecatech.com\\\/wp-content\\\/uploads\\\/2022\\\/08\\\/RS554.png\",\"contentUrl\":\"https:\\\/\\\/horecatech.com\\\/wp-content\\\/uploads\\\/2022\\\/08\\\/RS554.png\",\"width\":800,\"height\":800,\"caption\":\"Dispositivo para la cocci\u00f3n en vac\u00edo RS554\"},{\"@type\":\"BreadcrumbList\",\"@id\":\"https:\\\/\\\/horecatech.com\\\/es\\\/prodotto\\\/dispositivo-para-la-coccion-en-vacio\\\/#breadcrumb\",\"itemListElement\":[{\"@type\":\"ListItem\",\"position\":1,\"name\":\"Home\",\"item\":\"https:\\\/\\\/horecatech.com\\\/es\\\/\"},{\"@type\":\"ListItem\",\"position\":2,\"name\":\"Tienda\",\"item\":\"https:\\\/\\\/horecatech.com\\\/tienda\\\/\"},{\"@type\":\"ListItem\",\"position\":3,\"name\":\"Dispositivo para la cocci\u00f3n en vac\u00edo\"}]},{\"@type\":\"WebSite\",\"@id\":\"https:\\\/\\\/horecatech.com\\\/es\\\/#website\",\"url\":\"https:\\\/\\\/horecatech.com\\\/es\\\/\",\"name\":\"Horecatech\",\"description\":\"Il partner di qualit\u00e0 per le tue attrezzature professionali\",\"publisher\":{\"@id\":\"https:\\\/\\\/horecatech.com\\\/es\\\/#organization\"},\"potentialAction\":[{\"@type\":\"SearchAction\",\"target\":{\"@type\":\"EntryPoint\",\"urlTemplate\":\"https:\\\/\\\/horecatech.com\\\/es\\\/?s={search_term_string}\"},\"query-input\":{\"@type\":\"PropertyValueSpecification\",\"valueRequired\":true,\"valueName\":\"search_term_string\"}}],\"inLanguage\":\"es\"},{\"@type\":\"Organization\",\"@id\":\"https:\\\/\\\/horecatech.com\\\/es\\\/#organization\",\"name\":\"Horecatech Srl\",\"url\":\"https:\\\/\\\/horecatech.com\\\/es\\\/\",\"logo\":{\"@type\":\"ImageObject\",\"inLanguage\":\"es\",\"@id\":\"https:\\\/\\\/horecatech.com\\\/es\\\/#\\\/schema\\\/logo\\\/image\\\/\",\"url\":\"https:\\\/\\\/horecatech.com\\\/wp-content\\\/uploads\\\/2022\\\/12\\\/logo-horecatech.png\",\"contentUrl\":\"https:\\\/\\\/horecatech.com\\\/wp-content\\\/uploads\\\/2022\\\/12\\\/logo-horecatech.png\",\"width\":512,\"height\":512,\"caption\":\"Horecatech Srl\"},\"image\":{\"@id\":\"https:\\\/\\\/horecatech.com\\\/es\\\/#\\\/schema\\\/logo\\\/image\\\/\"},\"sameAs\":[\"https:\\\/\\\/www.facebook.com\\\/HorecatechSrl\",\"https:\\\/\\\/www.instagram.com\\\/horecatechofficial\\\/\"]}]}<\/script>\n<!-- \/ Yoast SEO plugin. -->","yoast_head_json":{"title":"Dispositivo para la cocci\u00f3n en vac\u00edo - Horecatech","robots":{"index":"index","follow":"follow","max-snippet":"max-snippet:-1","max-image-preview":"max-image-preview:large","max-video-preview":"max-video-preview:-1"},"canonical":"https:\/\/horecatech.com\/es\/prodotto\/dispositivo-para-la-coccion-en-vacio\/","og_locale":"es_ES","og_type":"article","og_title":"Dispositivo para la cocci\u00f3n en vac\u00edo - Horecatech","og_description":"Rango de funcionamiento (temperatura dentro de la cual el dispositivo es sensible) 0\u00b0C\/100\u00b0C Pantalla de cristal l\u00edquido Configuraci\u00f3n pantalla en \u00b0C o \u00b0F Protecci\u00f3n por sobrecarga IPX7 Bot\u00f3n reinicio r\u00e1pido Filtro residuos removible","og_url":"https:\/\/horecatech.com\/es\/prodotto\/dispositivo-para-la-coccion-en-vacio\/","og_site_name":"Horecatech","article_publisher":"https:\/\/www.facebook.com\/HorecatechSrl","article_modified_time":"2024-04-12T07:15:52+00:00","og_image":[{"width":800,"height":800,"url":"https:\/\/horecatech.com\/wp-content\/uploads\/2022\/08\/RS554.png","type":"image\/png"}],"twitter_card":"summary_large_image","twitter_misc":{"Tiempo de lectura":"1 minuto"},"schema":{"@context":"https:\/\/schema.org","@graph":[{"@type":"WebPage","@id":"https:\/\/horecatech.com\/es\/prodotto\/dispositivo-para-la-coccion-en-vacio\/","url":"https:\/\/horecatech.com\/es\/prodotto\/dispositivo-para-la-coccion-en-vacio\/","name":"Dispositivo para la cocci\u00f3n en vac\u00edo - Horecatech","isPartOf":{"@id":"https:\/\/horecatech.com\/es\/#website"},"primaryImageOfPage":{"@id":"https:\/\/horecatech.com\/es\/prodotto\/dispositivo-para-la-coccion-en-vacio\/#primaryimage"},"image":{"@id":"https:\/\/horecatech.com\/es\/prodotto\/dispositivo-para-la-coccion-en-vacio\/#primaryimage"},"thumbnailUrl":"https:\/\/horecatech.com\/wp-content\/uploads\/2022\/08\/RS554.png","datePublished":"2022-08-31T14:58:31+00:00","dateModified":"2024-04-12T07:15:52+00:00","breadcrumb":{"@id":"https:\/\/horecatech.com\/es\/prodotto\/dispositivo-para-la-coccion-en-vacio\/#breadcrumb"},"inLanguage":"es","potentialAction":[{"@type":"ReadAction","target":["https:\/\/horecatech.com\/es\/prodotto\/dispositivo-para-la-coccion-en-vacio\/"]}]},{"@type":"ImageObject","inLanguage":"es","@id":"https:\/\/horecatech.com\/es\/prodotto\/dispositivo-para-la-coccion-en-vacio\/#primaryimage","url":"https:\/\/horecatech.com\/wp-content\/uploads\/2022\/08\/RS554.png","contentUrl":"https:\/\/horecatech.com\/wp-content\/uploads\/2022\/08\/RS554.png","width":800,"height":800,"caption":"Dispositivo para la cocci\u00f3n en vac\u00edo RS554"},{"@type":"BreadcrumbList","@id":"https:\/\/horecatech.com\/es\/prodotto\/dispositivo-para-la-coccion-en-vacio\/#breadcrumb","itemListElement":[{"@type":"ListItem","position":1,"name":"Home","item":"https:\/\/horecatech.com\/es\/"},{"@type":"ListItem","position":2,"name":"Tienda","item":"https:\/\/horecatech.com\/tienda\/"},{"@type":"ListItem","position":3,"name":"Dispositivo para la cocci\u00f3n en vac\u00edo"}]},{"@type":"WebSite","@id":"https:\/\/horecatech.com\/es\/#website","url":"https:\/\/horecatech.com\/es\/","name":"Horecatech","description":"Il partner di qualit\u00e0 per le tue attrezzature professionali","publisher":{"@id":"https:\/\/horecatech.com\/es\/#organization"},"potentialAction":[{"@type":"SearchAction","target":{"@type":"EntryPoint","urlTemplate":"https:\/\/horecatech.com\/es\/?s={search_term_string}"},"query-input":{"@type":"PropertyValueSpecification","valueRequired":true,"valueName":"search_term_string"}}],"inLanguage":"es"},{"@type":"Organization","@id":"https:\/\/horecatech.com\/es\/#organization","name":"Horecatech Srl","url":"https:\/\/horecatech.com\/es\/","logo":{"@type":"ImageObject","inLanguage":"es","@id":"https:\/\/horecatech.com\/es\/#\/schema\/logo\/image\/","url":"https:\/\/horecatech.com\/wp-content\/uploads\/2022\/12\/logo-horecatech.png","contentUrl":"https:\/\/horecatech.com\/wp-content\/uploads\/2022\/12\/logo-horecatech.png","width":512,"height":512,"caption":"Horecatech Srl"},"image":{"@id":"https:\/\/horecatech.com\/es\/#\/schema\/logo\/image\/"},"sameAs":["https:\/\/www.facebook.com\/HorecatechSrl","https:\/\/www.instagram.com\/horecatechofficial\/"]}]}},"_links":{"self":[{"href":"https:\/\/horecatech.com\/es\/wp-json\/wp\/v2\/product\/9037","targetHints":{"allow":["GET"]}}],"collection":[{"href":"https:\/\/horecatech.com\/es\/wp-json\/wp\/v2\/product"}],"about":[{"href":"https:\/\/horecatech.com\/es\/wp-json\/wp\/v2\/types\/product"}],"replies":[{"embeddable":true,"href":"https:\/\/horecatech.com\/es\/wp-json\/wp\/v2\/comments?post=9037"}],"wp:featuredmedia":[{"embeddable":true,"href":"https:\/\/horecatech.com\/es\/wp-json\/wp\/v2\/media\/7521"}],"wp:attachment":[{"href":"https:\/\/horecatech.com\/es\/wp-json\/wp\/v2\/media?parent=9037"}],"wp:term":[{"taxonomy":"product_brand","embeddable":true,"href":"https:\/\/horecatech.com\/es\/wp-json\/wp\/v2\/product_brand?post=9037"},{"taxonomy":"product_cat","embeddable":true,"href":"https:\/\/horecatech.com\/es\/wp-json\/wp\/v2\/product_cat?post=9037"},{"taxonomy":"product_tag","embeddable":true,"href":"https:\/\/horecatech.com\/es\/wp-json\/wp\/v2\/product_tag?post=9037"}],"curies":[{"name":"wp","href":"https:\/\/api.w.org\/{rel}","templated":true}]}}