{"id":9013,"date":"2022-09-06T11:39:23","date_gmt":"2022-09-06T09:39:23","guid":{"rendered":"https:\/\/horecatech.com\/prodotto\/maquina-de-vacio\/"},"modified":"2024-04-04T14:16:57","modified_gmt":"2024-04-04T12:16:57","slug":"maquina-de-vacio","status":"publish","type":"product","link":"https:\/\/horecatech.com\/es\/prodotto\/maquina-de-vacio\/","title":{"rendered":"M\u00e1quina de vac\u00edo"},"content":{"rendered":"<ul>\n<li>F\u00e1cil de limpiar<\/li>\n<li>Bandeja recolectora de l\u00edquidos extra\u00edble<\/li>\n<li>Pantalla digital<\/li>\n<li>Botones de funci\u00f3n r\u00e1pidos en la manija<\/li>\n<li>Barra soldadora de alta potencia<\/li>\n<li>Tiempo de soldadura regulable<\/li>\n<li>Doble bomba de vac\u00edo<\/li>\n<li>Funci\u00f3n por pulsos<\/li>\n<li>Dos ciclos de marinado (r\u00e1pido o est\u00e1ndar)<\/li>\n<li>Funciona con bolsas gofradas<\/li>\n<li>Accesorio porta rollo no incluido<\/li>\n<li>Apagado autom\u00e1tico (10 minutos de inactividad)<\/li>\n<\/ul>\n<p><strong>Incluye:<\/strong><\/p>\n<ul>\n<li>1 Tubo de vac\u00edo en cubetas con tapa v\u00e1lvula (no incluida)<\/li>\n<\/ul>\n","protected":false},"excerpt":{"rendered":"<p>F\u00e1cil de limpiar Bandeja recolectora de l\u00edquidos extra\u00edble Pantalla digital Botones de funci\u00f3n r\u00e1pidos en la manija Barra soldadora de alta potencia Tiempo de soldadura regulable Doble bomba de vac\u00edo Funci\u00f3n por pulsos Dos ciclos de marinado (r\u00e1pido o est\u00e1ndar) Funciona con bolsas gofradas Accesorio porta rollo no incluido Apagado autom\u00e1tico (10 minutos de inactividad) [&hellip;]<\/p>\n","protected":false},"featured_media":7607,"comment_status":"open","ping_status":"closed","template":"","meta":{"_acf_changed":false},"product_brand":[],"product_cat":[1113],"product_tag":[],"class_list":{"0":"post-9013","1":"product","2":"type-product","3":"status-publish","4":"has-post-thumbnail","6":"product_cat-maquina-de-vacio","7":"pa_dati-elettrici-220v-240v-50-hz-550w-es","8":"pa_dimensione-49-x-26-x-145-h-cm-es","9":"pa_larghezza-barra-saldante-42-cm-es","10":"pa_larghezza-buste-406-cm-es","11":"pa_peso-48-kg-es","12":"pa_spessore-barra-saldante-05-mm-es","14":"first","15":"instock","16":"shipping-taxable","17":"product-type-simple"},"acf":[],"yoast_head":"<!-- This site is optimized with the Yoast SEO plugin v27.3 - https:\/\/yoast.com\/product\/yoast-seo-wordpress\/ -->\n<title>M\u00e1quina de vac\u00edo - Horecatech<\/title>\n<meta name=\"robots\" content=\"index, follow, max-snippet:-1, max-image-preview:large, max-video-preview:-1\" \/>\n<link rel=\"canonical\" href=\"https:\/\/horecatech.com\/es\/prodotto\/maquina-de-vacio\/\" \/>\n<meta property=\"og:locale\" content=\"es_ES\" \/>\n<meta property=\"og:type\" content=\"article\" \/>\n<meta property=\"og:title\" content=\"M\u00e1quina de vac\u00edo - Horecatech\" \/>\n<meta property=\"og:description\" content=\"F\u00e1cil de limpiar Bandeja recolectora de l\u00edquidos extra\u00edble Pantalla digital Botones de funci\u00f3n r\u00e1pidos en la manija Barra soldadora de alta potencia Tiempo de soldadura regulable Doble bomba de vac\u00edo Funci\u00f3n por pulsos Dos ciclos de marinado (r\u00e1pido o est\u00e1ndar) Funciona con bolsas gofradas Accesorio porta rollo no incluido Apagado autom\u00e1tico (10 minutos de inactividad) [&hellip;]\" \/>\n<meta property=\"og:url\" content=\"https:\/\/horecatech.com\/es\/prodotto\/maquina-de-vacio\/\" \/>\n<meta property=\"og:site_name\" content=\"Horecatech\" \/>\n<meta property=\"article:publisher\" content=\"https:\/\/www.facebook.com\/HorecatechSrl\" \/>\n<meta property=\"article:modified_time\" content=\"2024-04-04T12:16:57+00:00\" \/>\n<meta property=\"og:image\" content=\"https:\/\/horecatech.com\/wp-content\/uploads\/2022\/09\/RS636.png\" \/>\n\t<meta property=\"og:image:width\" content=\"800\" \/>\n\t<meta property=\"og:image:height\" content=\"800\" \/>\n\t<meta property=\"og:image:type\" content=\"image\/png\" \/>\n<meta name=\"twitter:card\" content=\"summary_large_image\" \/>\n<meta name=\"twitter:label1\" content=\"Tiempo de lectura\" \/>\n\t<meta name=\"twitter:data1\" content=\"1 minuto\" \/>\n<script type=\"application\/ld+json\" class=\"yoast-schema-graph\">{\"@context\":\"https:\\\/\\\/schema.org\",\"@graph\":[{\"@type\":\"WebPage\",\"@id\":\"https:\\\/\\\/horecatech.com\\\/es\\\/prodotto\\\/maquina-de-vacio\\\/\",\"url\":\"https:\\\/\\\/horecatech.com\\\/es\\\/prodotto\\\/maquina-de-vacio\\\/\",\"name\":\"M\u00e1quina de vac\u00edo - Horecatech\",\"isPartOf\":{\"@id\":\"https:\\\/\\\/horecatech.com\\\/es\\\/#website\"},\"primaryImageOfPage\":{\"@id\":\"https:\\\/\\\/horecatech.com\\\/es\\\/prodotto\\\/maquina-de-vacio\\\/#primaryimage\"},\"image\":{\"@id\":\"https:\\\/\\\/horecatech.com\\\/es\\\/prodotto\\\/maquina-de-vacio\\\/#primaryimage\"},\"thumbnailUrl\":\"https:\\\/\\\/horecatech.com\\\/wp-content\\\/uploads\\\/2022\\\/09\\\/RS636.png\",\"datePublished\":\"2022-09-06T09:39:23+00:00\",\"dateModified\":\"2024-04-04T12:16:57+00:00\",\"breadcrumb\":{\"@id\":\"https:\\\/\\\/horecatech.com\\\/es\\\/prodotto\\\/maquina-de-vacio\\\/#breadcrumb\"},\"inLanguage\":\"es\",\"potentialAction\":[{\"@type\":\"ReadAction\",\"target\":[\"https:\\\/\\\/horecatech.com\\\/es\\\/prodotto\\\/maquina-de-vacio\\\/\"]}]},{\"@type\":\"ImageObject\",\"inLanguage\":\"es\",\"@id\":\"https:\\\/\\\/horecatech.com\\\/es\\\/prodotto\\\/maquina-de-vacio\\\/#primaryimage\",\"url\":\"https:\\\/\\\/horecatech.com\\\/wp-content\\\/uploads\\\/2022\\\/09\\\/RS636.png\",\"contentUrl\":\"https:\\\/\\\/horecatech.com\\\/wp-content\\\/uploads\\\/2022\\\/09\\\/RS636.png\",\"width\":800,\"height\":800,\"caption\":\"M\u00e1quina de vac\u00edo RS636\"},{\"@type\":\"BreadcrumbList\",\"@id\":\"https:\\\/\\\/horecatech.com\\\/es\\\/prodotto\\\/maquina-de-vacio\\\/#breadcrumb\",\"itemListElement\":[{\"@type\":\"ListItem\",\"position\":1,\"name\":\"Home\",\"item\":\"https:\\\/\\\/horecatech.com\\\/es\\\/\"},{\"@type\":\"ListItem\",\"position\":2,\"name\":\"Tienda\",\"item\":\"https:\\\/\\\/horecatech.com\\\/tienda\\\/\"},{\"@type\":\"ListItem\",\"position\":3,\"name\":\"M\u00e1quina de vac\u00edo\"}]},{\"@type\":\"WebSite\",\"@id\":\"https:\\\/\\\/horecatech.com\\\/es\\\/#website\",\"url\":\"https:\\\/\\\/horecatech.com\\\/es\\\/\",\"name\":\"Horecatech\",\"description\":\"Il partner di qualit\u00e0 per le tue attrezzature professionali\",\"publisher\":{\"@id\":\"https:\\\/\\\/horecatech.com\\\/es\\\/#organization\"},\"potentialAction\":[{\"@type\":\"SearchAction\",\"target\":{\"@type\":\"EntryPoint\",\"urlTemplate\":\"https:\\\/\\\/horecatech.com\\\/es\\\/?s={search_term_string}\"},\"query-input\":{\"@type\":\"PropertyValueSpecification\",\"valueRequired\":true,\"valueName\":\"search_term_string\"}}],\"inLanguage\":\"es\"},{\"@type\":\"Organization\",\"@id\":\"https:\\\/\\\/horecatech.com\\\/es\\\/#organization\",\"name\":\"Horecatech Srl\",\"url\":\"https:\\\/\\\/horecatech.com\\\/es\\\/\",\"logo\":{\"@type\":\"ImageObject\",\"inLanguage\":\"es\",\"@id\":\"https:\\\/\\\/horecatech.com\\\/es\\\/#\\\/schema\\\/logo\\\/image\\\/\",\"url\":\"https:\\\/\\\/horecatech.com\\\/wp-content\\\/uploads\\\/2022\\\/12\\\/logo-horecatech.png\",\"contentUrl\":\"https:\\\/\\\/horecatech.com\\\/wp-content\\\/uploads\\\/2022\\\/12\\\/logo-horecatech.png\",\"width\":512,\"height\":512,\"caption\":\"Horecatech Srl\"},\"image\":{\"@id\":\"https:\\\/\\\/horecatech.com\\\/es\\\/#\\\/schema\\\/logo\\\/image\\\/\"},\"sameAs\":[\"https:\\\/\\\/www.facebook.com\\\/HorecatechSrl\",\"https:\\\/\\\/www.instagram.com\\\/horecatechofficial\\\/\"]}]}<\/script>\n<!-- \/ Yoast SEO plugin. -->","yoast_head_json":{"title":"M\u00e1quina de vac\u00edo - Horecatech","robots":{"index":"index","follow":"follow","max-snippet":"max-snippet:-1","max-image-preview":"max-image-preview:large","max-video-preview":"max-video-preview:-1"},"canonical":"https:\/\/horecatech.com\/es\/prodotto\/maquina-de-vacio\/","og_locale":"es_ES","og_type":"article","og_title":"M\u00e1quina de vac\u00edo - Horecatech","og_description":"F\u00e1cil de limpiar Bandeja recolectora de l\u00edquidos extra\u00edble Pantalla digital Botones de funci\u00f3n r\u00e1pidos en la manija Barra soldadora de alta potencia Tiempo de soldadura regulable Doble bomba de vac\u00edo Funci\u00f3n por pulsos Dos ciclos de marinado (r\u00e1pido o est\u00e1ndar) Funciona con bolsas gofradas Accesorio porta rollo no incluido Apagado autom\u00e1tico (10 minutos de inactividad) [&hellip;]","og_url":"https:\/\/horecatech.com\/es\/prodotto\/maquina-de-vacio\/","og_site_name":"Horecatech","article_publisher":"https:\/\/www.facebook.com\/HorecatechSrl","article_modified_time":"2024-04-04T12:16:57+00:00","og_image":[{"width":800,"height":800,"url":"https:\/\/horecatech.com\/wp-content\/uploads\/2022\/09\/RS636.png","type":"image\/png"}],"twitter_card":"summary_large_image","twitter_misc":{"Tiempo de lectura":"1 minuto"},"schema":{"@context":"https:\/\/schema.org","@graph":[{"@type":"WebPage","@id":"https:\/\/horecatech.com\/es\/prodotto\/maquina-de-vacio\/","url":"https:\/\/horecatech.com\/es\/prodotto\/maquina-de-vacio\/","name":"M\u00e1quina de vac\u00edo - Horecatech","isPartOf":{"@id":"https:\/\/horecatech.com\/es\/#website"},"primaryImageOfPage":{"@id":"https:\/\/horecatech.com\/es\/prodotto\/maquina-de-vacio\/#primaryimage"},"image":{"@id":"https:\/\/horecatech.com\/es\/prodotto\/maquina-de-vacio\/#primaryimage"},"thumbnailUrl":"https:\/\/horecatech.com\/wp-content\/uploads\/2022\/09\/RS636.png","datePublished":"2022-09-06T09:39:23+00:00","dateModified":"2024-04-04T12:16:57+00:00","breadcrumb":{"@id":"https:\/\/horecatech.com\/es\/prodotto\/maquina-de-vacio\/#breadcrumb"},"inLanguage":"es","potentialAction":[{"@type":"ReadAction","target":["https:\/\/horecatech.com\/es\/prodotto\/maquina-de-vacio\/"]}]},{"@type":"ImageObject","inLanguage":"es","@id":"https:\/\/horecatech.com\/es\/prodotto\/maquina-de-vacio\/#primaryimage","url":"https:\/\/horecatech.com\/wp-content\/uploads\/2022\/09\/RS636.png","contentUrl":"https:\/\/horecatech.com\/wp-content\/uploads\/2022\/09\/RS636.png","width":800,"height":800,"caption":"M\u00e1quina de vac\u00edo RS636"},{"@type":"BreadcrumbList","@id":"https:\/\/horecatech.com\/es\/prodotto\/maquina-de-vacio\/#breadcrumb","itemListElement":[{"@type":"ListItem","position":1,"name":"Home","item":"https:\/\/horecatech.com\/es\/"},{"@type":"ListItem","position":2,"name":"Tienda","item":"https:\/\/horecatech.com\/tienda\/"},{"@type":"ListItem","position":3,"name":"M\u00e1quina de vac\u00edo"}]},{"@type":"WebSite","@id":"https:\/\/horecatech.com\/es\/#website","url":"https:\/\/horecatech.com\/es\/","name":"Horecatech","description":"Il partner di qualit\u00e0 per le tue attrezzature professionali","publisher":{"@id":"https:\/\/horecatech.com\/es\/#organization"},"potentialAction":[{"@type":"SearchAction","target":{"@type":"EntryPoint","urlTemplate":"https:\/\/horecatech.com\/es\/?s={search_term_string}"},"query-input":{"@type":"PropertyValueSpecification","valueRequired":true,"valueName":"search_term_string"}}],"inLanguage":"es"},{"@type":"Organization","@id":"https:\/\/horecatech.com\/es\/#organization","name":"Horecatech Srl","url":"https:\/\/horecatech.com\/es\/","logo":{"@type":"ImageObject","inLanguage":"es","@id":"https:\/\/horecatech.com\/es\/#\/schema\/logo\/image\/","url":"https:\/\/horecatech.com\/wp-content\/uploads\/2022\/12\/logo-horecatech.png","contentUrl":"https:\/\/horecatech.com\/wp-content\/uploads\/2022\/12\/logo-horecatech.png","width":512,"height":512,"caption":"Horecatech Srl"},"image":{"@id":"https:\/\/horecatech.com\/es\/#\/schema\/logo\/image\/"},"sameAs":["https:\/\/www.facebook.com\/HorecatechSrl","https:\/\/www.instagram.com\/horecatechofficial\/"]}]}},"_links":{"self":[{"href":"https:\/\/horecatech.com\/es\/wp-json\/wp\/v2\/product\/9013","targetHints":{"allow":["GET"]}}],"collection":[{"href":"https:\/\/horecatech.com\/es\/wp-json\/wp\/v2\/product"}],"about":[{"href":"https:\/\/horecatech.com\/es\/wp-json\/wp\/v2\/types\/product"}],"replies":[{"embeddable":true,"href":"https:\/\/horecatech.com\/es\/wp-json\/wp\/v2\/comments?post=9013"}],"wp:featuredmedia":[{"embeddable":true,"href":"https:\/\/horecatech.com\/es\/wp-json\/wp\/v2\/media\/7607"}],"wp:attachment":[{"href":"https:\/\/horecatech.com\/es\/wp-json\/wp\/v2\/media?parent=9013"}],"wp:term":[{"taxonomy":"product_brand","embeddable":true,"href":"https:\/\/horecatech.com\/es\/wp-json\/wp\/v2\/product_brand?post=9013"},{"taxonomy":"product_cat","embeddable":true,"href":"https:\/\/horecatech.com\/es\/wp-json\/wp\/v2\/product_cat?post=9013"},{"taxonomy":"product_tag","embeddable":true,"href":"https:\/\/horecatech.com\/es\/wp-json\/wp\/v2\/product_tag?post=9013"}],"curies":[{"name":"wp","href":"https:\/\/api.w.org\/{rel}","templated":true}]}}