{"id":9006,"date":"2022-09-06T10:33:43","date_gmt":"2022-09-06T08:33:43","guid":{"rendered":"https:\/\/horecatech.com\/prodotto\/balanzas-electronicas-3\/"},"modified":"2025-04-17T15:57:03","modified_gmt":"2025-04-17T13:57:03","slug":"balanzas-electronicas-3","status":"publish","type":"product","link":"https:\/\/horecatech.com\/es\/prodotto\/balanzas-electronicas-3\/","title":{"rendered":"Balanzas electr\u00f3nicas"},"content":{"rendered":"<ul>\n<li>R\u00e1pida de Instalar y simple de usar<\/li>\n<li>Cero autom\u00e1tico para una mayor precisi\u00f3n<\/li>\n<li>Visor luminoso de cristal l\u00edquido<\/li>\n<li>Indicaci\u00f3n de sobrecarga<\/li>\n<li>Funci\u00f3n de ahorro energ\u00e9tico<\/li>\n<li>Nivel de burbuja incorporada para posicionamiento preciso<\/li>\n<li>Funci\u00f3n tara y contador piezas<\/li>\n<li>Patas regulables<\/li>\n<li>Cuerpo m\u00e1quina de ABS, plataforma de acero inoxidable apto para el contacto alimentos 25x18cm<\/li>\n<li>Funciona con 3 pilas de tipo D (no incluidas)<\/li>\n<\/ul>\n","protected":false},"excerpt":{"rendered":"<p>R\u00e1pida de Instalar y simple de usar Cero autom\u00e1tico para una mayor precisi\u00f3n Visor luminoso de cristal l\u00edquido Indicaci\u00f3n de sobrecarga Funci\u00f3n de ahorro energ\u00e9tico Nivel de burbuja incorporada para posicionamiento preciso Funci\u00f3n tara y contador piezas Patas regulables Cuerpo m\u00e1quina de ABS, plataforma de acero inoxidable apto para el contacto alimentos 25x18cm Funciona con [&hellip;]<\/p>\n","protected":false},"featured_media":7593,"comment_status":"open","ping_status":"closed","template":"","meta":{"_acf_changed":false},"product_brand":[],"product_cat":[1078],"product_tag":[1040,1039],"class_list":{"0":"post-9006","1":"product","2":"type-product","3":"status-publish","4":"has-post-thumbnail","6":"product_cat-balanza","7":"product_tag-2-anos-de-garantia","8":"product_tag-linea-elite-es","9":"pa_dimensione-30-x-26-x-106-h-cm-es","10":"pa_peso-33-kg-es","11":"pa_portata-20-kg-division-1-g-es","13":"first","14":"instock","15":"shipping-taxable","16":"product-type-simple"},"acf":[],"yoast_head":"<!-- This site is optimized with the Yoast SEO plugin v27.3 - https:\/\/yoast.com\/product\/yoast-seo-wordpress\/ -->\n<title>Balanzas electr\u00f3nicas - Horecatech<\/title>\n<meta name=\"robots\" content=\"index, follow, max-snippet:-1, max-image-preview:large, max-video-preview:-1\" \/>\n<link rel=\"canonical\" href=\"https:\/\/horecatech.com\/es\/prodotto\/balanzas-electronicas-3\/\" \/>\n<meta property=\"og:locale\" content=\"es_ES\" \/>\n<meta property=\"og:type\" content=\"article\" \/>\n<meta property=\"og:title\" content=\"Balanzas electr\u00f3nicas - Horecatech\" \/>\n<meta property=\"og:description\" content=\"R\u00e1pida de Instalar y simple de usar Cero autom\u00e1tico para una mayor precisi\u00f3n Visor luminoso de cristal l\u00edquido Indicaci\u00f3n de sobrecarga Funci\u00f3n de ahorro energ\u00e9tico Nivel de burbuja incorporada para posicionamiento preciso Funci\u00f3n tara y contador piezas Patas regulables Cuerpo m\u00e1quina de ABS, plataforma de acero inoxidable apto para el contacto alimentos 25x18cm Funciona con [&hellip;]\" \/>\n<meta property=\"og:url\" content=\"https:\/\/horecatech.com\/es\/prodotto\/balanzas-electronicas-3\/\" \/>\n<meta property=\"og:site_name\" content=\"Horecatech\" \/>\n<meta property=\"article:publisher\" content=\"https:\/\/www.facebook.com\/HorecatechSrl\" \/>\n<meta property=\"article:modified_time\" content=\"2025-04-17T13:57:03+00:00\" \/>\n<meta property=\"og:image\" content=\"https:\/\/horecatech.com\/wp-content\/uploads\/2022\/09\/RS516N.png\" \/>\n\t<meta property=\"og:image:width\" content=\"800\" \/>\n\t<meta property=\"og:image:height\" content=\"800\" \/>\n\t<meta property=\"og:image:type\" content=\"image\/png\" \/>\n<meta name=\"twitter:card\" content=\"summary_large_image\" \/>\n<meta name=\"twitter:label1\" content=\"Tiempo de lectura\" \/>\n\t<meta name=\"twitter:data1\" content=\"1 minuto\" \/>\n<script type=\"application\/ld+json\" class=\"yoast-schema-graph\">{\"@context\":\"https:\\\/\\\/schema.org\",\"@graph\":[{\"@type\":\"WebPage\",\"@id\":\"https:\\\/\\\/horecatech.com\\\/es\\\/prodotto\\\/balanzas-electronicas-3\\\/\",\"url\":\"https:\\\/\\\/horecatech.com\\\/es\\\/prodotto\\\/balanzas-electronicas-3\\\/\",\"name\":\"Balanzas electr\u00f3nicas - Horecatech\",\"isPartOf\":{\"@id\":\"https:\\\/\\\/horecatech.com\\\/es\\\/#website\"},\"primaryImageOfPage\":{\"@id\":\"https:\\\/\\\/horecatech.com\\\/es\\\/prodotto\\\/balanzas-electronicas-3\\\/#primaryimage\"},\"image\":{\"@id\":\"https:\\\/\\\/horecatech.com\\\/es\\\/prodotto\\\/balanzas-electronicas-3\\\/#primaryimage\"},\"thumbnailUrl\":\"https:\\\/\\\/horecatech.com\\\/wp-content\\\/uploads\\\/2022\\\/09\\\/RS516N.png\",\"datePublished\":\"2022-09-06T08:33:43+00:00\",\"dateModified\":\"2025-04-17T13:57:03+00:00\",\"breadcrumb\":{\"@id\":\"https:\\\/\\\/horecatech.com\\\/es\\\/prodotto\\\/balanzas-electronicas-3\\\/#breadcrumb\"},\"inLanguage\":\"es\",\"potentialAction\":[{\"@type\":\"ReadAction\",\"target\":[\"https:\\\/\\\/horecatech.com\\\/es\\\/prodotto\\\/balanzas-electronicas-3\\\/\"]}]},{\"@type\":\"ImageObject\",\"inLanguage\":\"es\",\"@id\":\"https:\\\/\\\/horecatech.com\\\/es\\\/prodotto\\\/balanzas-electronicas-3\\\/#primaryimage\",\"url\":\"https:\\\/\\\/horecatech.com\\\/wp-content\\\/uploads\\\/2022\\\/09\\\/RS516N.png\",\"contentUrl\":\"https:\\\/\\\/horecatech.com\\\/wp-content\\\/uploads\\\/2022\\\/09\\\/RS516N.png\",\"width\":800,\"height\":800,\"caption\":\"Balanzas electr\u00f3nicas RS516N\"},{\"@type\":\"BreadcrumbList\",\"@id\":\"https:\\\/\\\/horecatech.com\\\/es\\\/prodotto\\\/balanzas-electronicas-3\\\/#breadcrumb\",\"itemListElement\":[{\"@type\":\"ListItem\",\"position\":1,\"name\":\"Home\",\"item\":\"https:\\\/\\\/horecatech.com\\\/es\\\/\"},{\"@type\":\"ListItem\",\"position\":2,\"name\":\"Tienda\",\"item\":\"https:\\\/\\\/horecatech.com\\\/tienda\\\/\"},{\"@type\":\"ListItem\",\"position\":3,\"name\":\"Balanzas electr\u00f3nicas\"}]},{\"@type\":\"WebSite\",\"@id\":\"https:\\\/\\\/horecatech.com\\\/es\\\/#website\",\"url\":\"https:\\\/\\\/horecatech.com\\\/es\\\/\",\"name\":\"Horecatech\",\"description\":\"Il partner di qualit\u00e0 per le tue attrezzature professionali\",\"publisher\":{\"@id\":\"https:\\\/\\\/horecatech.com\\\/es\\\/#organization\"},\"potentialAction\":[{\"@type\":\"SearchAction\",\"target\":{\"@type\":\"EntryPoint\",\"urlTemplate\":\"https:\\\/\\\/horecatech.com\\\/es\\\/?s={search_term_string}\"},\"query-input\":{\"@type\":\"PropertyValueSpecification\",\"valueRequired\":true,\"valueName\":\"search_term_string\"}}],\"inLanguage\":\"es\"},{\"@type\":\"Organization\",\"@id\":\"https:\\\/\\\/horecatech.com\\\/es\\\/#organization\",\"name\":\"Horecatech Srl\",\"url\":\"https:\\\/\\\/horecatech.com\\\/es\\\/\",\"logo\":{\"@type\":\"ImageObject\",\"inLanguage\":\"es\",\"@id\":\"https:\\\/\\\/horecatech.com\\\/es\\\/#\\\/schema\\\/logo\\\/image\\\/\",\"url\":\"https:\\\/\\\/horecatech.com\\\/wp-content\\\/uploads\\\/2022\\\/12\\\/logo-horecatech.png\",\"contentUrl\":\"https:\\\/\\\/horecatech.com\\\/wp-content\\\/uploads\\\/2022\\\/12\\\/logo-horecatech.png\",\"width\":512,\"height\":512,\"caption\":\"Horecatech Srl\"},\"image\":{\"@id\":\"https:\\\/\\\/horecatech.com\\\/es\\\/#\\\/schema\\\/logo\\\/image\\\/\"},\"sameAs\":[\"https:\\\/\\\/www.facebook.com\\\/HorecatechSrl\",\"https:\\\/\\\/www.instagram.com\\\/horecatechofficial\\\/\"]}]}<\/script>\n<!-- \/ Yoast SEO plugin. -->","yoast_head_json":{"title":"Balanzas electr\u00f3nicas - Horecatech","robots":{"index":"index","follow":"follow","max-snippet":"max-snippet:-1","max-image-preview":"max-image-preview:large","max-video-preview":"max-video-preview:-1"},"canonical":"https:\/\/horecatech.com\/es\/prodotto\/balanzas-electronicas-3\/","og_locale":"es_ES","og_type":"article","og_title":"Balanzas electr\u00f3nicas - Horecatech","og_description":"R\u00e1pida de Instalar y simple de usar Cero autom\u00e1tico para una mayor precisi\u00f3n Visor luminoso de cristal l\u00edquido Indicaci\u00f3n de sobrecarga Funci\u00f3n de ahorro energ\u00e9tico Nivel de burbuja incorporada para posicionamiento preciso Funci\u00f3n tara y contador piezas Patas regulables Cuerpo m\u00e1quina de ABS, plataforma de acero inoxidable apto para el contacto alimentos 25x18cm Funciona con [&hellip;]","og_url":"https:\/\/horecatech.com\/es\/prodotto\/balanzas-electronicas-3\/","og_site_name":"Horecatech","article_publisher":"https:\/\/www.facebook.com\/HorecatechSrl","article_modified_time":"2025-04-17T13:57:03+00:00","og_image":[{"width":800,"height":800,"url":"https:\/\/horecatech.com\/wp-content\/uploads\/2022\/09\/RS516N.png","type":"image\/png"}],"twitter_card":"summary_large_image","twitter_misc":{"Tiempo de lectura":"1 minuto"},"schema":{"@context":"https:\/\/schema.org","@graph":[{"@type":"WebPage","@id":"https:\/\/horecatech.com\/es\/prodotto\/balanzas-electronicas-3\/","url":"https:\/\/horecatech.com\/es\/prodotto\/balanzas-electronicas-3\/","name":"Balanzas electr\u00f3nicas - Horecatech","isPartOf":{"@id":"https:\/\/horecatech.com\/es\/#website"},"primaryImageOfPage":{"@id":"https:\/\/horecatech.com\/es\/prodotto\/balanzas-electronicas-3\/#primaryimage"},"image":{"@id":"https:\/\/horecatech.com\/es\/prodotto\/balanzas-electronicas-3\/#primaryimage"},"thumbnailUrl":"https:\/\/horecatech.com\/wp-content\/uploads\/2022\/09\/RS516N.png","datePublished":"2022-09-06T08:33:43+00:00","dateModified":"2025-04-17T13:57:03+00:00","breadcrumb":{"@id":"https:\/\/horecatech.com\/es\/prodotto\/balanzas-electronicas-3\/#breadcrumb"},"inLanguage":"es","potentialAction":[{"@type":"ReadAction","target":["https:\/\/horecatech.com\/es\/prodotto\/balanzas-electronicas-3\/"]}]},{"@type":"ImageObject","inLanguage":"es","@id":"https:\/\/horecatech.com\/es\/prodotto\/balanzas-electronicas-3\/#primaryimage","url":"https:\/\/horecatech.com\/wp-content\/uploads\/2022\/09\/RS516N.png","contentUrl":"https:\/\/horecatech.com\/wp-content\/uploads\/2022\/09\/RS516N.png","width":800,"height":800,"caption":"Balanzas electr\u00f3nicas RS516N"},{"@type":"BreadcrumbList","@id":"https:\/\/horecatech.com\/es\/prodotto\/balanzas-electronicas-3\/#breadcrumb","itemListElement":[{"@type":"ListItem","position":1,"name":"Home","item":"https:\/\/horecatech.com\/es\/"},{"@type":"ListItem","position":2,"name":"Tienda","item":"https:\/\/horecatech.com\/tienda\/"},{"@type":"ListItem","position":3,"name":"Balanzas electr\u00f3nicas"}]},{"@type":"WebSite","@id":"https:\/\/horecatech.com\/es\/#website","url":"https:\/\/horecatech.com\/es\/","name":"Horecatech","description":"Il partner di qualit\u00e0 per le tue attrezzature professionali","publisher":{"@id":"https:\/\/horecatech.com\/es\/#organization"},"potentialAction":[{"@type":"SearchAction","target":{"@type":"EntryPoint","urlTemplate":"https:\/\/horecatech.com\/es\/?s={search_term_string}"},"query-input":{"@type":"PropertyValueSpecification","valueRequired":true,"valueName":"search_term_string"}}],"inLanguage":"es"},{"@type":"Organization","@id":"https:\/\/horecatech.com\/es\/#organization","name":"Horecatech Srl","url":"https:\/\/horecatech.com\/es\/","logo":{"@type":"ImageObject","inLanguage":"es","@id":"https:\/\/horecatech.com\/es\/#\/schema\/logo\/image\/","url":"https:\/\/horecatech.com\/wp-content\/uploads\/2022\/12\/logo-horecatech.png","contentUrl":"https:\/\/horecatech.com\/wp-content\/uploads\/2022\/12\/logo-horecatech.png","width":512,"height":512,"caption":"Horecatech Srl"},"image":{"@id":"https:\/\/horecatech.com\/es\/#\/schema\/logo\/image\/"},"sameAs":["https:\/\/www.facebook.com\/HorecatechSrl","https:\/\/www.instagram.com\/horecatechofficial\/"]}]}},"_links":{"self":[{"href":"https:\/\/horecatech.com\/es\/wp-json\/wp\/v2\/product\/9006","targetHints":{"allow":["GET"]}}],"collection":[{"href":"https:\/\/horecatech.com\/es\/wp-json\/wp\/v2\/product"}],"about":[{"href":"https:\/\/horecatech.com\/es\/wp-json\/wp\/v2\/types\/product"}],"replies":[{"embeddable":true,"href":"https:\/\/horecatech.com\/es\/wp-json\/wp\/v2\/comments?post=9006"}],"wp:featuredmedia":[{"embeddable":true,"href":"https:\/\/horecatech.com\/es\/wp-json\/wp\/v2\/media\/7593"}],"wp:attachment":[{"href":"https:\/\/horecatech.com\/es\/wp-json\/wp\/v2\/media?parent=9006"}],"wp:term":[{"taxonomy":"product_brand","embeddable":true,"href":"https:\/\/horecatech.com\/es\/wp-json\/wp\/v2\/product_brand?post=9006"},{"taxonomy":"product_cat","embeddable":true,"href":"https:\/\/horecatech.com\/es\/wp-json\/wp\/v2\/product_cat?post=9006"},{"taxonomy":"product_tag","embeddable":true,"href":"https:\/\/horecatech.com\/es\/wp-json\/wp\/v2\/product_tag?post=9006"}],"curies":[{"name":"wp","href":"https:\/\/api.w.org\/{rel}","templated":true}]}}