{"id":12776,"date":"2025-12-02T15:41:36","date_gmt":"2025-12-02T14:41:36","guid":{"rendered":"https:\/\/horecatech.com\/prodotto\/licuadora-profesional-high-capacity-elite\/"},"modified":"2026-04-29T12:41:35","modified_gmt":"2026-04-29T10:41:35","slug":"licuadora-profesional-high-capacity-elite","status":"publish","type":"product","link":"https:\/\/horecatech.com\/es\/prodotto\/licuadora-profesional-high-capacity-elite\/","title":{"rendered":"Licuadora profesional \u00abHIGH CAPACITY \u00c9LITE\u00bb"},"content":{"rendered":"<p><b>Licuadora profesional de altas prestaciones. Motor de <\/b><b>velocidad variable, grupo cuchillas de seis secciones, <\/b><b>vaso ranurado y bot\u00f3n de impulsos. <\/b><b>El conjunto es un producto muy flexible, apto para <\/b><b>todas las exigencias.<\/b><\/p>\n<ul>\n<li>Vaso y tapa peque\u00f1a de copoli\u00e9ster Tritan sin BPA de<span class=\"Apple-converted-space\"> \u00a0<\/span>2,8 litros con escala graduada en ml y interruptor de seguridad<\/li>\n<li>Tapa<span class=\"Apple-converted-space\">\u00a0 <\/span>y empujador de polipropileno<span class=\"Apple-converted-space\">\u00a0<\/span><\/li>\n<li>Cuerpo de la m\u00e1quina de ABS resistente a golpes<\/li>\n<li>Pies antideslizantes en la base<\/li>\n<li>Grupo cuchillas de seis secciones de acero AISI 420 y revestimiento de titanio<span class=\"Apple-converted-space\">\u00a0<\/span><\/li>\n<li>Motor potente de 1680W<\/li>\n<li>Mandos manuales (ON \/ OFF, Velocidad, PULSE)<\/li>\n<li>Protecci\u00f3n sobrecarga<\/li>\n<\/ul>\n<p><strong>De serie<\/strong><\/p>\n<ul>\n<li>1 engranaje de motor de hongo adicional<\/li>\n<\/ul>\n","protected":false},"excerpt":{"rendered":"<p>Licuadora profesional de altas prestaciones. Motor de velocidad variable, grupo cuchillas de seis secciones, vaso ranurado y bot\u00f3n de impulsos. El conjunto es un producto muy flexible, apto para todas las exigencias. Vaso y tapa peque\u00f1a de copoli\u00e9ster Tritan sin BPA de \u00a02,8 litros con escala graduada en ml y interruptor de seguridad Tapa\u00a0 y [&hellip;]<\/p>\n","protected":false},"featured_media":12006,"comment_status":"open","ping_status":"closed","template":"","meta":{"_acf_changed":false},"product_brand":[],"product_cat":[1236],"product_tag":[1040,1039,1410],"class_list":{"0":"post-12776","1":"product","2":"type-product","3":"status-publish","4":"has-post-thumbnail","6":"product_cat-licuadora","7":"product_tag-2-anos-de-garantia","8":"product_tag-linea-elite-es","9":"product_tag-novedad","10":"pa_capacita-28-l","11":"pa_dati-elettrici-220v-240v-50-60hz-1680w","12":"pa_dimensione-22-x-23-x-555-h-cm","13":"pa_peso-58-kg","15":"first","16":"instock","17":"shipping-taxable","18":"product-type-simple"},"acf":[],"yoast_head":"<!-- This site is optimized with the Yoast SEO plugin v27.3 - https:\/\/yoast.com\/product\/yoast-seo-wordpress\/ -->\n<title>Licuadora profesional &quot;HIGH CAPACITY \u00c9LITE&quot; - Horecatech<\/title>\n<meta name=\"robots\" content=\"index, follow, max-snippet:-1, max-image-preview:large, max-video-preview:-1\" \/>\n<link rel=\"canonical\" href=\"https:\/\/horecatech.com\/es\/prodotto\/licuadora-profesional-high-capacity-elite\/\" \/>\n<meta property=\"og:locale\" content=\"es_ES\" \/>\n<meta property=\"og:type\" content=\"article\" \/>\n<meta property=\"og:title\" content=\"Licuadora profesional &quot;HIGH CAPACITY \u00c9LITE&quot; - Horecatech\" \/>\n<meta property=\"og:description\" content=\"Licuadora profesional de altas prestaciones. Motor de velocidad variable, grupo cuchillas de seis secciones, vaso ranurado y bot\u00f3n de impulsos. El conjunto es un producto muy flexible, apto para todas las exigencias. Vaso y tapa peque\u00f1a de copoli\u00e9ster Tritan sin BPA de \u00a02,8 litros con escala graduada en ml y interruptor de seguridad Tapa\u00a0 y [&hellip;]\" \/>\n<meta property=\"og:url\" content=\"https:\/\/horecatech.com\/es\/prodotto\/licuadora-profesional-high-capacity-elite\/\" \/>\n<meta property=\"og:site_name\" content=\"Horecatech\" \/>\n<meta property=\"article:publisher\" content=\"https:\/\/www.facebook.com\/HorecatechSrl\" \/>\n<meta property=\"article:modified_time\" content=\"2026-04-29T10:41:35+00:00\" \/>\n<meta property=\"og:image\" content=\"https:\/\/horecatech.com\/wp-content\/uploads\/2025\/12\/RS696_Logo_H_800x800.png\" \/>\n\t<meta property=\"og:image:width\" content=\"800\" \/>\n\t<meta property=\"og:image:height\" content=\"800\" \/>\n\t<meta property=\"og:image:type\" content=\"image\/png\" \/>\n<meta name=\"twitter:card\" content=\"summary_large_image\" \/>\n<meta name=\"twitter:label1\" content=\"Tiempo de lectura\" \/>\n\t<meta name=\"twitter:data1\" content=\"1 minuto\" \/>\n<script type=\"application\/ld+json\" class=\"yoast-schema-graph\">{\"@context\":\"https:\\\/\\\/schema.org\",\"@graph\":[{\"@type\":\"WebPage\",\"@id\":\"https:\\\/\\\/horecatech.com\\\/es\\\/prodotto\\\/licuadora-profesional-high-capacity-elite\\\/\",\"url\":\"https:\\\/\\\/horecatech.com\\\/es\\\/prodotto\\\/licuadora-profesional-high-capacity-elite\\\/\",\"name\":\"Licuadora profesional \\\"HIGH CAPACITY \u00c9LITE\\\" - Horecatech\",\"isPartOf\":{\"@id\":\"https:\\\/\\\/horecatech.com\\\/es\\\/#website\"},\"primaryImageOfPage\":{\"@id\":\"https:\\\/\\\/horecatech.com\\\/es\\\/prodotto\\\/licuadora-profesional-high-capacity-elite\\\/#primaryimage\"},\"image\":{\"@id\":\"https:\\\/\\\/horecatech.com\\\/es\\\/prodotto\\\/licuadora-profesional-high-capacity-elite\\\/#primaryimage\"},\"thumbnailUrl\":\"https:\\\/\\\/horecatech.com\\\/wp-content\\\/uploads\\\/2025\\\/12\\\/RS696_Logo_H_800x800.png\",\"datePublished\":\"2025-12-02T14:41:36+00:00\",\"dateModified\":\"2026-04-29T10:41:35+00:00\",\"breadcrumb\":{\"@id\":\"https:\\\/\\\/horecatech.com\\\/es\\\/prodotto\\\/licuadora-profesional-high-capacity-elite\\\/#breadcrumb\"},\"inLanguage\":\"es\",\"potentialAction\":[{\"@type\":\"ReadAction\",\"target\":[\"https:\\\/\\\/horecatech.com\\\/es\\\/prodotto\\\/licuadora-profesional-high-capacity-elite\\\/\"]}]},{\"@type\":\"ImageObject\",\"inLanguage\":\"es\",\"@id\":\"https:\\\/\\\/horecatech.com\\\/es\\\/prodotto\\\/licuadora-profesional-high-capacity-elite\\\/#primaryimage\",\"url\":\"https:\\\/\\\/horecatech.com\\\/wp-content\\\/uploads\\\/2025\\\/12\\\/RS696_Logo_H_800x800.png\",\"contentUrl\":\"https:\\\/\\\/horecatech.com\\\/wp-content\\\/uploads\\\/2025\\\/12\\\/RS696_Logo_H_800x800.png\",\"width\":800,\"height\":800},{\"@type\":\"BreadcrumbList\",\"@id\":\"https:\\\/\\\/horecatech.com\\\/es\\\/prodotto\\\/licuadora-profesional-high-capacity-elite\\\/#breadcrumb\",\"itemListElement\":[{\"@type\":\"ListItem\",\"position\":1,\"name\":\"Home\",\"item\":\"https:\\\/\\\/horecatech.com\\\/es\\\/\"},{\"@type\":\"ListItem\",\"position\":2,\"name\":\"Tienda\",\"item\":\"https:\\\/\\\/horecatech.com\\\/tienda\\\/\"},{\"@type\":\"ListItem\",\"position\":3,\"name\":\"Licuadora profesional \u00abHIGH CAPACITY \u00c9LITE\u00bb\"}]},{\"@type\":\"WebSite\",\"@id\":\"https:\\\/\\\/horecatech.com\\\/es\\\/#website\",\"url\":\"https:\\\/\\\/horecatech.com\\\/es\\\/\",\"name\":\"Horecatech\",\"description\":\"Il partner di qualit\u00e0 per le tue attrezzature professionali\",\"publisher\":{\"@id\":\"https:\\\/\\\/horecatech.com\\\/es\\\/#organization\"},\"potentialAction\":[{\"@type\":\"SearchAction\",\"target\":{\"@type\":\"EntryPoint\",\"urlTemplate\":\"https:\\\/\\\/horecatech.com\\\/es\\\/?s={search_term_string}\"},\"query-input\":{\"@type\":\"PropertyValueSpecification\",\"valueRequired\":true,\"valueName\":\"search_term_string\"}}],\"inLanguage\":\"es\"},{\"@type\":\"Organization\",\"@id\":\"https:\\\/\\\/horecatech.com\\\/es\\\/#organization\",\"name\":\"Horecatech Srl\",\"url\":\"https:\\\/\\\/horecatech.com\\\/es\\\/\",\"logo\":{\"@type\":\"ImageObject\",\"inLanguage\":\"es\",\"@id\":\"https:\\\/\\\/horecatech.com\\\/es\\\/#\\\/schema\\\/logo\\\/image\\\/\",\"url\":\"https:\\\/\\\/horecatech.com\\\/wp-content\\\/uploads\\\/2022\\\/12\\\/logo-horecatech.png\",\"contentUrl\":\"https:\\\/\\\/horecatech.com\\\/wp-content\\\/uploads\\\/2022\\\/12\\\/logo-horecatech.png\",\"width\":512,\"height\":512,\"caption\":\"Horecatech Srl\"},\"image\":{\"@id\":\"https:\\\/\\\/horecatech.com\\\/es\\\/#\\\/schema\\\/logo\\\/image\\\/\"},\"sameAs\":[\"https:\\\/\\\/www.facebook.com\\\/HorecatechSrl\",\"https:\\\/\\\/www.instagram.com\\\/horecatechofficial\\\/\"]}]}<\/script>\n<!-- \/ Yoast SEO plugin. -->","yoast_head_json":{"title":"Licuadora profesional \"HIGH CAPACITY \u00c9LITE\" - Horecatech","robots":{"index":"index","follow":"follow","max-snippet":"max-snippet:-1","max-image-preview":"max-image-preview:large","max-video-preview":"max-video-preview:-1"},"canonical":"https:\/\/horecatech.com\/es\/prodotto\/licuadora-profesional-high-capacity-elite\/","og_locale":"es_ES","og_type":"article","og_title":"Licuadora profesional \"HIGH CAPACITY \u00c9LITE\" - Horecatech","og_description":"Licuadora profesional de altas prestaciones. Motor de velocidad variable, grupo cuchillas de seis secciones, vaso ranurado y bot\u00f3n de impulsos. El conjunto es un producto muy flexible, apto para todas las exigencias. Vaso y tapa peque\u00f1a de copoli\u00e9ster Tritan sin BPA de \u00a02,8 litros con escala graduada en ml y interruptor de seguridad Tapa\u00a0 y [&hellip;]","og_url":"https:\/\/horecatech.com\/es\/prodotto\/licuadora-profesional-high-capacity-elite\/","og_site_name":"Horecatech","article_publisher":"https:\/\/www.facebook.com\/HorecatechSrl","article_modified_time":"2026-04-29T10:41:35+00:00","og_image":[{"width":800,"height":800,"url":"https:\/\/horecatech.com\/wp-content\/uploads\/2025\/12\/RS696_Logo_H_800x800.png","type":"image\/png"}],"twitter_card":"summary_large_image","twitter_misc":{"Tiempo de lectura":"1 minuto"},"schema":{"@context":"https:\/\/schema.org","@graph":[{"@type":"WebPage","@id":"https:\/\/horecatech.com\/es\/prodotto\/licuadora-profesional-high-capacity-elite\/","url":"https:\/\/horecatech.com\/es\/prodotto\/licuadora-profesional-high-capacity-elite\/","name":"Licuadora profesional \"HIGH CAPACITY \u00c9LITE\" - Horecatech","isPartOf":{"@id":"https:\/\/horecatech.com\/es\/#website"},"primaryImageOfPage":{"@id":"https:\/\/horecatech.com\/es\/prodotto\/licuadora-profesional-high-capacity-elite\/#primaryimage"},"image":{"@id":"https:\/\/horecatech.com\/es\/prodotto\/licuadora-profesional-high-capacity-elite\/#primaryimage"},"thumbnailUrl":"https:\/\/horecatech.com\/wp-content\/uploads\/2025\/12\/RS696_Logo_H_800x800.png","datePublished":"2025-12-02T14:41:36+00:00","dateModified":"2026-04-29T10:41:35+00:00","breadcrumb":{"@id":"https:\/\/horecatech.com\/es\/prodotto\/licuadora-profesional-high-capacity-elite\/#breadcrumb"},"inLanguage":"es","potentialAction":[{"@type":"ReadAction","target":["https:\/\/horecatech.com\/es\/prodotto\/licuadora-profesional-high-capacity-elite\/"]}]},{"@type":"ImageObject","inLanguage":"es","@id":"https:\/\/horecatech.com\/es\/prodotto\/licuadora-profesional-high-capacity-elite\/#primaryimage","url":"https:\/\/horecatech.com\/wp-content\/uploads\/2025\/12\/RS696_Logo_H_800x800.png","contentUrl":"https:\/\/horecatech.com\/wp-content\/uploads\/2025\/12\/RS696_Logo_H_800x800.png","width":800,"height":800},{"@type":"BreadcrumbList","@id":"https:\/\/horecatech.com\/es\/prodotto\/licuadora-profesional-high-capacity-elite\/#breadcrumb","itemListElement":[{"@type":"ListItem","position":1,"name":"Home","item":"https:\/\/horecatech.com\/es\/"},{"@type":"ListItem","position":2,"name":"Tienda","item":"https:\/\/horecatech.com\/tienda\/"},{"@type":"ListItem","position":3,"name":"Licuadora profesional \u00abHIGH CAPACITY \u00c9LITE\u00bb"}]},{"@type":"WebSite","@id":"https:\/\/horecatech.com\/es\/#website","url":"https:\/\/horecatech.com\/es\/","name":"Horecatech","description":"Il partner di qualit\u00e0 per le tue attrezzature professionali","publisher":{"@id":"https:\/\/horecatech.com\/es\/#organization"},"potentialAction":[{"@type":"SearchAction","target":{"@type":"EntryPoint","urlTemplate":"https:\/\/horecatech.com\/es\/?s={search_term_string}"},"query-input":{"@type":"PropertyValueSpecification","valueRequired":true,"valueName":"search_term_string"}}],"inLanguage":"es"},{"@type":"Organization","@id":"https:\/\/horecatech.com\/es\/#organization","name":"Horecatech Srl","url":"https:\/\/horecatech.com\/es\/","logo":{"@type":"ImageObject","inLanguage":"es","@id":"https:\/\/horecatech.com\/es\/#\/schema\/logo\/image\/","url":"https:\/\/horecatech.com\/wp-content\/uploads\/2022\/12\/logo-horecatech.png","contentUrl":"https:\/\/horecatech.com\/wp-content\/uploads\/2022\/12\/logo-horecatech.png","width":512,"height":512,"caption":"Horecatech Srl"},"image":{"@id":"https:\/\/horecatech.com\/es\/#\/schema\/logo\/image\/"},"sameAs":["https:\/\/www.facebook.com\/HorecatechSrl","https:\/\/www.instagram.com\/horecatechofficial\/"]}]}},"_links":{"self":[{"href":"https:\/\/horecatech.com\/es\/wp-json\/wp\/v2\/product\/12776","targetHints":{"allow":["GET"]}}],"collection":[{"href":"https:\/\/horecatech.com\/es\/wp-json\/wp\/v2\/product"}],"about":[{"href":"https:\/\/horecatech.com\/es\/wp-json\/wp\/v2\/types\/product"}],"replies":[{"embeddable":true,"href":"https:\/\/horecatech.com\/es\/wp-json\/wp\/v2\/comments?post=12776"}],"wp:featuredmedia":[{"embeddable":true,"href":"https:\/\/horecatech.com\/es\/wp-json\/wp\/v2\/media\/12006"}],"wp:attachment":[{"href":"https:\/\/horecatech.com\/es\/wp-json\/wp\/v2\/media?parent=12776"}],"wp:term":[{"taxonomy":"product_brand","embeddable":true,"href":"https:\/\/horecatech.com\/es\/wp-json\/wp\/v2\/product_brand?post=12776"},{"taxonomy":"product_cat","embeddable":true,"href":"https:\/\/horecatech.com\/es\/wp-json\/wp\/v2\/product_cat?post=12776"},{"taxonomy":"product_tag","embeddable":true,"href":"https:\/\/horecatech.com\/es\/wp-json\/wp\/v2\/product_tag?post=12776"}],"curies":[{"name":"wp","href":"https:\/\/api.w.org\/{rel}","templated":true}]}}