{"id":12644,"date":"2025-10-22T17:18:22","date_gmt":"2025-10-22T15:18:22","guid":{"rendered":"https:\/\/horecatech.com\/prodotto\/unika-kitchen-900-cocina-de-induccion-digital-de-4-zonas\/"},"modified":"2026-04-14T12:30:43","modified_gmt":"2026-04-14T10:30:43","slug":"unika-kitchen-900-cocina-de-induccion-digital-de-4-zonas","status":"publish","type":"product","link":"https:\/\/horecatech.com\/es\/prodotto\/unika-kitchen-900-cocina-de-induccion-digital-de-4-zonas\/","title":{"rendered":"Unika Kitchen 900 Cocina de inducci\u00f3n digital de 4 zonas"},"content":{"rendered":"<ul>\n<li><strong>Con sistema AhC<\/strong><\/li>\n<li>Estructura en acero AISI 304 Scotch-Brite (espesor encimera 15\/10, espesor base con estante 10\/10)<\/li>\n<li>Encimera con peto trasero redondeado<\/li>\n<li>Dise\u00f1o original con cantos y esquinas redondeadas<\/li>\n<li>Placa de cocci\u00f3n elevable reforzada de 4 cm para un mantenimiento m\u00e1s sencillo<\/li>\n<li>4 paneles de cristal 300 x 300 x 6 mm<\/li>\n<li>2 zonas frontales de 3500 W + 2 zonas traseras de 5000 W 16 ventiladores<\/li>\n<li>2 filtros extra\u00edbles y lavables 250 x 500 mm<\/li>\n<li>Patas regulables de acero inoxidable<\/li>\n<li>Ruedas giratorias opcionales (dos con freno)<\/li>\n<li>Rejillas de ventilaci\u00f3n traseras para evacuaci\u00f3n del calor<\/li>\n<li>Deflectores de acero para desviar el flujo de aire caliente<\/li>\n<li>Funci\u00f3n Min\/Max (selecci\u00f3n r\u00e1pida de potencia m\u00ednima o m\u00e1xima)<\/li>\n<li>Funci\u00f3n de bloqueo de seguridad<\/li>\n<li>Temporizador (1 min &#8211; 180 min)<\/li>\n<li>Pantalla LCD<\/li>\n<li>Pantalla t\u00e1ctil resistente al agua<\/li>\n<li>Apagado autom\u00e1tico despu\u00e9s de 120 minutos de inactividad<\/li>\n<\/ul>\n","protected":false},"excerpt":{"rendered":"<p>Con sistema AhC Estructura en acero AISI 304 Scotch-Brite (espesor encimera 15\/10, espesor base con estante 10\/10) Encimera con peto trasero redondeado Dise\u00f1o original con cantos y esquinas redondeadas Placa de cocci\u00f3n elevable reforzada de 4 cm para un mantenimiento m\u00e1s sencillo 4 paneles de cristal 300 x 300 x 6 mm 2 zonas frontales [&hellip;]<\/p>\n","protected":false},"featured_media":11896,"comment_status":"open","ping_status":"closed","template":"","meta":{"_acf_changed":false},"product_brand":[],"product_cat":[1500,2299,1498],"product_tag":[1040,1039,1410],"class_list":{"0":"post-12644","1":"product","2":"type-product","3":"status-publish","4":"has-post-thumbnail","6":"product_cat-cocina","7":"product_cat-placa-de-induccion-digital-deluxe-unika","8":"product_cat-sin-categoria","9":"product_tag-2-anos-de-garantia","10":"product_tag-linea-elite-es","11":"product_tag-novedad","12":"pa_dati-elettrici-400v-50-60hz-17-kw","13":"pa_livelli-potenza-11-per-zona-3500-w-14-per-zona-5000-w-desde-200w-hasta-3500-5000-w","14":"pa_peso-82-kg","15":"pa_temperature-regolabili-de-35c-a-240c-step-5c","17":"first","18":"instock","19":"shipping-taxable","20":"product-type-simple"},"acf":[],"yoast_head":"<!-- This site is optimized with the Yoast SEO plugin v27.3 - https:\/\/yoast.com\/product\/yoast-seo-wordpress\/ -->\n<title>Unika Kitchen 900 Cocina de inducci\u00f3n digital de 4 zonas - Horecatech<\/title>\n<meta name=\"robots\" content=\"index, follow, max-snippet:-1, max-image-preview:large, max-video-preview:-1\" \/>\n<link rel=\"canonical\" href=\"https:\/\/horecatech.com\/es\/prodotto\/unika-kitchen-900-cocina-de-induccion-digital-de-4-zonas\/\" \/>\n<meta property=\"og:locale\" content=\"es_ES\" \/>\n<meta property=\"og:type\" content=\"article\" \/>\n<meta property=\"og:title\" content=\"Unika Kitchen 900 Cocina de inducci\u00f3n digital de 4 zonas - Horecatech\" \/>\n<meta property=\"og:description\" content=\"Con sistema AhC Estructura en acero AISI 304 Scotch-Brite (espesor encimera 15\/10, espesor base con estante 10\/10) Encimera con peto trasero redondeado Dise\u00f1o original con cantos y esquinas redondeadas Placa de cocci\u00f3n elevable reforzada de 4 cm para un mantenimiento m\u00e1s sencillo 4 paneles de cristal 300 x 300 x 6 mm 2 zonas frontales [&hellip;]\" \/>\n<meta property=\"og:url\" content=\"https:\/\/horecatech.com\/es\/prodotto\/unika-kitchen-900-cocina-de-induccion-digital-de-4-zonas\/\" \/>\n<meta property=\"og:site_name\" content=\"Horecatech\" \/>\n<meta property=\"article:publisher\" content=\"https:\/\/www.facebook.com\/HorecatechSrl\" \/>\n<meta property=\"article:modified_time\" content=\"2026-04-14T10:30:43+00:00\" \/>\n<meta property=\"og:image\" content=\"https:\/\/horecatech.com\/wp-content\/uploads\/2025\/10\/RS695_3-4_SX_2.png\" \/>\n\t<meta property=\"og:image:width\" content=\"800\" \/>\n\t<meta property=\"og:image:height\" content=\"800\" \/>\n\t<meta property=\"og:image:type\" content=\"image\/png\" \/>\n<meta name=\"twitter:card\" content=\"summary_large_image\" \/>\n<meta name=\"twitter:label1\" content=\"Tiempo de lectura\" \/>\n\t<meta name=\"twitter:data1\" content=\"1 minuto\" \/>\n<script type=\"application\/ld+json\" class=\"yoast-schema-graph\">{\"@context\":\"https:\\\/\\\/schema.org\",\"@graph\":[{\"@type\":\"WebPage\",\"@id\":\"https:\\\/\\\/horecatech.com\\\/es\\\/prodotto\\\/unika-kitchen-900-cocina-de-induccion-digital-de-4-zonas\\\/\",\"url\":\"https:\\\/\\\/horecatech.com\\\/es\\\/prodotto\\\/unika-kitchen-900-cocina-de-induccion-digital-de-4-zonas\\\/\",\"name\":\"Unika Kitchen 900 Cocina de inducci\u00f3n digital de 4 zonas - Horecatech\",\"isPartOf\":{\"@id\":\"https:\\\/\\\/horecatech.com\\\/es\\\/#website\"},\"primaryImageOfPage\":{\"@id\":\"https:\\\/\\\/horecatech.com\\\/es\\\/prodotto\\\/unika-kitchen-900-cocina-de-induccion-digital-de-4-zonas\\\/#primaryimage\"},\"image\":{\"@id\":\"https:\\\/\\\/horecatech.com\\\/es\\\/prodotto\\\/unika-kitchen-900-cocina-de-induccion-digital-de-4-zonas\\\/#primaryimage\"},\"thumbnailUrl\":\"https:\\\/\\\/horecatech.com\\\/wp-content\\\/uploads\\\/2025\\\/10\\\/RS695_3-4_SX_2.png\",\"datePublished\":\"2025-10-22T15:18:22+00:00\",\"dateModified\":\"2026-04-14T10:30:43+00:00\",\"breadcrumb\":{\"@id\":\"https:\\\/\\\/horecatech.com\\\/es\\\/prodotto\\\/unika-kitchen-900-cocina-de-induccion-digital-de-4-zonas\\\/#breadcrumb\"},\"inLanguage\":\"es\",\"potentialAction\":[{\"@type\":\"ReadAction\",\"target\":[\"https:\\\/\\\/horecatech.com\\\/es\\\/prodotto\\\/unika-kitchen-900-cocina-de-induccion-digital-de-4-zonas\\\/\"]}]},{\"@type\":\"ImageObject\",\"inLanguage\":\"es\",\"@id\":\"https:\\\/\\\/horecatech.com\\\/es\\\/prodotto\\\/unika-kitchen-900-cocina-de-induccion-digital-de-4-zonas\\\/#primaryimage\",\"url\":\"https:\\\/\\\/horecatech.com\\\/wp-content\\\/uploads\\\/2025\\\/10\\\/RS695_3-4_SX_2.png\",\"contentUrl\":\"https:\\\/\\\/horecatech.com\\\/wp-content\\\/uploads\\\/2025\\\/10\\\/RS695_3-4_SX_2.png\",\"width\":800,\"height\":800},{\"@type\":\"BreadcrumbList\",\"@id\":\"https:\\\/\\\/horecatech.com\\\/es\\\/prodotto\\\/unika-kitchen-900-cocina-de-induccion-digital-de-4-zonas\\\/#breadcrumb\",\"itemListElement\":[{\"@type\":\"ListItem\",\"position\":1,\"name\":\"Home\",\"item\":\"https:\\\/\\\/horecatech.com\\\/es\\\/\"},{\"@type\":\"ListItem\",\"position\":2,\"name\":\"Tienda\",\"item\":\"https:\\\/\\\/horecatech.com\\\/tienda\\\/\"},{\"@type\":\"ListItem\",\"position\":3,\"name\":\"Unika Kitchen 900 Cocina de inducci\u00f3n digital de 4 zonas\"}]},{\"@type\":\"WebSite\",\"@id\":\"https:\\\/\\\/horecatech.com\\\/es\\\/#website\",\"url\":\"https:\\\/\\\/horecatech.com\\\/es\\\/\",\"name\":\"Horecatech\",\"description\":\"Il partner di qualit\u00e0 per le tue attrezzature professionali\",\"publisher\":{\"@id\":\"https:\\\/\\\/horecatech.com\\\/es\\\/#organization\"},\"potentialAction\":[{\"@type\":\"SearchAction\",\"target\":{\"@type\":\"EntryPoint\",\"urlTemplate\":\"https:\\\/\\\/horecatech.com\\\/es\\\/?s={search_term_string}\"},\"query-input\":{\"@type\":\"PropertyValueSpecification\",\"valueRequired\":true,\"valueName\":\"search_term_string\"}}],\"inLanguage\":\"es\"},{\"@type\":\"Organization\",\"@id\":\"https:\\\/\\\/horecatech.com\\\/es\\\/#organization\",\"name\":\"Horecatech Srl\",\"url\":\"https:\\\/\\\/horecatech.com\\\/es\\\/\",\"logo\":{\"@type\":\"ImageObject\",\"inLanguage\":\"es\",\"@id\":\"https:\\\/\\\/horecatech.com\\\/es\\\/#\\\/schema\\\/logo\\\/image\\\/\",\"url\":\"https:\\\/\\\/horecatech.com\\\/wp-content\\\/uploads\\\/2022\\\/12\\\/logo-horecatech.png\",\"contentUrl\":\"https:\\\/\\\/horecatech.com\\\/wp-content\\\/uploads\\\/2022\\\/12\\\/logo-horecatech.png\",\"width\":512,\"height\":512,\"caption\":\"Horecatech Srl\"},\"image\":{\"@id\":\"https:\\\/\\\/horecatech.com\\\/es\\\/#\\\/schema\\\/logo\\\/image\\\/\"},\"sameAs\":[\"https:\\\/\\\/www.facebook.com\\\/HorecatechSrl\",\"https:\\\/\\\/www.instagram.com\\\/horecatechofficial\\\/\"]}]}<\/script>\n<!-- \/ Yoast SEO plugin. -->","yoast_head_json":{"title":"Unika Kitchen 900 Cocina de inducci\u00f3n digital de 4 zonas - Horecatech","robots":{"index":"index","follow":"follow","max-snippet":"max-snippet:-1","max-image-preview":"max-image-preview:large","max-video-preview":"max-video-preview:-1"},"canonical":"https:\/\/horecatech.com\/es\/prodotto\/unika-kitchen-900-cocina-de-induccion-digital-de-4-zonas\/","og_locale":"es_ES","og_type":"article","og_title":"Unika Kitchen 900 Cocina de inducci\u00f3n digital de 4 zonas - Horecatech","og_description":"Con sistema AhC Estructura en acero AISI 304 Scotch-Brite (espesor encimera 15\/10, espesor base con estante 10\/10) Encimera con peto trasero redondeado Dise\u00f1o original con cantos y esquinas redondeadas Placa de cocci\u00f3n elevable reforzada de 4 cm para un mantenimiento m\u00e1s sencillo 4 paneles de cristal 300 x 300 x 6 mm 2 zonas frontales [&hellip;]","og_url":"https:\/\/horecatech.com\/es\/prodotto\/unika-kitchen-900-cocina-de-induccion-digital-de-4-zonas\/","og_site_name":"Horecatech","article_publisher":"https:\/\/www.facebook.com\/HorecatechSrl","article_modified_time":"2026-04-14T10:30:43+00:00","og_image":[{"width":800,"height":800,"url":"https:\/\/horecatech.com\/wp-content\/uploads\/2025\/10\/RS695_3-4_SX_2.png","type":"image\/png"}],"twitter_card":"summary_large_image","twitter_misc":{"Tiempo de lectura":"1 minuto"},"schema":{"@context":"https:\/\/schema.org","@graph":[{"@type":"WebPage","@id":"https:\/\/horecatech.com\/es\/prodotto\/unika-kitchen-900-cocina-de-induccion-digital-de-4-zonas\/","url":"https:\/\/horecatech.com\/es\/prodotto\/unika-kitchen-900-cocina-de-induccion-digital-de-4-zonas\/","name":"Unika Kitchen 900 Cocina de inducci\u00f3n digital de 4 zonas - Horecatech","isPartOf":{"@id":"https:\/\/horecatech.com\/es\/#website"},"primaryImageOfPage":{"@id":"https:\/\/horecatech.com\/es\/prodotto\/unika-kitchen-900-cocina-de-induccion-digital-de-4-zonas\/#primaryimage"},"image":{"@id":"https:\/\/horecatech.com\/es\/prodotto\/unika-kitchen-900-cocina-de-induccion-digital-de-4-zonas\/#primaryimage"},"thumbnailUrl":"https:\/\/horecatech.com\/wp-content\/uploads\/2025\/10\/RS695_3-4_SX_2.png","datePublished":"2025-10-22T15:18:22+00:00","dateModified":"2026-04-14T10:30:43+00:00","breadcrumb":{"@id":"https:\/\/horecatech.com\/es\/prodotto\/unika-kitchen-900-cocina-de-induccion-digital-de-4-zonas\/#breadcrumb"},"inLanguage":"es","potentialAction":[{"@type":"ReadAction","target":["https:\/\/horecatech.com\/es\/prodotto\/unika-kitchen-900-cocina-de-induccion-digital-de-4-zonas\/"]}]},{"@type":"ImageObject","inLanguage":"es","@id":"https:\/\/horecatech.com\/es\/prodotto\/unika-kitchen-900-cocina-de-induccion-digital-de-4-zonas\/#primaryimage","url":"https:\/\/horecatech.com\/wp-content\/uploads\/2025\/10\/RS695_3-4_SX_2.png","contentUrl":"https:\/\/horecatech.com\/wp-content\/uploads\/2025\/10\/RS695_3-4_SX_2.png","width":800,"height":800},{"@type":"BreadcrumbList","@id":"https:\/\/horecatech.com\/es\/prodotto\/unika-kitchen-900-cocina-de-induccion-digital-de-4-zonas\/#breadcrumb","itemListElement":[{"@type":"ListItem","position":1,"name":"Home","item":"https:\/\/horecatech.com\/es\/"},{"@type":"ListItem","position":2,"name":"Tienda","item":"https:\/\/horecatech.com\/tienda\/"},{"@type":"ListItem","position":3,"name":"Unika Kitchen 900 Cocina de inducci\u00f3n digital de 4 zonas"}]},{"@type":"WebSite","@id":"https:\/\/horecatech.com\/es\/#website","url":"https:\/\/horecatech.com\/es\/","name":"Horecatech","description":"Il partner di qualit\u00e0 per le tue attrezzature professionali","publisher":{"@id":"https:\/\/horecatech.com\/es\/#organization"},"potentialAction":[{"@type":"SearchAction","target":{"@type":"EntryPoint","urlTemplate":"https:\/\/horecatech.com\/es\/?s={search_term_string}"},"query-input":{"@type":"PropertyValueSpecification","valueRequired":true,"valueName":"search_term_string"}}],"inLanguage":"es"},{"@type":"Organization","@id":"https:\/\/horecatech.com\/es\/#organization","name":"Horecatech Srl","url":"https:\/\/horecatech.com\/es\/","logo":{"@type":"ImageObject","inLanguage":"es","@id":"https:\/\/horecatech.com\/es\/#\/schema\/logo\/image\/","url":"https:\/\/horecatech.com\/wp-content\/uploads\/2022\/12\/logo-horecatech.png","contentUrl":"https:\/\/horecatech.com\/wp-content\/uploads\/2022\/12\/logo-horecatech.png","width":512,"height":512,"caption":"Horecatech Srl"},"image":{"@id":"https:\/\/horecatech.com\/es\/#\/schema\/logo\/image\/"},"sameAs":["https:\/\/www.facebook.com\/HorecatechSrl","https:\/\/www.instagram.com\/horecatechofficial\/"]}]}},"_links":{"self":[{"href":"https:\/\/horecatech.com\/es\/wp-json\/wp\/v2\/product\/12644","targetHints":{"allow":["GET"]}}],"collection":[{"href":"https:\/\/horecatech.com\/es\/wp-json\/wp\/v2\/product"}],"about":[{"href":"https:\/\/horecatech.com\/es\/wp-json\/wp\/v2\/types\/product"}],"replies":[{"embeddable":true,"href":"https:\/\/horecatech.com\/es\/wp-json\/wp\/v2\/comments?post=12644"}],"wp:featuredmedia":[{"embeddable":true,"href":"https:\/\/horecatech.com\/es\/wp-json\/wp\/v2\/media\/11896"}],"wp:attachment":[{"href":"https:\/\/horecatech.com\/es\/wp-json\/wp\/v2\/media?parent=12644"}],"wp:term":[{"taxonomy":"product_brand","embeddable":true,"href":"https:\/\/horecatech.com\/es\/wp-json\/wp\/v2\/product_brand?post=12644"},{"taxonomy":"product_cat","embeddable":true,"href":"https:\/\/horecatech.com\/es\/wp-json\/wp\/v2\/product_cat?post=12644"},{"taxonomy":"product_tag","embeddable":true,"href":"https:\/\/horecatech.com\/es\/wp-json\/wp\/v2\/product_tag?post=12644"}],"curies":[{"name":"wp","href":"https:\/\/api.w.org\/{rel}","templated":true}]}}