{"id":12643,"date":"2025-10-22T15:57:36","date_gmt":"2025-10-22T13:57:36","guid":{"rendered":"https:\/\/horecatech.com\/prodotto\/unica-drop-in-placa-de-induccion-3500w-emportable\/"},"modified":"2025-10-22T15:57:36","modified_gmt":"2025-10-22T13:57:36","slug":"unica-drop-in-placa-de-induccion-3500w-emportable","status":"publish","type":"product","link":"https:\/\/horecatech.com\/es\/prodotto\/unica-drop-in-placa-de-induccion-3500w-emportable\/","title":{"rendered":"Unica Drop-in Placa de inducci\u00f3n 3500W emportable"},"content":{"rendered":"<p><strong>Con sistema AhC<\/strong><\/p>\n<p>Funci\u00f3n M\u00edn\/M\u00e1x (selecci\u00f3n r\u00e1pida de la potencia m\u00ednima y m\u00e1xima)<\/p>\n<p>Funci\u00f3n bloqueo de seguridad<\/p>\n<p>Temporizador (1 min \u2013 180 min)<\/p>\n<p>Cuatro ventiladores para un \u00f3ptimo enfriado<\/p>\n<p>Filtro antigrasa extra\u00edble<\/p>\n<p>Pantalla LCD<\/p>\n<p>Pantalla t\u00e1ctil impermeable<\/p>\n<p>Apagado autom\u00e1tico despu\u00e9s de 120 min de inactividad<\/p>\n<p>Cuerpo de acero inoxidable<\/p>\n<p>Pies antideslizantes<\/p>\n<p>Longitud del cable de la pantalla 85 cm<\/p>\n","protected":false},"excerpt":{"rendered":"<p>Con sistema AhC Funci\u00f3n M\u00edn\/M\u00e1x (selecci\u00f3n r\u00e1pida de la potencia m\u00ednima y m\u00e1xima) Funci\u00f3n bloqueo de seguridad Temporizador (1 min \u2013 180 min) Cuatro ventiladores para un \u00f3ptimo enfriado Filtro antigrasa extra\u00edble Pantalla LCD Pantalla t\u00e1ctil impermeable Apagado autom\u00e1tico despu\u00e9s de 120 min de inactividad Cuerpo de acero inoxidable Pies antideslizantes Longitud del cable de [&hellip;]<\/p>\n","protected":false},"featured_media":11878,"comment_status":"open","ping_status":"closed","template":"","meta":{"_acf_changed":false},"product_brand":[],"product_cat":[1500,2299,1498],"product_tag":[1040,1039,1410],"class_list":{"0":"post-12643","1":"product","2":"type-product","3":"status-publish","4":"has-post-thumbnail","6":"product_cat-cocina","7":"product_cat-placa-de-induccion-digital-deluxe-unika","8":"product_cat-sin-categoria","9":"product_tag-2-anos-de-garantia","10":"product_tag-linea-elite-es","11":"product_tag-novedad","12":"pa_dati-elettrici-220v-240v-50-60hz-3500w-es","13":"pa_dimensione-36-x-36-x-12-h-cm","14":"pa_livelli-potenza-17-de-100w-a-3500w","15":"pa_peso-62-kg","16":"pa_temperature-regolabili-de-35c-a-240c-step-5c","18":"first","19":"instock","20":"shipping-taxable","21":"product-type-simple"},"acf":[],"yoast_head":"<!-- This site is optimized with the Yoast SEO plugin v27.3 - https:\/\/yoast.com\/product\/yoast-seo-wordpress\/ -->\n<title>Unica Drop-in Placa de inducci\u00f3n 3500W emportable - Horecatech<\/title>\n<meta name=\"robots\" content=\"index, follow, max-snippet:-1, max-image-preview:large, max-video-preview:-1\" \/>\n<link rel=\"canonical\" href=\"https:\/\/horecatech.com\/es\/prodotto\/unica-drop-in-placa-de-induccion-3500w-emportable\/\" \/>\n<meta property=\"og:locale\" content=\"es_ES\" \/>\n<meta property=\"og:type\" content=\"article\" \/>\n<meta property=\"og:title\" content=\"Unica Drop-in Placa de inducci\u00f3n 3500W emportable - Horecatech\" \/>\n<meta property=\"og:description\" content=\"Con sistema AhC Funci\u00f3n M\u00edn\/M\u00e1x (selecci\u00f3n r\u00e1pida de la potencia m\u00ednima y m\u00e1xima) Funci\u00f3n bloqueo de seguridad Temporizador (1 min \u2013 180 min) Cuatro ventiladores para un \u00f3ptimo enfriado Filtro antigrasa extra\u00edble Pantalla LCD Pantalla t\u00e1ctil impermeable Apagado autom\u00e1tico despu\u00e9s de 120 min de inactividad Cuerpo de acero inoxidable Pies antideslizantes Longitud del cable de [&hellip;]\" \/>\n<meta property=\"og:url\" content=\"https:\/\/horecatech.com\/es\/prodotto\/unica-drop-in-placa-de-induccion-3500w-emportable\/\" \/>\n<meta property=\"og:site_name\" content=\"Horecatech\" \/>\n<meta property=\"article:publisher\" content=\"https:\/\/www.facebook.com\/HorecatechSrl\" \/>\n<meta property=\"og:image\" content=\"https:\/\/horecatech.com\/wp-content\/uploads\/2025\/10\/RS691_IndIncassoPannelloControllo_OK.png\" \/>\n\t<meta property=\"og:image:width\" content=\"800\" \/>\n\t<meta property=\"og:image:height\" content=\"800\" \/>\n\t<meta property=\"og:image:type\" content=\"image\/png\" \/>\n<meta name=\"twitter:card\" content=\"summary_large_image\" \/>\n<script type=\"application\/ld+json\" class=\"yoast-schema-graph\">{\"@context\":\"https:\\\/\\\/schema.org\",\"@graph\":[{\"@type\":\"WebPage\",\"@id\":\"https:\\\/\\\/horecatech.com\\\/es\\\/prodotto\\\/unica-drop-in-placa-de-induccion-3500w-emportable\\\/\",\"url\":\"https:\\\/\\\/horecatech.com\\\/es\\\/prodotto\\\/unica-drop-in-placa-de-induccion-3500w-emportable\\\/\",\"name\":\"Unica Drop-in Placa de inducci\u00f3n 3500W emportable - Horecatech\",\"isPartOf\":{\"@id\":\"https:\\\/\\\/horecatech.com\\\/es\\\/#website\"},\"primaryImageOfPage\":{\"@id\":\"https:\\\/\\\/horecatech.com\\\/es\\\/prodotto\\\/unica-drop-in-placa-de-induccion-3500w-emportable\\\/#primaryimage\"},\"image\":{\"@id\":\"https:\\\/\\\/horecatech.com\\\/es\\\/prodotto\\\/unica-drop-in-placa-de-induccion-3500w-emportable\\\/#primaryimage\"},\"thumbnailUrl\":\"https:\\\/\\\/horecatech.com\\\/wp-content\\\/uploads\\\/2025\\\/10\\\/RS691_IndIncassoPannelloControllo_OK.png\",\"datePublished\":\"2025-10-22T13:57:36+00:00\",\"breadcrumb\":{\"@id\":\"https:\\\/\\\/horecatech.com\\\/es\\\/prodotto\\\/unica-drop-in-placa-de-induccion-3500w-emportable\\\/#breadcrumb\"},\"inLanguage\":\"es\",\"potentialAction\":[{\"@type\":\"ReadAction\",\"target\":[\"https:\\\/\\\/horecatech.com\\\/es\\\/prodotto\\\/unica-drop-in-placa-de-induccion-3500w-emportable\\\/\"]}]},{\"@type\":\"ImageObject\",\"inLanguage\":\"es\",\"@id\":\"https:\\\/\\\/horecatech.com\\\/es\\\/prodotto\\\/unica-drop-in-placa-de-induccion-3500w-emportable\\\/#primaryimage\",\"url\":\"https:\\\/\\\/horecatech.com\\\/wp-content\\\/uploads\\\/2025\\\/10\\\/RS691_IndIncassoPannelloControllo_OK.png\",\"contentUrl\":\"https:\\\/\\\/horecatech.com\\\/wp-content\\\/uploads\\\/2025\\\/10\\\/RS691_IndIncassoPannelloControllo_OK.png\",\"width\":800,\"height\":800},{\"@type\":\"BreadcrumbList\",\"@id\":\"https:\\\/\\\/horecatech.com\\\/es\\\/prodotto\\\/unica-drop-in-placa-de-induccion-3500w-emportable\\\/#breadcrumb\",\"itemListElement\":[{\"@type\":\"ListItem\",\"position\":1,\"name\":\"Home\",\"item\":\"https:\\\/\\\/horecatech.com\\\/es\\\/\"},{\"@type\":\"ListItem\",\"position\":2,\"name\":\"Tienda\",\"item\":\"https:\\\/\\\/horecatech.com\\\/tienda\\\/\"},{\"@type\":\"ListItem\",\"position\":3,\"name\":\"Unica Drop-in Placa de inducci\u00f3n 3500W emportable\"}]},{\"@type\":\"WebSite\",\"@id\":\"https:\\\/\\\/horecatech.com\\\/es\\\/#website\",\"url\":\"https:\\\/\\\/horecatech.com\\\/es\\\/\",\"name\":\"Horecatech\",\"description\":\"Il partner di qualit\u00e0 per le tue attrezzature professionali\",\"publisher\":{\"@id\":\"https:\\\/\\\/horecatech.com\\\/es\\\/#organization\"},\"potentialAction\":[{\"@type\":\"SearchAction\",\"target\":{\"@type\":\"EntryPoint\",\"urlTemplate\":\"https:\\\/\\\/horecatech.com\\\/es\\\/?s={search_term_string}\"},\"query-input\":{\"@type\":\"PropertyValueSpecification\",\"valueRequired\":true,\"valueName\":\"search_term_string\"}}],\"inLanguage\":\"es\"},{\"@type\":\"Organization\",\"@id\":\"https:\\\/\\\/horecatech.com\\\/es\\\/#organization\",\"name\":\"Horecatech Srl\",\"url\":\"https:\\\/\\\/horecatech.com\\\/es\\\/\",\"logo\":{\"@type\":\"ImageObject\",\"inLanguage\":\"es\",\"@id\":\"https:\\\/\\\/horecatech.com\\\/es\\\/#\\\/schema\\\/logo\\\/image\\\/\",\"url\":\"https:\\\/\\\/horecatech.com\\\/wp-content\\\/uploads\\\/2022\\\/12\\\/logo-horecatech.png\",\"contentUrl\":\"https:\\\/\\\/horecatech.com\\\/wp-content\\\/uploads\\\/2022\\\/12\\\/logo-horecatech.png\",\"width\":512,\"height\":512,\"caption\":\"Horecatech Srl\"},\"image\":{\"@id\":\"https:\\\/\\\/horecatech.com\\\/es\\\/#\\\/schema\\\/logo\\\/image\\\/\"},\"sameAs\":[\"https:\\\/\\\/www.facebook.com\\\/HorecatechSrl\",\"https:\\\/\\\/www.instagram.com\\\/horecatechofficial\\\/\"]}]}<\/script>\n<!-- \/ Yoast SEO plugin. -->","yoast_head_json":{"title":"Unica Drop-in Placa de inducci\u00f3n 3500W emportable - Horecatech","robots":{"index":"index","follow":"follow","max-snippet":"max-snippet:-1","max-image-preview":"max-image-preview:large","max-video-preview":"max-video-preview:-1"},"canonical":"https:\/\/horecatech.com\/es\/prodotto\/unica-drop-in-placa-de-induccion-3500w-emportable\/","og_locale":"es_ES","og_type":"article","og_title":"Unica Drop-in Placa de inducci\u00f3n 3500W emportable - Horecatech","og_description":"Con sistema AhC Funci\u00f3n M\u00edn\/M\u00e1x (selecci\u00f3n r\u00e1pida de la potencia m\u00ednima y m\u00e1xima) Funci\u00f3n bloqueo de seguridad Temporizador (1 min \u2013 180 min) Cuatro ventiladores para un \u00f3ptimo enfriado Filtro antigrasa extra\u00edble Pantalla LCD Pantalla t\u00e1ctil impermeable Apagado autom\u00e1tico despu\u00e9s de 120 min de inactividad Cuerpo de acero inoxidable Pies antideslizantes Longitud del cable de [&hellip;]","og_url":"https:\/\/horecatech.com\/es\/prodotto\/unica-drop-in-placa-de-induccion-3500w-emportable\/","og_site_name":"Horecatech","article_publisher":"https:\/\/www.facebook.com\/HorecatechSrl","og_image":[{"width":800,"height":800,"url":"https:\/\/horecatech.com\/wp-content\/uploads\/2025\/10\/RS691_IndIncassoPannelloControllo_OK.png","type":"image\/png"}],"twitter_card":"summary_large_image","schema":{"@context":"https:\/\/schema.org","@graph":[{"@type":"WebPage","@id":"https:\/\/horecatech.com\/es\/prodotto\/unica-drop-in-placa-de-induccion-3500w-emportable\/","url":"https:\/\/horecatech.com\/es\/prodotto\/unica-drop-in-placa-de-induccion-3500w-emportable\/","name":"Unica Drop-in Placa de inducci\u00f3n 3500W emportable - Horecatech","isPartOf":{"@id":"https:\/\/horecatech.com\/es\/#website"},"primaryImageOfPage":{"@id":"https:\/\/horecatech.com\/es\/prodotto\/unica-drop-in-placa-de-induccion-3500w-emportable\/#primaryimage"},"image":{"@id":"https:\/\/horecatech.com\/es\/prodotto\/unica-drop-in-placa-de-induccion-3500w-emportable\/#primaryimage"},"thumbnailUrl":"https:\/\/horecatech.com\/wp-content\/uploads\/2025\/10\/RS691_IndIncassoPannelloControllo_OK.png","datePublished":"2025-10-22T13:57:36+00:00","breadcrumb":{"@id":"https:\/\/horecatech.com\/es\/prodotto\/unica-drop-in-placa-de-induccion-3500w-emportable\/#breadcrumb"},"inLanguage":"es","potentialAction":[{"@type":"ReadAction","target":["https:\/\/horecatech.com\/es\/prodotto\/unica-drop-in-placa-de-induccion-3500w-emportable\/"]}]},{"@type":"ImageObject","inLanguage":"es","@id":"https:\/\/horecatech.com\/es\/prodotto\/unica-drop-in-placa-de-induccion-3500w-emportable\/#primaryimage","url":"https:\/\/horecatech.com\/wp-content\/uploads\/2025\/10\/RS691_IndIncassoPannelloControllo_OK.png","contentUrl":"https:\/\/horecatech.com\/wp-content\/uploads\/2025\/10\/RS691_IndIncassoPannelloControllo_OK.png","width":800,"height":800},{"@type":"BreadcrumbList","@id":"https:\/\/horecatech.com\/es\/prodotto\/unica-drop-in-placa-de-induccion-3500w-emportable\/#breadcrumb","itemListElement":[{"@type":"ListItem","position":1,"name":"Home","item":"https:\/\/horecatech.com\/es\/"},{"@type":"ListItem","position":2,"name":"Tienda","item":"https:\/\/horecatech.com\/tienda\/"},{"@type":"ListItem","position":3,"name":"Unica Drop-in Placa de inducci\u00f3n 3500W emportable"}]},{"@type":"WebSite","@id":"https:\/\/horecatech.com\/es\/#website","url":"https:\/\/horecatech.com\/es\/","name":"Horecatech","description":"Il partner di qualit\u00e0 per le tue attrezzature professionali","publisher":{"@id":"https:\/\/horecatech.com\/es\/#organization"},"potentialAction":[{"@type":"SearchAction","target":{"@type":"EntryPoint","urlTemplate":"https:\/\/horecatech.com\/es\/?s={search_term_string}"},"query-input":{"@type":"PropertyValueSpecification","valueRequired":true,"valueName":"search_term_string"}}],"inLanguage":"es"},{"@type":"Organization","@id":"https:\/\/horecatech.com\/es\/#organization","name":"Horecatech Srl","url":"https:\/\/horecatech.com\/es\/","logo":{"@type":"ImageObject","inLanguage":"es","@id":"https:\/\/horecatech.com\/es\/#\/schema\/logo\/image\/","url":"https:\/\/horecatech.com\/wp-content\/uploads\/2022\/12\/logo-horecatech.png","contentUrl":"https:\/\/horecatech.com\/wp-content\/uploads\/2022\/12\/logo-horecatech.png","width":512,"height":512,"caption":"Horecatech Srl"},"image":{"@id":"https:\/\/horecatech.com\/es\/#\/schema\/logo\/image\/"},"sameAs":["https:\/\/www.facebook.com\/HorecatechSrl","https:\/\/www.instagram.com\/horecatechofficial\/"]}]}},"_links":{"self":[{"href":"https:\/\/horecatech.com\/es\/wp-json\/wp\/v2\/product\/12643","targetHints":{"allow":["GET"]}}],"collection":[{"href":"https:\/\/horecatech.com\/es\/wp-json\/wp\/v2\/product"}],"about":[{"href":"https:\/\/horecatech.com\/es\/wp-json\/wp\/v2\/types\/product"}],"replies":[{"embeddable":true,"href":"https:\/\/horecatech.com\/es\/wp-json\/wp\/v2\/comments?post=12643"}],"wp:featuredmedia":[{"embeddable":true,"href":"https:\/\/horecatech.com\/es\/wp-json\/wp\/v2\/media\/11878"}],"wp:attachment":[{"href":"https:\/\/horecatech.com\/es\/wp-json\/wp\/v2\/media?parent=12643"}],"wp:term":[{"taxonomy":"product_brand","embeddable":true,"href":"https:\/\/horecatech.com\/es\/wp-json\/wp\/v2\/product_brand?post=12643"},{"taxonomy":"product_cat","embeddable":true,"href":"https:\/\/horecatech.com\/es\/wp-json\/wp\/v2\/product_cat?post=12643"},{"taxonomy":"product_tag","embeddable":true,"href":"https:\/\/horecatech.com\/es\/wp-json\/wp\/v2\/product_tag?post=12643"}],"curies":[{"name":"wp","href":"https:\/\/api.w.org\/{rel}","templated":true}]}}