{"id":12633,"date":"2025-10-22T11:32:49","date_gmt":"2025-10-22T09:32:49","guid":{"rendered":"https:\/\/horecatech.com\/prodotto\/amasadora-planetaria-power-i-10-lt\/"},"modified":"2025-10-22T11:32:49","modified_gmt":"2025-10-22T09:32:49","slug":"amasadora-planetaria-power-i-10-lt","status":"publish","type":"product","link":"https:\/\/horecatech.com\/es\/prodotto\/amasadora-planetaria-power-i-10-lt\/","title":{"rendered":"Amasadora planetaria power-i 10 lt"},"content":{"rendered":"<ul>\n<li>Alta productividad (superior al 40 % en comparaci\u00f3n con m\u00e1quinas tradicionales)<\/li>\n<li>Transmisi\u00f3n por correa<\/li>\n<li>Variador de velocidad<\/li>\n<li>30 velocidades (10 por accesorio)<\/li>\n<li>Temporizador con cuenta atr\u00e1s<\/li>\n<li>Posibilidad de configurar un programa predeterminado para cada accesorio<\/li>\n<li>Diagn\u00f3stico con mensajes de error en pantalla para una r\u00e1pida identificaci\u00f3n y resoluci\u00f3n de problemas<\/li>\n<li>Dep\u00f3sito y accesorios de acero inoxidable AISI 304<\/li>\n<li>Base y cabezal de acero (cubierta de ABS)<\/li>\n<li>Microinterruptor de seguridad<\/li>\n<li>Bot\u00f3n de parada de emergencia<\/li>\n<li>Pies antideslizantes<span class=\"Apple-converted-space\">\u00a0<\/span><\/li>\n<\/ul>\n","protected":false},"excerpt":{"rendered":"<p>Alta productividad (superior al 40 % en comparaci\u00f3n con m\u00e1quinas tradicionales) Transmisi\u00f3n por correa Variador de velocidad 30 velocidades (10 por accesorio) Temporizador con cuenta atr\u00e1s Posibilidad de configurar un programa predeterminado para cada accesorio Diagn\u00f3stico con mensajes de error en pantalla para una r\u00e1pida identificaci\u00f3n y resoluci\u00f3n de problemas Dep\u00f3sito y accesorios de acero [&hellip;]<\/p>\n","protected":false},"featured_media":11822,"comment_status":"open","ping_status":"closed","template":"","meta":{"_acf_changed":false},"product_brand":[],"product_cat":[1038,1499],"product_tag":[1040,1039,1410],"class_list":{"0":"post-12633","1":"product","2":"type-product","3":"status-publish","4":"has-post-thumbnail","6":"product_cat-planetaria","7":"product_cat-preparacion-y-mantenimiento","8":"product_tag-2-anos-de-garantia","9":"product_tag-linea-elite-es","10":"product_tag-novedad","11":"pa_capacita-10-l-es","12":"pa_dati-elettrici-220v-240v-50-60hz-750w","13":"pa_dimensione-50-x-45-x-70-h-cm","14":"pa_peso-42-kg-es","16":"first","17":"instock","18":"shipping-taxable","19":"product-type-simple"},"acf":[],"yoast_head":"<!-- This site is optimized with the Yoast SEO plugin v27.3 - https:\/\/yoast.com\/product\/yoast-seo-wordpress\/ -->\n<title>Amasadora planetaria power-i 10 lt - Horecatech<\/title>\n<meta name=\"robots\" content=\"index, follow, max-snippet:-1, max-image-preview:large, max-video-preview:-1\" \/>\n<link rel=\"canonical\" href=\"https:\/\/horecatech.com\/es\/prodotto\/amasadora-planetaria-power-i-10-lt\/\" \/>\n<meta property=\"og:locale\" content=\"es_ES\" \/>\n<meta property=\"og:type\" content=\"article\" \/>\n<meta property=\"og:title\" content=\"Amasadora planetaria power-i 10 lt - Horecatech\" \/>\n<meta property=\"og:description\" content=\"Alta productividad (superior al 40 % en comparaci\u00f3n con m\u00e1quinas tradicionales) Transmisi\u00f3n por correa Variador de velocidad 30 velocidades (10 por accesorio) Temporizador con cuenta atr\u00e1s Posibilidad de configurar un programa predeterminado para cada accesorio Diagn\u00f3stico con mensajes de error en pantalla para una r\u00e1pida identificaci\u00f3n y resoluci\u00f3n de problemas Dep\u00f3sito y accesorios de acero [&hellip;]\" \/>\n<meta property=\"og:url\" content=\"https:\/\/horecatech.com\/es\/prodotto\/amasadora-planetaria-power-i-10-lt\/\" \/>\n<meta property=\"og:site_name\" content=\"Horecatech\" \/>\n<meta property=\"article:publisher\" content=\"https:\/\/www.facebook.com\/HorecatechSrl\" \/>\n<meta property=\"og:image\" content=\"https:\/\/horecatech.com\/wp-content\/uploads\/2025\/10\/RS687-688-689-690.png\" \/>\n\t<meta property=\"og:image:width\" content=\"800\" \/>\n\t<meta property=\"og:image:height\" content=\"800\" \/>\n\t<meta property=\"og:image:type\" content=\"image\/png\" \/>\n<meta name=\"twitter:card\" content=\"summary_large_image\" \/>\n<script type=\"application\/ld+json\" class=\"yoast-schema-graph\">{\"@context\":\"https:\\\/\\\/schema.org\",\"@graph\":[{\"@type\":\"WebPage\",\"@id\":\"https:\\\/\\\/horecatech.com\\\/es\\\/prodotto\\\/amasadora-planetaria-power-i-10-lt\\\/\",\"url\":\"https:\\\/\\\/horecatech.com\\\/es\\\/prodotto\\\/amasadora-planetaria-power-i-10-lt\\\/\",\"name\":\"Amasadora planetaria power-i 10 lt - Horecatech\",\"isPartOf\":{\"@id\":\"https:\\\/\\\/horecatech.com\\\/es\\\/#website\"},\"primaryImageOfPage\":{\"@id\":\"https:\\\/\\\/horecatech.com\\\/es\\\/prodotto\\\/amasadora-planetaria-power-i-10-lt\\\/#primaryimage\"},\"image\":{\"@id\":\"https:\\\/\\\/horecatech.com\\\/es\\\/prodotto\\\/amasadora-planetaria-power-i-10-lt\\\/#primaryimage\"},\"thumbnailUrl\":\"https:\\\/\\\/horecatech.com\\\/wp-content\\\/uploads\\\/2025\\\/10\\\/RS687-688-689-690.png\",\"datePublished\":\"2025-10-22T09:32:49+00:00\",\"breadcrumb\":{\"@id\":\"https:\\\/\\\/horecatech.com\\\/es\\\/prodotto\\\/amasadora-planetaria-power-i-10-lt\\\/#breadcrumb\"},\"inLanguage\":\"es\",\"potentialAction\":[{\"@type\":\"ReadAction\",\"target\":[\"https:\\\/\\\/horecatech.com\\\/es\\\/prodotto\\\/amasadora-planetaria-power-i-10-lt\\\/\"]}]},{\"@type\":\"ImageObject\",\"inLanguage\":\"es\",\"@id\":\"https:\\\/\\\/horecatech.com\\\/es\\\/prodotto\\\/amasadora-planetaria-power-i-10-lt\\\/#primaryimage\",\"url\":\"https:\\\/\\\/horecatech.com\\\/wp-content\\\/uploads\\\/2025\\\/10\\\/RS687-688-689-690.png\",\"contentUrl\":\"https:\\\/\\\/horecatech.com\\\/wp-content\\\/uploads\\\/2025\\\/10\\\/RS687-688-689-690.png\",\"width\":800,\"height\":800},{\"@type\":\"BreadcrumbList\",\"@id\":\"https:\\\/\\\/horecatech.com\\\/es\\\/prodotto\\\/amasadora-planetaria-power-i-10-lt\\\/#breadcrumb\",\"itemListElement\":[{\"@type\":\"ListItem\",\"position\":1,\"name\":\"Home\",\"item\":\"https:\\\/\\\/horecatech.com\\\/es\\\/\"},{\"@type\":\"ListItem\",\"position\":2,\"name\":\"Tienda\",\"item\":\"https:\\\/\\\/horecatech.com\\\/tienda\\\/\"},{\"@type\":\"ListItem\",\"position\":3,\"name\":\"Amasadora planetaria power-i 10 lt\"}]},{\"@type\":\"WebSite\",\"@id\":\"https:\\\/\\\/horecatech.com\\\/es\\\/#website\",\"url\":\"https:\\\/\\\/horecatech.com\\\/es\\\/\",\"name\":\"Horecatech\",\"description\":\"Il partner di qualit\u00e0 per le tue attrezzature professionali\",\"publisher\":{\"@id\":\"https:\\\/\\\/horecatech.com\\\/es\\\/#organization\"},\"potentialAction\":[{\"@type\":\"SearchAction\",\"target\":{\"@type\":\"EntryPoint\",\"urlTemplate\":\"https:\\\/\\\/horecatech.com\\\/es\\\/?s={search_term_string}\"},\"query-input\":{\"@type\":\"PropertyValueSpecification\",\"valueRequired\":true,\"valueName\":\"search_term_string\"}}],\"inLanguage\":\"es\"},{\"@type\":\"Organization\",\"@id\":\"https:\\\/\\\/horecatech.com\\\/es\\\/#organization\",\"name\":\"Horecatech Srl\",\"url\":\"https:\\\/\\\/horecatech.com\\\/es\\\/\",\"logo\":{\"@type\":\"ImageObject\",\"inLanguage\":\"es\",\"@id\":\"https:\\\/\\\/horecatech.com\\\/es\\\/#\\\/schema\\\/logo\\\/image\\\/\",\"url\":\"https:\\\/\\\/horecatech.com\\\/wp-content\\\/uploads\\\/2022\\\/12\\\/logo-horecatech.png\",\"contentUrl\":\"https:\\\/\\\/horecatech.com\\\/wp-content\\\/uploads\\\/2022\\\/12\\\/logo-horecatech.png\",\"width\":512,\"height\":512,\"caption\":\"Horecatech Srl\"},\"image\":{\"@id\":\"https:\\\/\\\/horecatech.com\\\/es\\\/#\\\/schema\\\/logo\\\/image\\\/\"},\"sameAs\":[\"https:\\\/\\\/www.facebook.com\\\/HorecatechSrl\",\"https:\\\/\\\/www.instagram.com\\\/horecatechofficial\\\/\"]}]}<\/script>\n<!-- \/ Yoast SEO plugin. -->","yoast_head_json":{"title":"Amasadora planetaria power-i 10 lt - Horecatech","robots":{"index":"index","follow":"follow","max-snippet":"max-snippet:-1","max-image-preview":"max-image-preview:large","max-video-preview":"max-video-preview:-1"},"canonical":"https:\/\/horecatech.com\/es\/prodotto\/amasadora-planetaria-power-i-10-lt\/","og_locale":"es_ES","og_type":"article","og_title":"Amasadora planetaria power-i 10 lt - Horecatech","og_description":"Alta productividad (superior al 40 % en comparaci\u00f3n con m\u00e1quinas tradicionales) Transmisi\u00f3n por correa Variador de velocidad 30 velocidades (10 por accesorio) Temporizador con cuenta atr\u00e1s Posibilidad de configurar un programa predeterminado para cada accesorio Diagn\u00f3stico con mensajes de error en pantalla para una r\u00e1pida identificaci\u00f3n y resoluci\u00f3n de problemas Dep\u00f3sito y accesorios de acero [&hellip;]","og_url":"https:\/\/horecatech.com\/es\/prodotto\/amasadora-planetaria-power-i-10-lt\/","og_site_name":"Horecatech","article_publisher":"https:\/\/www.facebook.com\/HorecatechSrl","og_image":[{"width":800,"height":800,"url":"https:\/\/horecatech.com\/wp-content\/uploads\/2025\/10\/RS687-688-689-690.png","type":"image\/png"}],"twitter_card":"summary_large_image","schema":{"@context":"https:\/\/schema.org","@graph":[{"@type":"WebPage","@id":"https:\/\/horecatech.com\/es\/prodotto\/amasadora-planetaria-power-i-10-lt\/","url":"https:\/\/horecatech.com\/es\/prodotto\/amasadora-planetaria-power-i-10-lt\/","name":"Amasadora planetaria power-i 10 lt - Horecatech","isPartOf":{"@id":"https:\/\/horecatech.com\/es\/#website"},"primaryImageOfPage":{"@id":"https:\/\/horecatech.com\/es\/prodotto\/amasadora-planetaria-power-i-10-lt\/#primaryimage"},"image":{"@id":"https:\/\/horecatech.com\/es\/prodotto\/amasadora-planetaria-power-i-10-lt\/#primaryimage"},"thumbnailUrl":"https:\/\/horecatech.com\/wp-content\/uploads\/2025\/10\/RS687-688-689-690.png","datePublished":"2025-10-22T09:32:49+00:00","breadcrumb":{"@id":"https:\/\/horecatech.com\/es\/prodotto\/amasadora-planetaria-power-i-10-lt\/#breadcrumb"},"inLanguage":"es","potentialAction":[{"@type":"ReadAction","target":["https:\/\/horecatech.com\/es\/prodotto\/amasadora-planetaria-power-i-10-lt\/"]}]},{"@type":"ImageObject","inLanguage":"es","@id":"https:\/\/horecatech.com\/es\/prodotto\/amasadora-planetaria-power-i-10-lt\/#primaryimage","url":"https:\/\/horecatech.com\/wp-content\/uploads\/2025\/10\/RS687-688-689-690.png","contentUrl":"https:\/\/horecatech.com\/wp-content\/uploads\/2025\/10\/RS687-688-689-690.png","width":800,"height":800},{"@type":"BreadcrumbList","@id":"https:\/\/horecatech.com\/es\/prodotto\/amasadora-planetaria-power-i-10-lt\/#breadcrumb","itemListElement":[{"@type":"ListItem","position":1,"name":"Home","item":"https:\/\/horecatech.com\/es\/"},{"@type":"ListItem","position":2,"name":"Tienda","item":"https:\/\/horecatech.com\/tienda\/"},{"@type":"ListItem","position":3,"name":"Amasadora planetaria power-i 10 lt"}]},{"@type":"WebSite","@id":"https:\/\/horecatech.com\/es\/#website","url":"https:\/\/horecatech.com\/es\/","name":"Horecatech","description":"Il partner di qualit\u00e0 per le tue attrezzature professionali","publisher":{"@id":"https:\/\/horecatech.com\/es\/#organization"},"potentialAction":[{"@type":"SearchAction","target":{"@type":"EntryPoint","urlTemplate":"https:\/\/horecatech.com\/es\/?s={search_term_string}"},"query-input":{"@type":"PropertyValueSpecification","valueRequired":true,"valueName":"search_term_string"}}],"inLanguage":"es"},{"@type":"Organization","@id":"https:\/\/horecatech.com\/es\/#organization","name":"Horecatech Srl","url":"https:\/\/horecatech.com\/es\/","logo":{"@type":"ImageObject","inLanguage":"es","@id":"https:\/\/horecatech.com\/es\/#\/schema\/logo\/image\/","url":"https:\/\/horecatech.com\/wp-content\/uploads\/2022\/12\/logo-horecatech.png","contentUrl":"https:\/\/horecatech.com\/wp-content\/uploads\/2022\/12\/logo-horecatech.png","width":512,"height":512,"caption":"Horecatech Srl"},"image":{"@id":"https:\/\/horecatech.com\/es\/#\/schema\/logo\/image\/"},"sameAs":["https:\/\/www.facebook.com\/HorecatechSrl","https:\/\/www.instagram.com\/horecatechofficial\/"]}]}},"_links":{"self":[{"href":"https:\/\/horecatech.com\/es\/wp-json\/wp\/v2\/product\/12633","targetHints":{"allow":["GET"]}}],"collection":[{"href":"https:\/\/horecatech.com\/es\/wp-json\/wp\/v2\/product"}],"about":[{"href":"https:\/\/horecatech.com\/es\/wp-json\/wp\/v2\/types\/product"}],"replies":[{"embeddable":true,"href":"https:\/\/horecatech.com\/es\/wp-json\/wp\/v2\/comments?post=12633"}],"wp:featuredmedia":[{"embeddable":true,"href":"https:\/\/horecatech.com\/es\/wp-json\/wp\/v2\/media\/11822"}],"wp:attachment":[{"href":"https:\/\/horecatech.com\/es\/wp-json\/wp\/v2\/media?parent=12633"}],"wp:term":[{"taxonomy":"product_brand","embeddable":true,"href":"https:\/\/horecatech.com\/es\/wp-json\/wp\/v2\/product_brand?post=12633"},{"taxonomy":"product_cat","embeddable":true,"href":"https:\/\/horecatech.com\/es\/wp-json\/wp\/v2\/product_cat?post=12633"},{"taxonomy":"product_tag","embeddable":true,"href":"https:\/\/horecatech.com\/es\/wp-json\/wp\/v2\/product_tag?post=12633"}],"curies":[{"name":"wp","href":"https:\/\/api.w.org\/{rel}","templated":true}]}}