{"id":11468,"date":"2024-09-03T17:34:12","date_gmt":"2024-09-03T15:34:12","guid":{"rendered":"https:\/\/horecatech.com\/prodotto\/placa-de-induccion-digital-3500w-unika\/"},"modified":"2024-09-03T17:34:12","modified_gmt":"2024-09-03T15:34:12","slug":"placa-de-induccion-digital-3500w-unika","status":"publish","type":"product","link":"https:\/\/horecatech.com\/es\/prodotto\/placa-de-induccion-digital-3500w-unika\/","title":{"rendered":"Placa de inducci\u00f3n digital 3500W Unika"},"content":{"rendered":"<ul>\n<li><strong>Con Sistema \u201cAhC\u201d, el sistema innovador de control de la absorci\u00f3n de energ\u00eda que optimiza la eficiencia y los costes operativos.<\/strong><\/li>\n<li>Funci\u00f3n M\u00edn\/M\u00e1x (r\u00e1pida selecci\u00f3n de la potencia m\u00ednima y m\u00e1xima)<\/li>\n<li>Funci\u00f3n bloqueo de seguridad<\/li>\n<li><span class=\"Apple-converted-space\">\u00a0<\/span>Temporizador (1 min-2 horas y 59 min)<\/li>\n<li>Cuatro ventiladores para un \u00f3ptimo enfriado<\/li>\n<li>Filtro antigrasa extra\u00edble<\/li>\n<li>Pantalla LCD<\/li>\n<li>Patas regulables<\/li>\n<li>Pantalla t\u00e1ctil impermeable<\/li>\n<li>Apagado autom\u00e1tico despu\u00e9s de 120 min sin utilizar<\/li>\n<li>Cuerpo de acero inoxidable<\/li>\n<\/ul>\n","protected":false},"excerpt":{"rendered":"<p>Con Sistema \u201cAhC\u201d, el sistema innovador de control de la absorci\u00f3n de energ\u00eda que optimiza la eficiencia y los costes operativos. Funci\u00f3n M\u00edn\/M\u00e1x (r\u00e1pida selecci\u00f3n de la potencia m\u00ednima y m\u00e1xima) Funci\u00f3n bloqueo de seguridad \u00a0Temporizador (1 min-2 horas y 59 min) Cuatro ventiladores para un \u00f3ptimo enfriado Filtro antigrasa extra\u00edble Pantalla LCD Patas regulables [&hellip;]<\/p>\n","protected":false},"featured_media":12158,"comment_status":"open","ping_status":"closed","template":"","meta":{"_acf_changed":false},"product_brand":[],"product_cat":[1500,2299,1498],"product_tag":[1040,1039,1410],"class_list":{"0":"post-11468","1":"product","2":"type-product","3":"status-publish","4":"has-post-thumbnail","6":"product_cat-cocina","7":"product_cat-placa-de-induccion-digital-deluxe-unika","8":"product_cat-sin-categoria","9":"product_tag-2-anos-de-garantia","10":"product_tag-linea-elite-es","11":"product_tag-novedad","12":"pa_dati-elettrici-220v-240v--50hz-3500w-es-2","13":"pa_diametro-pentole-min-14-cm-max-32-cm-es","14":"pa_dimensione-40-x-53-x-12-h-cm-es","15":"pa_livelli-potenza-17-de-100w-a-3500w","16":"pa_peso-7-kg-es","17":"pa_temperature-regolabili-de-35c-a-240c-step-5c","19":"first","20":"instock","21":"shipping-taxable","22":"product-type-simple"},"acf":[],"yoast_head":"<!-- This site is optimized with the Yoast SEO plugin v27.3 - https:\/\/yoast.com\/product\/yoast-seo-wordpress\/ -->\n<title>Placa de inducci\u00f3n digital 3500W Unika - Horecatech<\/title>\n<meta name=\"robots\" content=\"index, follow, max-snippet:-1, max-image-preview:large, max-video-preview:-1\" \/>\n<link rel=\"canonical\" href=\"https:\/\/horecatech.com\/es\/prodotto\/placa-de-induccion-digital-3500w-unika\/\" \/>\n<meta property=\"og:locale\" content=\"es_ES\" \/>\n<meta property=\"og:type\" content=\"article\" \/>\n<meta property=\"og:title\" content=\"Placa de inducci\u00f3n digital 3500W Unika - Horecatech\" \/>\n<meta property=\"og:description\" content=\"Con Sistema \u201cAhC\u201d, el sistema innovador de control de la absorci\u00f3n de energ\u00eda que optimiza la eficiencia y los costes operativos. Funci\u00f3n M\u00edn\/M\u00e1x (r\u00e1pida selecci\u00f3n de la potencia m\u00ednima y m\u00e1xima) Funci\u00f3n bloqueo de seguridad \u00a0Temporizador (1 min-2 horas y 59 min) Cuatro ventiladores para un \u00f3ptimo enfriado Filtro antigrasa extra\u00edble Pantalla LCD Patas regulables [&hellip;]\" \/>\n<meta property=\"og:url\" content=\"https:\/\/horecatech.com\/es\/prodotto\/placa-de-induccion-digital-3500w-unika\/\" \/>\n<meta property=\"og:site_name\" content=\"Horecatech\" \/>\n<meta property=\"article:publisher\" content=\"https:\/\/www.facebook.com\/HorecatechSrl\" \/>\n<meta property=\"og:image\" content=\"https:\/\/horecatech.com\/wp-content\/uploads\/2023\/11\/RS615N_Piasta-a-induzione-digitale-3550W-Deluxe.png\" \/>\n\t<meta property=\"og:image:width\" content=\"800\" \/>\n\t<meta property=\"og:image:height\" content=\"800\" \/>\n\t<meta property=\"og:image:type\" content=\"image\/png\" \/>\n<meta name=\"twitter:card\" content=\"summary_large_image\" \/>\n<script type=\"application\/ld+json\" class=\"yoast-schema-graph\">{\"@context\":\"https:\\\/\\\/schema.org\",\"@graph\":[{\"@type\":\"WebPage\",\"@id\":\"https:\\\/\\\/horecatech.com\\\/es\\\/prodotto\\\/placa-de-induccion-digital-3500w-unika\\\/\",\"url\":\"https:\\\/\\\/horecatech.com\\\/es\\\/prodotto\\\/placa-de-induccion-digital-3500w-unika\\\/\",\"name\":\"Placa de inducci\u00f3n digital 3500W Unika - Horecatech\",\"isPartOf\":{\"@id\":\"https:\\\/\\\/horecatech.com\\\/es\\\/#website\"},\"primaryImageOfPage\":{\"@id\":\"https:\\\/\\\/horecatech.com\\\/es\\\/prodotto\\\/placa-de-induccion-digital-3500w-unika\\\/#primaryimage\"},\"image\":{\"@id\":\"https:\\\/\\\/horecatech.com\\\/es\\\/prodotto\\\/placa-de-induccion-digital-3500w-unika\\\/#primaryimage\"},\"thumbnailUrl\":\"https:\\\/\\\/horecatech.com\\\/wp-content\\\/uploads\\\/2023\\\/11\\\/RS615N_628N_XL_800x800.png\",\"datePublished\":\"2024-09-03T15:34:12+00:00\",\"breadcrumb\":{\"@id\":\"https:\\\/\\\/horecatech.com\\\/es\\\/prodotto\\\/placa-de-induccion-digital-3500w-unika\\\/#breadcrumb\"},\"inLanguage\":\"es\",\"potentialAction\":[{\"@type\":\"ReadAction\",\"target\":[\"https:\\\/\\\/horecatech.com\\\/es\\\/prodotto\\\/placa-de-induccion-digital-3500w-unika\\\/\"]}]},{\"@type\":\"ImageObject\",\"inLanguage\":\"es\",\"@id\":\"https:\\\/\\\/horecatech.com\\\/es\\\/prodotto\\\/placa-de-induccion-digital-3500w-unika\\\/#primaryimage\",\"url\":\"https:\\\/\\\/horecatech.com\\\/wp-content\\\/uploads\\\/2023\\\/11\\\/RS615N_628N_XL_800x800.png\",\"contentUrl\":\"https:\\\/\\\/horecatech.com\\\/wp-content\\\/uploads\\\/2023\\\/11\\\/RS615N_628N_XL_800x800.png\",\"width\":800,\"height\":800},{\"@type\":\"BreadcrumbList\",\"@id\":\"https:\\\/\\\/horecatech.com\\\/es\\\/prodotto\\\/placa-de-induccion-digital-3500w-unika\\\/#breadcrumb\",\"itemListElement\":[{\"@type\":\"ListItem\",\"position\":1,\"name\":\"Home\",\"item\":\"https:\\\/\\\/horecatech.com\\\/es\\\/\"},{\"@type\":\"ListItem\",\"position\":2,\"name\":\"Tienda\",\"item\":\"https:\\\/\\\/horecatech.com\\\/tienda\\\/\"},{\"@type\":\"ListItem\",\"position\":3,\"name\":\"Placa de inducci\u00f3n digital 3500W Unika\"}]},{\"@type\":\"WebSite\",\"@id\":\"https:\\\/\\\/horecatech.com\\\/es\\\/#website\",\"url\":\"https:\\\/\\\/horecatech.com\\\/es\\\/\",\"name\":\"Horecatech\",\"description\":\"Il partner di qualit\u00e0 per le tue attrezzature professionali\",\"publisher\":{\"@id\":\"https:\\\/\\\/horecatech.com\\\/es\\\/#organization\"},\"potentialAction\":[{\"@type\":\"SearchAction\",\"target\":{\"@type\":\"EntryPoint\",\"urlTemplate\":\"https:\\\/\\\/horecatech.com\\\/es\\\/?s={search_term_string}\"},\"query-input\":{\"@type\":\"PropertyValueSpecification\",\"valueRequired\":true,\"valueName\":\"search_term_string\"}}],\"inLanguage\":\"es\"},{\"@type\":\"Organization\",\"@id\":\"https:\\\/\\\/horecatech.com\\\/es\\\/#organization\",\"name\":\"Horecatech Srl\",\"url\":\"https:\\\/\\\/horecatech.com\\\/es\\\/\",\"logo\":{\"@type\":\"ImageObject\",\"inLanguage\":\"es\",\"@id\":\"https:\\\/\\\/horecatech.com\\\/es\\\/#\\\/schema\\\/logo\\\/image\\\/\",\"url\":\"https:\\\/\\\/horecatech.com\\\/wp-content\\\/uploads\\\/2022\\\/12\\\/logo-horecatech.png\",\"contentUrl\":\"https:\\\/\\\/horecatech.com\\\/wp-content\\\/uploads\\\/2022\\\/12\\\/logo-horecatech.png\",\"width\":512,\"height\":512,\"caption\":\"Horecatech Srl\"},\"image\":{\"@id\":\"https:\\\/\\\/horecatech.com\\\/es\\\/#\\\/schema\\\/logo\\\/image\\\/\"},\"sameAs\":[\"https:\\\/\\\/www.facebook.com\\\/HorecatechSrl\",\"https:\\\/\\\/www.instagram.com\\\/horecatechofficial\\\/\"]}]}<\/script>\n<!-- \/ Yoast SEO plugin. -->","yoast_head_json":{"title":"Placa de inducci\u00f3n digital 3500W Unika - Horecatech","robots":{"index":"index","follow":"follow","max-snippet":"max-snippet:-1","max-image-preview":"max-image-preview:large","max-video-preview":"max-video-preview:-1"},"canonical":"https:\/\/horecatech.com\/es\/prodotto\/placa-de-induccion-digital-3500w-unika\/","og_locale":"es_ES","og_type":"article","og_title":"Placa de inducci\u00f3n digital 3500W Unika - Horecatech","og_description":"Con Sistema \u201cAhC\u201d, el sistema innovador de control de la absorci\u00f3n de energ\u00eda que optimiza la eficiencia y los costes operativos. Funci\u00f3n M\u00edn\/M\u00e1x (r\u00e1pida selecci\u00f3n de la potencia m\u00ednima y m\u00e1xima) Funci\u00f3n bloqueo de seguridad \u00a0Temporizador (1 min-2 horas y 59 min) Cuatro ventiladores para un \u00f3ptimo enfriado Filtro antigrasa extra\u00edble Pantalla LCD Patas regulables [&hellip;]","og_url":"https:\/\/horecatech.com\/es\/prodotto\/placa-de-induccion-digital-3500w-unika\/","og_site_name":"Horecatech","article_publisher":"https:\/\/www.facebook.com\/HorecatechSrl","og_image":[{"width":800,"height":800,"url":"https:\/\/horecatech.com\/wp-content\/uploads\/2023\/11\/RS615N_Piasta-a-induzione-digitale-3550W-Deluxe.png","type":"image\/png"}],"twitter_card":"summary_large_image","schema":{"@context":"https:\/\/schema.org","@graph":[{"@type":"WebPage","@id":"https:\/\/horecatech.com\/es\/prodotto\/placa-de-induccion-digital-3500w-unika\/","url":"https:\/\/horecatech.com\/es\/prodotto\/placa-de-induccion-digital-3500w-unika\/","name":"Placa de inducci\u00f3n digital 3500W Unika - Horecatech","isPartOf":{"@id":"https:\/\/horecatech.com\/es\/#website"},"primaryImageOfPage":{"@id":"https:\/\/horecatech.com\/es\/prodotto\/placa-de-induccion-digital-3500w-unika\/#primaryimage"},"image":{"@id":"https:\/\/horecatech.com\/es\/prodotto\/placa-de-induccion-digital-3500w-unika\/#primaryimage"},"thumbnailUrl":"https:\/\/horecatech.com\/wp-content\/uploads\/2023\/11\/RS615N_628N_XL_800x800.png","datePublished":"2024-09-03T15:34:12+00:00","breadcrumb":{"@id":"https:\/\/horecatech.com\/es\/prodotto\/placa-de-induccion-digital-3500w-unika\/#breadcrumb"},"inLanguage":"es","potentialAction":[{"@type":"ReadAction","target":["https:\/\/horecatech.com\/es\/prodotto\/placa-de-induccion-digital-3500w-unika\/"]}]},{"@type":"ImageObject","inLanguage":"es","@id":"https:\/\/horecatech.com\/es\/prodotto\/placa-de-induccion-digital-3500w-unika\/#primaryimage","url":"https:\/\/horecatech.com\/wp-content\/uploads\/2023\/11\/RS615N_628N_XL_800x800.png","contentUrl":"https:\/\/horecatech.com\/wp-content\/uploads\/2023\/11\/RS615N_628N_XL_800x800.png","width":800,"height":800},{"@type":"BreadcrumbList","@id":"https:\/\/horecatech.com\/es\/prodotto\/placa-de-induccion-digital-3500w-unika\/#breadcrumb","itemListElement":[{"@type":"ListItem","position":1,"name":"Home","item":"https:\/\/horecatech.com\/es\/"},{"@type":"ListItem","position":2,"name":"Tienda","item":"https:\/\/horecatech.com\/tienda\/"},{"@type":"ListItem","position":3,"name":"Placa de inducci\u00f3n digital 3500W Unika"}]},{"@type":"WebSite","@id":"https:\/\/horecatech.com\/es\/#website","url":"https:\/\/horecatech.com\/es\/","name":"Horecatech","description":"Il partner di qualit\u00e0 per le tue attrezzature professionali","publisher":{"@id":"https:\/\/horecatech.com\/es\/#organization"},"potentialAction":[{"@type":"SearchAction","target":{"@type":"EntryPoint","urlTemplate":"https:\/\/horecatech.com\/es\/?s={search_term_string}"},"query-input":{"@type":"PropertyValueSpecification","valueRequired":true,"valueName":"search_term_string"}}],"inLanguage":"es"},{"@type":"Organization","@id":"https:\/\/horecatech.com\/es\/#organization","name":"Horecatech Srl","url":"https:\/\/horecatech.com\/es\/","logo":{"@type":"ImageObject","inLanguage":"es","@id":"https:\/\/horecatech.com\/es\/#\/schema\/logo\/image\/","url":"https:\/\/horecatech.com\/wp-content\/uploads\/2022\/12\/logo-horecatech.png","contentUrl":"https:\/\/horecatech.com\/wp-content\/uploads\/2022\/12\/logo-horecatech.png","width":512,"height":512,"caption":"Horecatech Srl"},"image":{"@id":"https:\/\/horecatech.com\/es\/#\/schema\/logo\/image\/"},"sameAs":["https:\/\/www.facebook.com\/HorecatechSrl","https:\/\/www.instagram.com\/horecatechofficial\/"]}]}},"_links":{"self":[{"href":"https:\/\/horecatech.com\/es\/wp-json\/wp\/v2\/product\/11468","targetHints":{"allow":["GET"]}}],"collection":[{"href":"https:\/\/horecatech.com\/es\/wp-json\/wp\/v2\/product"}],"about":[{"href":"https:\/\/horecatech.com\/es\/wp-json\/wp\/v2\/types\/product"}],"replies":[{"embeddable":true,"href":"https:\/\/horecatech.com\/es\/wp-json\/wp\/v2\/comments?post=11468"}],"wp:featuredmedia":[{"embeddable":true,"href":"https:\/\/horecatech.com\/es\/wp-json\/wp\/v2\/media\/12158"}],"wp:attachment":[{"href":"https:\/\/horecatech.com\/es\/wp-json\/wp\/v2\/media?parent=11468"}],"wp:term":[{"taxonomy":"product_brand","embeddable":true,"href":"https:\/\/horecatech.com\/es\/wp-json\/wp\/v2\/product_brand?post=11468"},{"taxonomy":"product_cat","embeddable":true,"href":"https:\/\/horecatech.com\/es\/wp-json\/wp\/v2\/product_cat?post=11468"},{"taxonomy":"product_tag","embeddable":true,"href":"https:\/\/horecatech.com\/es\/wp-json\/wp\/v2\/product_tag?post=11468"}],"curies":[{"name":"wp","href":"https:\/\/api.w.org\/{rel}","templated":true}]}}