{"id":11463,"date":"2025-03-26T12:38:49","date_gmt":"2025-03-26T11:38:49","guid":{"rendered":"https:\/\/horecatech.com\/prodotto\/placa-de-induccion-digital-doble-zona-7000w\/"},"modified":"2025-03-26T12:38:49","modified_gmt":"2025-03-26T11:38:49","slug":"placa-de-induccion-digital-doble-zona-7000w","status":"publish","type":"product","link":"https:\/\/horecatech.com\/es\/prodotto\/placa-de-induccion-digital-doble-zona-7000w\/","title":{"rendered":"Placa de inducc\u00econ digital doble zona 7000W"},"content":{"rendered":"<ul>\n<li><strong>Con Sistema \u201cAhC\u201d, el sistema innovador de control de la absorci\u00f3n de energ\u00eda que optimiza la eficiencia y los costes operativos<\/strong><\/li>\n<li>Potencia m\u00e1xima de fuego frontal 3500W (12 niveles de potencia)<\/li>\n<li>Potencia m\u00e1xima de fuego posterior 5000W (15 niveles de potencia)<\/li>\n<li>Funci\u00f3n Min\/Max (selecci\u00f3n r\u00e1pida de la potencia m\u00ednima o m\u00e1xima)<\/li>\n<li>Funci\u00f3n de bloqueo de seguridad<\/li>\n<li>Temporizador (de 1 minuto a 180 minutos)<\/li>\n<li>Seis ventiladores para una refrigeraci\u00f3n \u00f3ptima<\/li>\n<li>Filtro extra\u00edble<\/li>\n<li>Pantalla LCD<\/li>\n<li>Pies ajustables<\/li>\n<li>Pantalla t\u00e1ctil inamovible<\/li>\n<li>Apagado autom\u00e1tico despu\u00e9s de 120 minutos de no uso<\/li>\n<li>Cuerpo de acero inoxidable<\/li>\n<\/ul>\n","protected":false},"excerpt":{"rendered":"<p>Con Sistema \u201cAhC\u201d, el sistema innovador de control de la absorci\u00f3n de energ\u00eda que optimiza la eficiencia y los costes operativos Potencia m\u00e1xima de fuego frontal 3500W (12 niveles de potencia) Potencia m\u00e1xima de fuego posterior 5000W (15 niveles de potencia) Funci\u00f3n Min\/Max (selecci\u00f3n r\u00e1pida de la potencia m\u00ednima o m\u00e1xima) Funci\u00f3n de bloqueo de [&hellip;]<\/p>\n","protected":false},"featured_media":11356,"comment_status":"open","ping_status":"closed","template":"","meta":{"_acf_changed":false},"product_brand":[],"product_cat":[1500,2299,1498],"product_tag":[1040,1039,1410],"class_list":{"0":"post-11463","1":"product","2":"type-product","3":"status-publish","4":"has-post-thumbnail","6":"product_cat-cocina","7":"product_cat-placa-de-induccion-digital-deluxe-unika","8":"product_cat-sin-categoria","9":"product_tag-2-anos-de-garantia","10":"product_tag-linea-elite-es","11":"product_tag-novedad","12":"pa_dati-elettrici-380v-400v-50-60hz-7000w-es","13":"pa_diametro-pentole-min-10-cm-es","14":"pa_dimensione-765-x-41-x-15-h-cm-es","15":"pa_livelli-potenza-anterior-12-de-200w-a-3500w-posterior-15-de-200w-a-5000w","16":"pa_peso-123-kg-es","17":"pa_temperature-regolabili-de-35c-a-240c-step-5c","19":"first","20":"instock","21":"shipping-taxable","22":"product-type-simple"},"acf":[],"yoast_head":"<!-- This site is optimized with the Yoast SEO plugin v27.3 - https:\/\/yoast.com\/product\/yoast-seo-wordpress\/ -->\n<title>Placa de inducc\u00econ digital doble zona 7000W - Horecatech<\/title>\n<meta name=\"robots\" content=\"index, follow, max-snippet:-1, max-image-preview:large, max-video-preview:-1\" \/>\n<link rel=\"canonical\" href=\"https:\/\/horecatech.com\/es\/prodotto\/placa-de-induccion-digital-doble-zona-7000w\/\" \/>\n<meta property=\"og:locale\" content=\"es_ES\" \/>\n<meta property=\"og:type\" content=\"article\" \/>\n<meta property=\"og:title\" content=\"Placa de inducc\u00econ digital doble zona 7000W - Horecatech\" \/>\n<meta property=\"og:description\" content=\"Con Sistema \u201cAhC\u201d, el sistema innovador de control de la absorci\u00f3n de energ\u00eda que optimiza la eficiencia y los costes operativos Potencia m\u00e1xima de fuego frontal 3500W (12 niveles de potencia) Potencia m\u00e1xima de fuego posterior 5000W (15 niveles de potencia) Funci\u00f3n Min\/Max (selecci\u00f3n r\u00e1pida de la potencia m\u00ednima o m\u00e1xima) Funci\u00f3n de bloqueo de [&hellip;]\" \/>\n<meta property=\"og:url\" content=\"https:\/\/horecatech.com\/es\/prodotto\/placa-de-induccion-digital-doble-zona-7000w\/\" \/>\n<meta property=\"og:site_name\" content=\"Horecatech\" \/>\n<meta property=\"article:publisher\" content=\"https:\/\/www.facebook.com\/HorecatechSrl\" \/>\n<meta property=\"og:image\" content=\"https:\/\/horecatech.com\/wp-content\/uploads\/2025\/03\/RS684_sito.png\" \/>\n\t<meta property=\"og:image:width\" content=\"800\" \/>\n\t<meta property=\"og:image:height\" content=\"800\" \/>\n\t<meta property=\"og:image:type\" content=\"image\/png\" \/>\n<meta name=\"twitter:card\" content=\"summary_large_image\" \/>\n<meta name=\"twitter:label1\" content=\"Tiempo de lectura\" \/>\n\t<meta name=\"twitter:data1\" content=\"1 minuto\" \/>\n<script type=\"application\/ld+json\" class=\"yoast-schema-graph\">{\"@context\":\"https:\\\/\\\/schema.org\",\"@graph\":[{\"@type\":\"WebPage\",\"@id\":\"https:\\\/\\\/horecatech.com\\\/es\\\/prodotto\\\/placa-de-induccion-digital-doble-zona-7000w\\\/\",\"url\":\"https:\\\/\\\/horecatech.com\\\/es\\\/prodotto\\\/placa-de-induccion-digital-doble-zona-7000w\\\/\",\"name\":\"Placa de inducc\u00econ digital doble zona 7000W - Horecatech\",\"isPartOf\":{\"@id\":\"https:\\\/\\\/horecatech.com\\\/es\\\/#website\"},\"primaryImageOfPage\":{\"@id\":\"https:\\\/\\\/horecatech.com\\\/es\\\/prodotto\\\/placa-de-induccion-digital-doble-zona-7000w\\\/#primaryimage\"},\"image\":{\"@id\":\"https:\\\/\\\/horecatech.com\\\/es\\\/prodotto\\\/placa-de-induccion-digital-doble-zona-7000w\\\/#primaryimage\"},\"thumbnailUrl\":\"https:\\\/\\\/horecatech.com\\\/wp-content\\\/uploads\\\/2025\\\/03\\\/RS684_sito.png\",\"datePublished\":\"2025-03-26T11:38:49+00:00\",\"breadcrumb\":{\"@id\":\"https:\\\/\\\/horecatech.com\\\/es\\\/prodotto\\\/placa-de-induccion-digital-doble-zona-7000w\\\/#breadcrumb\"},\"inLanguage\":\"es\",\"potentialAction\":[{\"@type\":\"ReadAction\",\"target\":[\"https:\\\/\\\/horecatech.com\\\/es\\\/prodotto\\\/placa-de-induccion-digital-doble-zona-7000w\\\/\"]}]},{\"@type\":\"ImageObject\",\"inLanguage\":\"es\",\"@id\":\"https:\\\/\\\/horecatech.com\\\/es\\\/prodotto\\\/placa-de-induccion-digital-doble-zona-7000w\\\/#primaryimage\",\"url\":\"https:\\\/\\\/horecatech.com\\\/wp-content\\\/uploads\\\/2025\\\/03\\\/RS684_sito.png\",\"contentUrl\":\"https:\\\/\\\/horecatech.com\\\/wp-content\\\/uploads\\\/2025\\\/03\\\/RS684_sito.png\",\"width\":800,\"height\":800},{\"@type\":\"BreadcrumbList\",\"@id\":\"https:\\\/\\\/horecatech.com\\\/es\\\/prodotto\\\/placa-de-induccion-digital-doble-zona-7000w\\\/#breadcrumb\",\"itemListElement\":[{\"@type\":\"ListItem\",\"position\":1,\"name\":\"Home\",\"item\":\"https:\\\/\\\/horecatech.com\\\/es\\\/\"},{\"@type\":\"ListItem\",\"position\":2,\"name\":\"Tienda\",\"item\":\"https:\\\/\\\/horecatech.com\\\/tienda\\\/\"},{\"@type\":\"ListItem\",\"position\":3,\"name\":\"Placa de inducc\u00econ digital doble zona 7000W\"}]},{\"@type\":\"WebSite\",\"@id\":\"https:\\\/\\\/horecatech.com\\\/es\\\/#website\",\"url\":\"https:\\\/\\\/horecatech.com\\\/es\\\/\",\"name\":\"Horecatech\",\"description\":\"Il partner di qualit\u00e0 per le tue attrezzature professionali\",\"publisher\":{\"@id\":\"https:\\\/\\\/horecatech.com\\\/es\\\/#organization\"},\"potentialAction\":[{\"@type\":\"SearchAction\",\"target\":{\"@type\":\"EntryPoint\",\"urlTemplate\":\"https:\\\/\\\/horecatech.com\\\/es\\\/?s={search_term_string}\"},\"query-input\":{\"@type\":\"PropertyValueSpecification\",\"valueRequired\":true,\"valueName\":\"search_term_string\"}}],\"inLanguage\":\"es\"},{\"@type\":\"Organization\",\"@id\":\"https:\\\/\\\/horecatech.com\\\/es\\\/#organization\",\"name\":\"Horecatech Srl\",\"url\":\"https:\\\/\\\/horecatech.com\\\/es\\\/\",\"logo\":{\"@type\":\"ImageObject\",\"inLanguage\":\"es\",\"@id\":\"https:\\\/\\\/horecatech.com\\\/es\\\/#\\\/schema\\\/logo\\\/image\\\/\",\"url\":\"https:\\\/\\\/horecatech.com\\\/wp-content\\\/uploads\\\/2022\\\/12\\\/logo-horecatech.png\",\"contentUrl\":\"https:\\\/\\\/horecatech.com\\\/wp-content\\\/uploads\\\/2022\\\/12\\\/logo-horecatech.png\",\"width\":512,\"height\":512,\"caption\":\"Horecatech Srl\"},\"image\":{\"@id\":\"https:\\\/\\\/horecatech.com\\\/es\\\/#\\\/schema\\\/logo\\\/image\\\/\"},\"sameAs\":[\"https:\\\/\\\/www.facebook.com\\\/HorecatechSrl\",\"https:\\\/\\\/www.instagram.com\\\/horecatechofficial\\\/\"]}]}<\/script>\n<!-- \/ Yoast SEO plugin. -->","yoast_head_json":{"title":"Placa de inducc\u00econ digital doble zona 7000W - Horecatech","robots":{"index":"index","follow":"follow","max-snippet":"max-snippet:-1","max-image-preview":"max-image-preview:large","max-video-preview":"max-video-preview:-1"},"canonical":"https:\/\/horecatech.com\/es\/prodotto\/placa-de-induccion-digital-doble-zona-7000w\/","og_locale":"es_ES","og_type":"article","og_title":"Placa de inducc\u00econ digital doble zona 7000W - Horecatech","og_description":"Con Sistema \u201cAhC\u201d, el sistema innovador de control de la absorci\u00f3n de energ\u00eda que optimiza la eficiencia y los costes operativos Potencia m\u00e1xima de fuego frontal 3500W (12 niveles de potencia) Potencia m\u00e1xima de fuego posterior 5000W (15 niveles de potencia) Funci\u00f3n Min\/Max (selecci\u00f3n r\u00e1pida de la potencia m\u00ednima o m\u00e1xima) Funci\u00f3n de bloqueo de [&hellip;]","og_url":"https:\/\/horecatech.com\/es\/prodotto\/placa-de-induccion-digital-doble-zona-7000w\/","og_site_name":"Horecatech","article_publisher":"https:\/\/www.facebook.com\/HorecatechSrl","og_image":[{"width":800,"height":800,"url":"https:\/\/horecatech.com\/wp-content\/uploads\/2025\/03\/RS684_sito.png","type":"image\/png"}],"twitter_card":"summary_large_image","twitter_misc":{"Tiempo de lectura":"1 minuto"},"schema":{"@context":"https:\/\/schema.org","@graph":[{"@type":"WebPage","@id":"https:\/\/horecatech.com\/es\/prodotto\/placa-de-induccion-digital-doble-zona-7000w\/","url":"https:\/\/horecatech.com\/es\/prodotto\/placa-de-induccion-digital-doble-zona-7000w\/","name":"Placa de inducc\u00econ digital doble zona 7000W - Horecatech","isPartOf":{"@id":"https:\/\/horecatech.com\/es\/#website"},"primaryImageOfPage":{"@id":"https:\/\/horecatech.com\/es\/prodotto\/placa-de-induccion-digital-doble-zona-7000w\/#primaryimage"},"image":{"@id":"https:\/\/horecatech.com\/es\/prodotto\/placa-de-induccion-digital-doble-zona-7000w\/#primaryimage"},"thumbnailUrl":"https:\/\/horecatech.com\/wp-content\/uploads\/2025\/03\/RS684_sito.png","datePublished":"2025-03-26T11:38:49+00:00","breadcrumb":{"@id":"https:\/\/horecatech.com\/es\/prodotto\/placa-de-induccion-digital-doble-zona-7000w\/#breadcrumb"},"inLanguage":"es","potentialAction":[{"@type":"ReadAction","target":["https:\/\/horecatech.com\/es\/prodotto\/placa-de-induccion-digital-doble-zona-7000w\/"]}]},{"@type":"ImageObject","inLanguage":"es","@id":"https:\/\/horecatech.com\/es\/prodotto\/placa-de-induccion-digital-doble-zona-7000w\/#primaryimage","url":"https:\/\/horecatech.com\/wp-content\/uploads\/2025\/03\/RS684_sito.png","contentUrl":"https:\/\/horecatech.com\/wp-content\/uploads\/2025\/03\/RS684_sito.png","width":800,"height":800},{"@type":"BreadcrumbList","@id":"https:\/\/horecatech.com\/es\/prodotto\/placa-de-induccion-digital-doble-zona-7000w\/#breadcrumb","itemListElement":[{"@type":"ListItem","position":1,"name":"Home","item":"https:\/\/horecatech.com\/es\/"},{"@type":"ListItem","position":2,"name":"Tienda","item":"https:\/\/horecatech.com\/tienda\/"},{"@type":"ListItem","position":3,"name":"Placa de inducc\u00econ digital doble zona 7000W"}]},{"@type":"WebSite","@id":"https:\/\/horecatech.com\/es\/#website","url":"https:\/\/horecatech.com\/es\/","name":"Horecatech","description":"Il partner di qualit\u00e0 per le tue attrezzature professionali","publisher":{"@id":"https:\/\/horecatech.com\/es\/#organization"},"potentialAction":[{"@type":"SearchAction","target":{"@type":"EntryPoint","urlTemplate":"https:\/\/horecatech.com\/es\/?s={search_term_string}"},"query-input":{"@type":"PropertyValueSpecification","valueRequired":true,"valueName":"search_term_string"}}],"inLanguage":"es"},{"@type":"Organization","@id":"https:\/\/horecatech.com\/es\/#organization","name":"Horecatech Srl","url":"https:\/\/horecatech.com\/es\/","logo":{"@type":"ImageObject","inLanguage":"es","@id":"https:\/\/horecatech.com\/es\/#\/schema\/logo\/image\/","url":"https:\/\/horecatech.com\/wp-content\/uploads\/2022\/12\/logo-horecatech.png","contentUrl":"https:\/\/horecatech.com\/wp-content\/uploads\/2022\/12\/logo-horecatech.png","width":512,"height":512,"caption":"Horecatech Srl"},"image":{"@id":"https:\/\/horecatech.com\/es\/#\/schema\/logo\/image\/"},"sameAs":["https:\/\/www.facebook.com\/HorecatechSrl","https:\/\/www.instagram.com\/horecatechofficial\/"]}]}},"_links":{"self":[{"href":"https:\/\/horecatech.com\/es\/wp-json\/wp\/v2\/product\/11463","targetHints":{"allow":["GET"]}}],"collection":[{"href":"https:\/\/horecatech.com\/es\/wp-json\/wp\/v2\/product"}],"about":[{"href":"https:\/\/horecatech.com\/es\/wp-json\/wp\/v2\/types\/product"}],"replies":[{"embeddable":true,"href":"https:\/\/horecatech.com\/es\/wp-json\/wp\/v2\/comments?post=11463"}],"wp:featuredmedia":[{"embeddable":true,"href":"https:\/\/horecatech.com\/es\/wp-json\/wp\/v2\/media\/11356"}],"wp:attachment":[{"href":"https:\/\/horecatech.com\/es\/wp-json\/wp\/v2\/media?parent=11463"}],"wp:term":[{"taxonomy":"product_brand","embeddable":true,"href":"https:\/\/horecatech.com\/es\/wp-json\/wp\/v2\/product_brand?post=11463"},{"taxonomy":"product_cat","embeddable":true,"href":"https:\/\/horecatech.com\/es\/wp-json\/wp\/v2\/product_cat?post=11463"},{"taxonomy":"product_tag","embeddable":true,"href":"https:\/\/horecatech.com\/es\/wp-json\/wp\/v2\/product_tag?post=11463"}],"curies":[{"name":"wp","href":"https:\/\/api.w.org\/{rel}","templated":true}]}}