{"id":10771,"date":"2023-11-02T09:41:38","date_gmt":"2023-11-02T08:41:38","guid":{"rendered":"https:\/\/horecatech.com\/prodotto\/10771\/"},"modified":"2024-05-22T10:10:01","modified_gmt":"2024-05-22T08:10:01","slug":"10771","status":"publish","type":"product","link":"https:\/\/horecatech.com\/es\/prodotto\/10771\/","title":{"rendered":"M\u00e1quina profesional para c\u00e1psulas ESE de caf\u00e9 \u00abAchille\u00bb"},"content":{"rendered":"<ul>\n<li><b>100% Made in Italy<\/b><\/li>\n<li>Sistema hidr\u00e1ulico autolimpiante patentado<\/li>\n<li>Estructura de acero inoxidable<\/li>\n<li>Dos grupos con encendido independiente para c\u00e1psulas monodosis ESE de 7 g (Diam. 44mm)<\/li>\n<li>Caldera de acero inoxidable de 2 litros<\/li>\n<li>Grupos de intercambio de caf\u00e9 en lat\u00f3n<\/li>\n<li>Termostato electr\u00f3nico<\/li>\n<li>Dos varillas articuladas anti-quemaduras (vapor y agua caliente)<\/li>\n<li>Calentadores de tazas<\/li>\n<li>Barandillas laterales en plexigl\u00e1s<\/li>\n<li>Dos bandejas de goteo<\/li>\n<\/ul>\n<p>CONFIGURACIONES Y ACCESORIOS DISPONIBLES<\/p>\n<ul>\n<li>Conjunto de doble c\u00e1psula ESE de 14 g (Diam. 53mm) para dispensar 2 caf\u00e9s o caf\u00e9 doble<\/li>\n<li>Kit de conexi\u00f3n a red h\u00eddrica<\/li>\n<li>Kit de llenado bandeja desde tanque externo<\/li>\n<li>Caldera de 5 litros<\/li>\n<li>Contador de pulsos mec\u00e1nico<\/li>\n<\/ul>\n","protected":false},"excerpt":{"rendered":"<p>100% Made in Italy Sistema hidr\u00e1ulico autolimpiante patentado Estructura de acero inoxidable Dos grupos con encendido independiente para c\u00e1psulas monodosis ESE de 7 g (Diam. 44mm) Caldera de acero inoxidable de 2 litros Grupos de intercambio de caf\u00e9 en lat\u00f3n Termostato electr\u00f3nico Dos varillas articuladas anti-quemaduras (vapor y agua caliente) Calentadores de tazas Barandillas laterales [&hellip;]<\/p>\n","protected":false},"featured_media":9961,"comment_status":"open","ping_status":"closed","template":"","meta":{"_acf_changed":false},"product_brand":[],"product_cat":[1502,2005],"product_tag":[2112,1410],"class_list":{"0":"post-10771","1":"product","2":"type-product","3":"status-publish","4":"has-post-thumbnail","6":"product_cat-bar-es","7":"product_cat-maquina-profesional-para-cafe","8":"product_tag-made-in-italy-es","9":"product_tag-novedad","10":"pa_capacita-2-l-es","11":"pa_dati-elettrici-230v-50hz-es","12":"pa_dimensione-59-x-48-x-49-h-cm-es","13":"pa_peso-375-kg-es","15":"first","16":"instock","17":"shipping-taxable","18":"product-type-simple"},"acf":[],"yoast_head":"<!-- This site is optimized with the Yoast SEO plugin v27.3 - https:\/\/yoast.com\/product\/yoast-seo-wordpress\/ -->\n<title>M\u00e1quina profesional para c\u00e1psulas ESE de caf\u00e9 &quot;Achille&quot; - Horecatech<\/title>\n<meta name=\"robots\" content=\"index, follow, max-snippet:-1, max-image-preview:large, max-video-preview:-1\" \/>\n<link rel=\"canonical\" href=\"https:\/\/horecatech.com\/es\/prodotto\/10771\/\" \/>\n<meta property=\"og:locale\" content=\"es_ES\" \/>\n<meta property=\"og:type\" content=\"article\" \/>\n<meta property=\"og:title\" content=\"M\u00e1quina profesional para c\u00e1psulas ESE de caf\u00e9 &quot;Achille&quot; - Horecatech\" \/>\n<meta property=\"og:description\" content=\"100% Made in Italy Sistema hidr\u00e1ulico autolimpiante patentado Estructura de acero inoxidable Dos grupos con encendido independiente para c\u00e1psulas monodosis ESE de 7 g (Diam. 44mm) Caldera de acero inoxidable de 2 litros Grupos de intercambio de caf\u00e9 en lat\u00f3n Termostato electr\u00f3nico Dos varillas articuladas anti-quemaduras (vapor y agua caliente) Calentadores de tazas Barandillas laterales [&hellip;]\" \/>\n<meta property=\"og:url\" content=\"https:\/\/horecatech.com\/es\/prodotto\/10771\/\" \/>\n<meta property=\"og:site_name\" content=\"Horecatech\" \/>\n<meta property=\"article:publisher\" content=\"https:\/\/www.facebook.com\/HorecatechSrl\" \/>\n<meta property=\"article:modified_time\" content=\"2024-05-22T08:10:01+00:00\" \/>\n<meta property=\"og:image\" content=\"https:\/\/horecatech.com\/wp-content\/uploads\/2023\/11\/RS675_Macchina-professionale-per-caffe-Achille.png\" \/>\n\t<meta property=\"og:image:width\" content=\"800\" \/>\n\t<meta property=\"og:image:height\" content=\"800\" \/>\n\t<meta property=\"og:image:type\" content=\"image\/png\" \/>\n<meta name=\"twitter:card\" content=\"summary_large_image\" \/>\n<meta name=\"twitter:label1\" content=\"Tiempo de lectura\" \/>\n\t<meta name=\"twitter:data1\" content=\"1 minuto\" \/>\n<script type=\"application\/ld+json\" class=\"yoast-schema-graph\">{\"@context\":\"https:\\\/\\\/schema.org\",\"@graph\":[{\"@type\":\"WebPage\",\"@id\":\"https:\\\/\\\/horecatech.com\\\/es\\\/prodotto\\\/10771\\\/\",\"url\":\"https:\\\/\\\/horecatech.com\\\/es\\\/prodotto\\\/10771\\\/\",\"name\":\"M\u00e1quina profesional para c\u00e1psulas ESE de caf\u00e9 \\\"Achille\\\" - Horecatech\",\"isPartOf\":{\"@id\":\"https:\\\/\\\/horecatech.com\\\/es\\\/#website\"},\"primaryImageOfPage\":{\"@id\":\"https:\\\/\\\/horecatech.com\\\/es\\\/prodotto\\\/10771\\\/#primaryimage\"},\"image\":{\"@id\":\"https:\\\/\\\/horecatech.com\\\/es\\\/prodotto\\\/10771\\\/#primaryimage\"},\"thumbnailUrl\":\"https:\\\/\\\/horecatech.com\\\/wp-content\\\/uploads\\\/2023\\\/11\\\/RS675_Macchina-professionale-per-caffe-Achille.png\",\"datePublished\":\"2023-11-02T08:41:38+00:00\",\"dateModified\":\"2024-05-22T08:10:01+00:00\",\"breadcrumb\":{\"@id\":\"https:\\\/\\\/horecatech.com\\\/es\\\/prodotto\\\/10771\\\/#breadcrumb\"},\"inLanguage\":\"es\",\"potentialAction\":[{\"@type\":\"ReadAction\",\"target\":[\"https:\\\/\\\/horecatech.com\\\/es\\\/prodotto\\\/10771\\\/\"]}]},{\"@type\":\"ImageObject\",\"inLanguage\":\"es\",\"@id\":\"https:\\\/\\\/horecatech.com\\\/es\\\/prodotto\\\/10771\\\/#primaryimage\",\"url\":\"https:\\\/\\\/horecatech.com\\\/wp-content\\\/uploads\\\/2023\\\/11\\\/RS675_Macchina-professionale-per-caffe-Achille.png\",\"contentUrl\":\"https:\\\/\\\/horecatech.com\\\/wp-content\\\/uploads\\\/2023\\\/11\\\/RS675_Macchina-professionale-per-caffe-Achille.png\",\"width\":800,\"height\":800,\"caption\":\"RS675_Macchina professionale per caff\u00e8 Achille\"},{\"@type\":\"BreadcrumbList\",\"@id\":\"https:\\\/\\\/horecatech.com\\\/es\\\/prodotto\\\/10771\\\/#breadcrumb\",\"itemListElement\":[{\"@type\":\"ListItem\",\"position\":1,\"name\":\"Home\",\"item\":\"https:\\\/\\\/horecatech.com\\\/es\\\/\"},{\"@type\":\"ListItem\",\"position\":2,\"name\":\"Tienda\",\"item\":\"https:\\\/\\\/horecatech.com\\\/tienda\\\/\"},{\"@type\":\"ListItem\",\"position\":3,\"name\":\"M\u00e1quina profesional para c\u00e1psulas ESE de caf\u00e9 &#8220;Achille&#8221;\"}]},{\"@type\":\"WebSite\",\"@id\":\"https:\\\/\\\/horecatech.com\\\/es\\\/#website\",\"url\":\"https:\\\/\\\/horecatech.com\\\/es\\\/\",\"name\":\"Horecatech\",\"description\":\"Il partner di qualit\u00e0 per le tue attrezzature professionali\",\"publisher\":{\"@id\":\"https:\\\/\\\/horecatech.com\\\/es\\\/#organization\"},\"potentialAction\":[{\"@type\":\"SearchAction\",\"target\":{\"@type\":\"EntryPoint\",\"urlTemplate\":\"https:\\\/\\\/horecatech.com\\\/es\\\/?s={search_term_string}\"},\"query-input\":{\"@type\":\"PropertyValueSpecification\",\"valueRequired\":true,\"valueName\":\"search_term_string\"}}],\"inLanguage\":\"es\"},{\"@type\":\"Organization\",\"@id\":\"https:\\\/\\\/horecatech.com\\\/es\\\/#organization\",\"name\":\"Horecatech Srl\",\"url\":\"https:\\\/\\\/horecatech.com\\\/es\\\/\",\"logo\":{\"@type\":\"ImageObject\",\"inLanguage\":\"es\",\"@id\":\"https:\\\/\\\/horecatech.com\\\/es\\\/#\\\/schema\\\/logo\\\/image\\\/\",\"url\":\"https:\\\/\\\/horecatech.com\\\/wp-content\\\/uploads\\\/2022\\\/12\\\/logo-horecatech.png\",\"contentUrl\":\"https:\\\/\\\/horecatech.com\\\/wp-content\\\/uploads\\\/2022\\\/12\\\/logo-horecatech.png\",\"width\":512,\"height\":512,\"caption\":\"Horecatech Srl\"},\"image\":{\"@id\":\"https:\\\/\\\/horecatech.com\\\/es\\\/#\\\/schema\\\/logo\\\/image\\\/\"},\"sameAs\":[\"https:\\\/\\\/www.facebook.com\\\/HorecatechSrl\",\"https:\\\/\\\/www.instagram.com\\\/horecatechofficial\\\/\"]}]}<\/script>\n<!-- \/ Yoast SEO plugin. -->","yoast_head_json":{"title":"M\u00e1quina profesional para c\u00e1psulas ESE de caf\u00e9 \"Achille\" - Horecatech","robots":{"index":"index","follow":"follow","max-snippet":"max-snippet:-1","max-image-preview":"max-image-preview:large","max-video-preview":"max-video-preview:-1"},"canonical":"https:\/\/horecatech.com\/es\/prodotto\/10771\/","og_locale":"es_ES","og_type":"article","og_title":"M\u00e1quina profesional para c\u00e1psulas ESE de caf\u00e9 \"Achille\" - Horecatech","og_description":"100% Made in Italy Sistema hidr\u00e1ulico autolimpiante patentado Estructura de acero inoxidable Dos grupos con encendido independiente para c\u00e1psulas monodosis ESE de 7 g (Diam. 44mm) Caldera de acero inoxidable de 2 litros Grupos de intercambio de caf\u00e9 en lat\u00f3n Termostato electr\u00f3nico Dos varillas articuladas anti-quemaduras (vapor y agua caliente) Calentadores de tazas Barandillas laterales [&hellip;]","og_url":"https:\/\/horecatech.com\/es\/prodotto\/10771\/","og_site_name":"Horecatech","article_publisher":"https:\/\/www.facebook.com\/HorecatechSrl","article_modified_time":"2024-05-22T08:10:01+00:00","og_image":[{"width":800,"height":800,"url":"https:\/\/horecatech.com\/wp-content\/uploads\/2023\/11\/RS675_Macchina-professionale-per-caffe-Achille.png","type":"image\/png"}],"twitter_card":"summary_large_image","twitter_misc":{"Tiempo de lectura":"1 minuto"},"schema":{"@context":"https:\/\/schema.org","@graph":[{"@type":"WebPage","@id":"https:\/\/horecatech.com\/es\/prodotto\/10771\/","url":"https:\/\/horecatech.com\/es\/prodotto\/10771\/","name":"M\u00e1quina profesional para c\u00e1psulas ESE de caf\u00e9 \"Achille\" - Horecatech","isPartOf":{"@id":"https:\/\/horecatech.com\/es\/#website"},"primaryImageOfPage":{"@id":"https:\/\/horecatech.com\/es\/prodotto\/10771\/#primaryimage"},"image":{"@id":"https:\/\/horecatech.com\/es\/prodotto\/10771\/#primaryimage"},"thumbnailUrl":"https:\/\/horecatech.com\/wp-content\/uploads\/2023\/11\/RS675_Macchina-professionale-per-caffe-Achille.png","datePublished":"2023-11-02T08:41:38+00:00","dateModified":"2024-05-22T08:10:01+00:00","breadcrumb":{"@id":"https:\/\/horecatech.com\/es\/prodotto\/10771\/#breadcrumb"},"inLanguage":"es","potentialAction":[{"@type":"ReadAction","target":["https:\/\/horecatech.com\/es\/prodotto\/10771\/"]}]},{"@type":"ImageObject","inLanguage":"es","@id":"https:\/\/horecatech.com\/es\/prodotto\/10771\/#primaryimage","url":"https:\/\/horecatech.com\/wp-content\/uploads\/2023\/11\/RS675_Macchina-professionale-per-caffe-Achille.png","contentUrl":"https:\/\/horecatech.com\/wp-content\/uploads\/2023\/11\/RS675_Macchina-professionale-per-caffe-Achille.png","width":800,"height":800,"caption":"RS675_Macchina professionale per caff\u00e8 Achille"},{"@type":"BreadcrumbList","@id":"https:\/\/horecatech.com\/es\/prodotto\/10771\/#breadcrumb","itemListElement":[{"@type":"ListItem","position":1,"name":"Home","item":"https:\/\/horecatech.com\/es\/"},{"@type":"ListItem","position":2,"name":"Tienda","item":"https:\/\/horecatech.com\/tienda\/"},{"@type":"ListItem","position":3,"name":"M\u00e1quina profesional para c\u00e1psulas ESE de caf\u00e9 &#8220;Achille&#8221;"}]},{"@type":"WebSite","@id":"https:\/\/horecatech.com\/es\/#website","url":"https:\/\/horecatech.com\/es\/","name":"Horecatech","description":"Il partner di qualit\u00e0 per le tue attrezzature professionali","publisher":{"@id":"https:\/\/horecatech.com\/es\/#organization"},"potentialAction":[{"@type":"SearchAction","target":{"@type":"EntryPoint","urlTemplate":"https:\/\/horecatech.com\/es\/?s={search_term_string}"},"query-input":{"@type":"PropertyValueSpecification","valueRequired":true,"valueName":"search_term_string"}}],"inLanguage":"es"},{"@type":"Organization","@id":"https:\/\/horecatech.com\/es\/#organization","name":"Horecatech Srl","url":"https:\/\/horecatech.com\/es\/","logo":{"@type":"ImageObject","inLanguage":"es","@id":"https:\/\/horecatech.com\/es\/#\/schema\/logo\/image\/","url":"https:\/\/horecatech.com\/wp-content\/uploads\/2022\/12\/logo-horecatech.png","contentUrl":"https:\/\/horecatech.com\/wp-content\/uploads\/2022\/12\/logo-horecatech.png","width":512,"height":512,"caption":"Horecatech Srl"},"image":{"@id":"https:\/\/horecatech.com\/es\/#\/schema\/logo\/image\/"},"sameAs":["https:\/\/www.facebook.com\/HorecatechSrl","https:\/\/www.instagram.com\/horecatechofficial\/"]}]}},"_links":{"self":[{"href":"https:\/\/horecatech.com\/es\/wp-json\/wp\/v2\/product\/10771","targetHints":{"allow":["GET"]}}],"collection":[{"href":"https:\/\/horecatech.com\/es\/wp-json\/wp\/v2\/product"}],"about":[{"href":"https:\/\/horecatech.com\/es\/wp-json\/wp\/v2\/types\/product"}],"replies":[{"embeddable":true,"href":"https:\/\/horecatech.com\/es\/wp-json\/wp\/v2\/comments?post=10771"}],"wp:featuredmedia":[{"embeddable":true,"href":"https:\/\/horecatech.com\/es\/wp-json\/wp\/v2\/media\/9961"}],"wp:attachment":[{"href":"https:\/\/horecatech.com\/es\/wp-json\/wp\/v2\/media?parent=10771"}],"wp:term":[{"taxonomy":"product_brand","embeddable":true,"href":"https:\/\/horecatech.com\/es\/wp-json\/wp\/v2\/product_brand?post=10771"},{"taxonomy":"product_cat","embeddable":true,"href":"https:\/\/horecatech.com\/es\/wp-json\/wp\/v2\/product_cat?post=10771"},{"taxonomy":"product_tag","embeddable":true,"href":"https:\/\/horecatech.com\/es\/wp-json\/wp\/v2\/product_tag?post=10771"}],"curies":[{"name":"wp","href":"https:\/\/api.w.org\/{rel}","templated":true}]}}